{"id":40604,"date":"2026-02-16T16:01:40","date_gmt":"2026-02-16T16:01:40","guid":{"rendered":"https:\/\/lubricantesauto.com\/?post_type=product&#038;p=40604"},"modified":"2026-02-16T16:02:55","modified_gmt":"2026-02-16T16:02:55","slug":"motul-5100-4t-10w40-1-l","status":"publish","type":"product","link":"https:\/\/lubricantesauto.com\/en\/product\/motul-5100-4t-10w40-1-l\/","title":{"rendered":"MOTUL 5100 4T 10W40 1 L"},"content":{"rendered":"<h1 data-start=\"1442\" data-end=\"1475\">Aceite Motul 5100 10W40 4T 1L<\/h1>\n<p data-start=\"1477\" data-end=\"1795\">El <strong data-start=\"1480\" data-end=\"1506\">Motul 5100 10W40 4T 1L<\/strong> es un lubricante <strong data-start=\"1524\" data-end=\"1541\">semisint\u00e9tico<\/strong> desarrollado para ofrecer una excelente <strong data-start=\"1582\" data-end=\"1637\">protecci\u00f3n del motor, transmisi\u00f3n y embrague h\u00famedo<\/strong> en motos de 4 tiempos. Su tecnolog\u00eda basada en <strong data-start=\"1685\" data-end=\"1726\">Ester y aditivos de \u00faltima generaci\u00f3n<\/strong> garantiza un rendimiento \u00f3ptimo tanto en ciudad como en carretera.<\/p>\n<hr data-start=\"1797\" data-end=\"1800\" \/>\n<h2 data-start=\"1802\" data-end=\"1849\">Lubricaci\u00f3n estable y rendimiento duradero<\/h2>\n<p data-start=\"1851\" data-end=\"2126\">Gracias a su composici\u00f3n avanzada, el <strong data-start=\"1889\" data-end=\"1909\">Motul 5100 10W40<\/strong> mantiene una pel\u00edcula lubricante resistente incluso a altas temperaturas. Esto proporciona una <strong data-start=\"2005\" data-end=\"2048\">excelente protecci\u00f3n contra el desgaste<\/strong>, mejora el control del embrague y asegura <strong data-start=\"2091\" data-end=\"2123\">cambios de marcha m\u00e1s suaves<\/strong>.<\/p>\n<p data-start=\"2128\" data-end=\"2334\">Su viscosidad 10W40 ofrece un <strong data-start=\"2158\" data-end=\"2205\">equilibrio ideal entre protecci\u00f3n y fluidez<\/strong>, facilitando el arranque en fr\u00edo y manteniendo la estabilidad del aceite incluso en trayectos largos o en conducci\u00f3n exigente.<\/p>\n<hr data-start=\"2336\" data-end=\"2339\" \/>\n<h2 data-start=\"2341\" data-end=\"2393\">Protecci\u00f3n completa para el motor y el embrague<\/h2>\n<p data-start=\"2395\" data-end=\"2684\">El Motul 5100 cumple con las especificaciones <strong data-start=\"2441\" data-end=\"2453\">JASO MA2<\/strong> y <strong data-start=\"2456\" data-end=\"2466\">API SN<\/strong>, garantizando la compatibilidad con <strong data-start=\"2503\" data-end=\"2524\">embragues h\u00famedos<\/strong> y una fricci\u00f3n perfectamente controlada. Esto significa <strong data-start=\"2581\" data-end=\"2633\">mayor fiabilidad y mejor sensaci\u00f3n de conducci\u00f3n<\/strong>, tanto en motos deportivas como touring o trail.<\/p>\n<p data-start=\"2686\" data-end=\"2831\">Adem\u00e1s, su formulaci\u00f3n reduce la oxidaci\u00f3n y la formaci\u00f3n de dep\u00f3sitos, manteniendo el motor <strong data-start=\"2779\" data-end=\"2805\">m\u00e1s limpio y eficiente<\/strong> durante m\u00e1s kil\u00f3metros.<\/p>\n<hr data-start=\"2833\" data-end=\"2836\" \/>\n<h2 data-start=\"2838\" data-end=\"2865\">Principales beneficios<\/h2>\n<ul data-start=\"2867\" data-end=\"3157\">\n<li data-start=\"2867\" data-end=\"2929\">\n<p data-start=\"2869\" data-end=\"2929\">\u2705 Aceite <strong data-start=\"2878\" data-end=\"2911\">semisint\u00e9tico de alta calidad<\/strong> con base Ester.<\/p>\n<\/li>\n<li data-start=\"2930\" data-end=\"2991\">\n<p data-start=\"2932\" data-end=\"2991\">\u2705 Protecci\u00f3n total del motor, caja de cambios y embrague.<\/p>\n<\/li>\n<li data-start=\"2992\" data-end=\"3049\">\n<p data-start=\"2994\" data-end=\"3049\">\u2705 Arranques en fr\u00edo m\u00e1s f\u00e1ciles y cambios m\u00e1s suaves.<\/p>\n<\/li>\n<li data-start=\"3050\" data-end=\"3100\">\n<p data-start=\"3052\" data-end=\"3100\">\u2705 Cumple con las normas <strong data-start=\"3076\" data-end=\"3097\">API SN \/ JASO MA2<\/strong>.<\/p>\n<\/li>\n<li data-start=\"3101\" data-end=\"3157\">\n<p data-start=\"3103\" data-end=\"3157\">\u2705 Apto para motos de carretera, trail y scooters 4T.<\/p>\n<\/li>\n<\/ul>\n<hr data-start=\"3159\" data-end=\"3162\" \/>\n<h2 data-start=\"3164\" data-end=\"3194\">Especificaciones t\u00e9cnicas<\/h2>\n<ul data-start=\"3196\" data-end=\"3328\">\n<li data-start=\"3196\" data-end=\"3221\">\n<p data-start=\"3198\" data-end=\"3221\"><strong data-start=\"3198\" data-end=\"3213\">Viscosidad:<\/strong> 10W40<\/p>\n<\/li>\n<li data-start=\"3222\" data-end=\"3267\">\n<p data-start=\"3224\" data-end=\"3267\"><strong data-start=\"3224\" data-end=\"3233\">Tipo:<\/strong> Semisint\u00e9tico (Technosynthese\u00ae)<\/p>\n<\/li>\n<li data-start=\"3268\" data-end=\"3301\">\n<p data-start=\"3270\" data-end=\"3301\"><strong data-start=\"3270\" data-end=\"3281\">Normas:<\/strong> API SN \u2013 JASO MA2<\/p>\n<\/li>\n<li data-start=\"3302\" data-end=\"3328\">\n<p data-start=\"3304\" data-end=\"3328\"><strong data-start=\"3304\" data-end=\"3318\">Capacidad:<\/strong> 1 litro<\/p>\n<\/li>\n<\/ul>\n<hr data-start=\"3330\" data-end=\"3333\" \/>\n<h2 data-start=\"3335\" data-end=\"3367\">Enlace oficial del producto<\/h2>\n<p data-start=\"3369\" data-end=\"3531\">\ud83d\udd17 <strong data-start=\"3372\" data-end=\"3419\">M\u00e1s informaci\u00f3n en la web oficial de Motul:<\/strong><br data-start=\"3419\" data-end=\"3422\" \/>\ud83d\udc49 <a class=\"decorated-link cursor-pointer\" target=\"_new\" rel=\"noopener\" data-start=\"3425\" data-end=\"3529\">https:\/\/www.motul.com\/es\/es\/products\/5100-4t-10w40<\/a><\/p>\n<hr data-start=\"3533\" data-end=\"3536\" \/>\n<h2 data-start=\"3538\" data-end=\"3553\">Conclusi\u00f3n<\/h2>\n<p data-start=\"3555\" data-end=\"3855\">El <strong data-start=\"3558\" data-end=\"3584\">Motul 5100 10W40 4T 1L<\/strong> combina la fiabilidad de un aceite semisint\u00e9tico con la tecnolog\u00eda avanzada de Motul para garantizar <strong data-start=\"3686\" data-end=\"3725\">rendimiento, limpieza y durabilidad<\/strong>. Es la opci\u00f3n perfecta para motoristas que buscan un lubricante equilibrado, con excelente protecci\u00f3n y tacto suave del cambio.<\/p>\n<p data-start=\"3857\" data-end=\"3996\">Disponible en <strong data-start=\"3871\" data-end=\"3925\"><a class=\"decorated-link\" href=\"https:\/\/lubricantesauto.com\/en\/\" target=\"_new\" rel=\"noopener\" data-start=\"3873\" data-end=\"3923\">lubricantesauto.com<\/a><\/strong>, tu tienda especializada en aceites y lubricantes premium para moto.<\/p>","protected":false},"excerpt":{"rendered":"<p><strong data-start=\"1012\" data-end=\"1038\">Motul 5100 10W40 4T 1L<\/strong> es un aceite <strong data-start=\"1052\" data-end=\"1069\">semisint\u00e9tico<\/strong> dise\u00f1ado para motos de 4 tiempos. Ofrece una <strong data-start=\"1115\" data-end=\"1176\">protecci\u00f3n superior del motor, caja de cambios y embrague<\/strong>, garantizando un rendimiento estable y una conducci\u00f3n m\u00e1s suave. Ideal para <strong data-start=\"1253\" data-end=\"1293\">motos de carretera, trail o scooters<\/strong> que requieran un aceite fiable y de calidad.<\/p>","protected":false},"featured_media":40429,"comment_status":"open","ping_status":"closed","template":"","meta":[],"product_brand":[332],"product_cat":[322,331,321],"product_tag":[],"class_list":{"0":"post-40604","1":"product","2":"type-product","3":"status-publish","4":"has-post-thumbnail","6":"product_brand-motul","7":"product_cat-10w40","8":"product_cat-4-tiempos","9":"product_cat-aceites-de-motor","11":"first","12":"instock","13":"purchasable","14":"product-type-simple"},"_links":{"self":[{"href":"https:\/\/lubricantesauto.com\/en\/wp-json\/wp\/v2\/product\/40604","targetHints":{"allow":["GET"]}}],"collection":[{"href":"https:\/\/lubricantesauto.com\/en\/wp-json\/wp\/v2\/product"}],"about":[{"href":"https:\/\/lubricantesauto.com\/en\/wp-json\/wp\/v2\/types\/product"}],"replies":[{"embeddable":true,"href":"https:\/\/lubricantesauto.com\/en\/wp-json\/wp\/v2\/comments?post=40604"}],"wp:featuredmedia":[{"embeddable":true,"href":"https:\/\/lubricantesauto.com\/en\/wp-json\/wp\/v2\/media\/40429"}],"wp:attachment":[{"href":"https:\/\/lubricantesauto.com\/en\/wp-json\/wp\/v2\/media?parent=40604"}],"wp:term":[{"taxonomy":"product_brand","embeddable":true,"href":"https:\/\/lubricantesauto.com\/en\/wp-json\/wp\/v2\/product_brand?post=40604"},{"taxonomy":"product_cat","embeddable":true,"href":"https:\/\/lubricantesauto.com\/en\/wp-json\/wp\/v2\/product_cat?post=40604"},{"taxonomy":"product_tag","embeddable":true,"href":"https:\/\/lubricantesauto.com\/en\/wp-json\/wp\/v2\/product_tag?post=40604"}],"curies":[{"name":"wp","href":"https:\/\/api.w.org\/{rel}","templated":true}]}}