{"id":40603,"date":"2026-02-16T16:01:40","date_gmt":"2026-02-16T16:01:40","guid":{"rendered":"https:\/\/lubricantesauto.com\/?post_type=product&#038;p=40603"},"modified":"2026-02-16T16:02:55","modified_gmt":"2026-02-16T16:02:55","slug":"motul-7100-10w40-4t-1-l","status":"publish","type":"product","link":"https:\/\/lubricantesauto.com\/en\/product\/motul-7100-10w40-4t-1-l\/","title":{"rendered":"MOTUL 7100 10W40 4T 1 L"},"content":{"rendered":"<h1 data-start=\"1420\" data-end=\"1453\">Aceite Motul 7100 10W40 4T 1L<\/h1>\n<p data-start=\"1455\" data-end=\"1775\">El <strong data-start=\"1458\" data-end=\"1484\">Motul 7100 10W40 4T 1L<\/strong> es un lubricante <strong data-start=\"1502\" data-end=\"1521\">100 % sint\u00e9tico<\/strong> desarrollado con tecnolog\u00eda <strong data-start=\"1550\" data-end=\"1559\">Ester<\/strong> para ofrecer la m\u00e1xima protecci\u00f3n y rendimiento a los motores de motocicletas de 4 tiempos. Es la elecci\u00f3n perfecta para quienes buscan un aceite que garantice <strong data-start=\"1720\" data-end=\"1772\">potencia, fiabilidad y larga vida \u00fatil del motor<\/strong>.<\/p>\n<hr data-start=\"1777\" data-end=\"1780\" \/>\n<h2 data-start=\"1782\" data-end=\"1826\">Tecnolog\u00eda Ester y rendimiento superior<\/h2>\n<p data-start=\"1828\" data-end=\"2129\">La tecnolog\u00eda <strong data-start=\"1842\" data-end=\"1857\">Ester Core\u00ae<\/strong> de Motul mejora la resistencia del aceite a altas temperaturas y reduce la fricci\u00f3n interna del motor. Esto se traduce en una <strong data-start=\"1984\" data-end=\"2023\">respuesta m\u00e1s r\u00e1pida del acelerador<\/strong>, un funcionamiento m\u00e1s suave y una protecci\u00f3n duradera incluso bajo condiciones extremas de conducci\u00f3n.<\/p>\n<p data-start=\"2131\" data-end=\"2306\">Adem\u00e1s, su f\u00f3rmula avanzada minimiza el consumo de aceite y mantiene una pel\u00edcula lubricante estable, proporcionando <strong data-start=\"2248\" data-end=\"2288\">m\u00e1xima protecci\u00f3n contra el desgaste<\/strong> y la oxidaci\u00f3n.<\/p>\n<hr data-start=\"2308\" data-end=\"2311\" \/>\n<h2 data-start=\"2313\" data-end=\"2372\">Protecci\u00f3n total del motor, caja de cambios y embrague<\/h2>\n<p data-start=\"2374\" data-end=\"2670\">El <strong data-start=\"2377\" data-end=\"2400\">Motul 7100 10W40 4T<\/strong> cumple las especificaciones <strong data-start=\"2429\" data-end=\"2441\">JASO MA2<\/strong> y <strong data-start=\"2444\" data-end=\"2454\">API SN<\/strong>, garantizando una <strong data-start=\"2473\" data-end=\"2524\">\u00f3ptima compatibilidad con los embragues h\u00famedos<\/strong>.<br data-start=\"2525\" data-end=\"2528\" \/>Evita el deslizamiento del embrague y asegura <strong data-start=\"2574\" data-end=\"2613\">cambios de marcha precisos y suaves<\/strong>, incluso en trayectos prolongados o de alta exigencia.<\/p>\n<p data-start=\"2672\" data-end=\"2826\">Este aceite es ideal tanto para <strong data-start=\"2704\" data-end=\"2739\">motos deportivas y de carretera<\/strong>, como para <strong data-start=\"2751\" data-end=\"2799\">trail, enduro o scooters de alto rendimiento<\/strong> que utilicen motores 4T.<\/p>\n<hr data-start=\"2828\" data-end=\"2831\" \/>\n<h2 data-start=\"2833\" data-end=\"2860\">Principales beneficios<\/h2>\n<ul data-start=\"2862\" data-end=\"3158\">\n<li data-start=\"2862\" data-end=\"2926\">\n<p data-start=\"2864\" data-end=\"2926\">\u2705 Lubricante <strong data-start=\"2877\" data-end=\"2924\">100 % sint\u00e9tico con tecnolog\u00eda Ester Core\u00ae.<\/strong><\/p>\n<\/li>\n<li data-start=\"2927\" data-end=\"2992\">\n<p data-start=\"2929\" data-end=\"2992\">\u2705 Excelente protecci\u00f3n del motor, embrague y caja de cambios.<\/p>\n<\/li>\n<li data-start=\"2993\" data-end=\"3050\">\n<p data-start=\"2995\" data-end=\"3050\">\u2705 Mejora la estabilidad t\u00e9rmica y reduce la fricci\u00f3n.<\/p>\n<\/li>\n<li data-start=\"3051\" data-end=\"3097\">\n<p data-start=\"3053\" data-end=\"3097\">\u2705 Cumple con normas <strong data-start=\"3073\" data-end=\"3094\">JASO MA2 \/ API SN<\/strong>.<\/p>\n<\/li>\n<li data-start=\"3098\" data-end=\"3158\">\n<p data-start=\"3100\" data-end=\"3158\">\u2705 Recomendado para motos de carretera, trail y scooters.<\/p>\n<\/li>\n<\/ul>\n<hr data-start=\"3160\" data-end=\"3163\" \/>\n<h2 data-start=\"3165\" data-end=\"3195\">Especificaciones t\u00e9cnicas<\/h2>\n<ul data-start=\"3197\" data-end=\"3323\">\n<li data-start=\"3197\" data-end=\"3222\">\n<p data-start=\"3199\" data-end=\"3222\">Viscosidad: <strong data-start=\"3211\" data-end=\"3220\">10W40<\/strong><\/p>\n<\/li>\n<li data-start=\"3223\" data-end=\"3252\">\n<p data-start=\"3225\" data-end=\"3252\">Tipo: <strong data-start=\"3231\" data-end=\"3250\">100 % sint\u00e9tico<\/strong><\/p>\n<\/li>\n<li data-start=\"3253\" data-end=\"3296\">\n<p data-start=\"3255\" data-end=\"3296\">Normas: <strong data-start=\"3263\" data-end=\"3294\">API SN \/ SM \/ SL \u2013 JASO MA2<\/strong><\/p>\n<\/li>\n<li data-start=\"3297\" data-end=\"3323\">\n<p data-start=\"3299\" data-end=\"3323\">Capacidad: <strong data-start=\"3310\" data-end=\"3321\">1 litro<\/strong><\/p>\n<\/li>\n<\/ul>\n<hr data-start=\"3325\" data-end=\"3328\" \/>\n<h2 data-start=\"3330\" data-end=\"3362\">Enlace oficial del producto<\/h2>\n<p data-start=\"3364\" data-end=\"3524\">\ud83d\udd17 <strong data-start=\"3367\" data-end=\"3414\">M\u00e1s informaci\u00f3n en la web oficial de Motul:<\/strong><br data-start=\"3414\" data-end=\"3417\" \/>\ud83d\udc49 <a class=\"decorated-link cursor-pointer\" target=\"_new\" rel=\"noopener\" data-start=\"3420\" data-end=\"3524\">https:\/\/www.motul.com<\/a><\/p>\n<hr data-start=\"3526\" data-end=\"3529\" \/>\n<h2 data-start=\"3531\" data-end=\"3546\">Conclusi\u00f3n<\/h2>\n<p data-start=\"3548\" data-end=\"3774\">El <strong data-start=\"3551\" data-end=\"3577\">Motul 7100 10W40 4T 1L<\/strong> es una opci\u00f3n de referencia para los motoristas que buscan <strong data-start=\"3637\" data-end=\"3681\">m\u00e1xima fiabilidad y rendimiento superior<\/strong>. Su avanzada f\u00f3rmula sint\u00e9tica protege el motor y garantiza una conducci\u00f3n suave y segura.<\/p>\n<p data-start=\"3776\" data-end=\"3924\">Encu\u00e9ntralo en <strong data-start=\"3791\" data-end=\"3845\"><a class=\"decorated-link\" href=\"https:\/\/lubricantesauto.com\/en\/\" target=\"_new\" rel=\"noopener\" data-start=\"3793\" data-end=\"3843\">lubricantesauto.com<\/a><\/strong>, tu tienda especializada en aceites y lubricantes premium para motocicletas.<\/p>","protected":false},"excerpt":{"rendered":"<p>Aceite Motul 7100 10W40 4T 1L El Motul 7100 10W40 4T 1L es un lubricante 100 % sint\u00e9tico desarrollado con tecnolog\u00eda Ester para ofrecer la m\u00e1xima protecci\u00f3n y rendimiento a&hellip;<\/p>","protected":false},"featured_media":40428,"comment_status":"open","ping_status":"closed","template":"","meta":[],"product_brand":[332],"product_cat":[322,331,321],"product_tag":[],"class_list":{"0":"post-40603","1":"product","2":"type-product","3":"status-publish","4":"has-post-thumbnail","6":"product_brand-motul","7":"product_cat-10w40","8":"product_cat-4-tiempos","9":"product_cat-aceites-de-motor","11":"first","12":"instock","13":"purchasable","14":"product-type-simple"},"_links":{"self":[{"href":"https:\/\/lubricantesauto.com\/en\/wp-json\/wp\/v2\/product\/40603","targetHints":{"allow":["GET"]}}],"collection":[{"href":"https:\/\/lubricantesauto.com\/en\/wp-json\/wp\/v2\/product"}],"about":[{"href":"https:\/\/lubricantesauto.com\/en\/wp-json\/wp\/v2\/types\/product"}],"replies":[{"embeddable":true,"href":"https:\/\/lubricantesauto.com\/en\/wp-json\/wp\/v2\/comments?post=40603"}],"wp:featuredmedia":[{"embeddable":true,"href":"https:\/\/lubricantesauto.com\/en\/wp-json\/wp\/v2\/media\/40428"}],"wp:attachment":[{"href":"https:\/\/lubricantesauto.com\/en\/wp-json\/wp\/v2\/media?parent=40603"}],"wp:term":[{"taxonomy":"product_brand","embeddable":true,"href":"https:\/\/lubricantesauto.com\/en\/wp-json\/wp\/v2\/product_brand?post=40603"},{"taxonomy":"product_cat","embeddable":true,"href":"https:\/\/lubricantesauto.com\/en\/wp-json\/wp\/v2\/product_cat?post=40603"},{"taxonomy":"product_tag","embeddable":true,"href":"https:\/\/lubricantesauto.com\/en\/wp-json\/wp\/v2\/product_tag?post=40603"}],"curies":[{"name":"wp","href":"https:\/\/api.w.org\/{rel}","templated":true}]}}