{"id":40585,"date":"2026-02-16T16:01:07","date_gmt":"2026-02-16T16:01:07","guid":{"rendered":"https:\/\/lubricantesauto.com\/?post_type=product&#038;p=40585"},"modified":"2026-02-16T16:02:55","modified_gmt":"2026-02-16T16:02:55","slug":"repsol-elite-evolution-c3-5w40-5l","status":"publish","type":"product","link":"https:\/\/lubricantesauto.com\/en\/product\/repsol-elite-evolution-c3-5w40-5l\/","title":{"rendered":"REPSOL ELITE EVOLUTION C3 5W40 5L"},"content":{"rendered":"<h1 data-start=\"376\" data-end=\"444\">REPSOL ELITE EVOLUTION C3 5W40 \u2013 Aceite sint\u00e9tico de alto rendimiento<\/h1>\n<p data-start=\"446\" data-end=\"924\">REPSOL ELITE EVOLUTION C3 5W40 5L es un <strong data-start=\"484\" data-end=\"536\">aceite lubricante sint\u00e9tico de \u00faltima generaci\u00f3n<\/strong>, desarrollado para motores <strong data-start=\"564\" data-end=\"585\">gasolina y di\u00e9sel<\/strong> con o sin filtro de part\u00edculas (<strong data-start=\"618\" data-end=\"625\">DPF<\/strong>). Su avanzada f\u00f3rmula ofrece <strong data-start=\"655\" data-end=\"700\">m\u00e1xima protecci\u00f3n, limpieza y rendimiento<\/strong>, incluso en las condiciones m\u00e1s exigentes.<br data-start=\"743\" data-end=\"746\" \/>Fabricado por <strong data-start=\"760\" data-end=\"770\">Repsol<\/strong>, l\u00edder mundial en lubricantes y energ\u00eda, este aceite est\u00e1 dise\u00f1ado para cumplir las normativas europeas m\u00e1s estrictas en cuanto a emisiones y eficiencia.<\/p>\n<hr data-start=\"926\" data-end=\"929\" \/>\n<h2 data-start=\"931\" data-end=\"964\">\u2699\ufe0f Caracter\u00edsticas principales<\/h2>\n<ul data-start=\"966\" data-end=\"1220\">\n<li data-start=\"966\" data-end=\"990\">\n<p data-start=\"968\" data-end=\"990\"><strong data-start=\"968\" data-end=\"983\">Viscosidad:<\/strong> 5W40<\/p>\n<\/li>\n<li data-start=\"991\" data-end=\"1025\">\n<p data-start=\"993\" data-end=\"1025\"><strong data-start=\"993\" data-end=\"1008\">Tecnolog\u00eda:<\/strong> 100% sint\u00e9tico<\/p>\n<\/li>\n<li data-start=\"1026\" data-end=\"1064\">\n<p data-start=\"1028\" data-end=\"1064\"><strong data-start=\"1028\" data-end=\"1043\">Normativas:<\/strong> ACEA C3, API SN\/CF<\/p>\n<\/li>\n<li data-start=\"1065\" data-end=\"1134\">\n<p data-start=\"1067\" data-end=\"1134\"><strong data-start=\"1067\" data-end=\"1086\">Homologaciones:<\/strong> MB 229.51, BMW LL-04, VW 502.00\/505.00\/505.01<\/p>\n<\/li>\n<li data-start=\"1135\" data-end=\"1220\">\n<p data-start=\"1137\" data-end=\"1220\"><strong data-start=\"1137\" data-end=\"1156\">Compatibilidad:<\/strong> motores gasolina y di\u00e9sel, especialmente con sistemas DPF\/FAP<\/p>\n<\/li>\n<\/ul>\n<p data-start=\"1222\" data-end=\"1489\">El <strong data-start=\"1225\" data-end=\"1253\">Repsol Evolution C3 5W40<\/strong> ofrece una <strong data-start=\"1265\" data-end=\"1298\">excelente estabilidad t\u00e9rmica<\/strong>, manteniendo sus propiedades a altas temperaturas y garantizando un arranque suave en climas fr\u00edos. Su composici\u00f3n reduce la formaci\u00f3n de dep\u00f3sitos y mantiene el motor limpio por m\u00e1s tiempo.<\/p>\n<hr data-start=\"1491\" data-end=\"1494\" \/>\n<h2 data-start=\"1496\" data-end=\"1541\">\ud83d\ude97 Beneficios del REPSOL ELITE EVOLUTION C3 5W40<\/h2>\n<ul data-start=\"1543\" data-end=\"1865\">\n<li data-start=\"1543\" data-end=\"1601\">\n<p data-start=\"1545\" data-end=\"1601\">Mayor <strong data-start=\"1551\" data-end=\"1584\">protecci\u00f3n frente al desgaste<\/strong> y la fricci\u00f3n.<\/p>\n<\/li>\n<li data-start=\"1602\" data-end=\"1660\">\n<p data-start=\"1604\" data-end=\"1660\">Prolonga la <strong data-start=\"1616\" data-end=\"1639\">vida \u00fatil del motor<\/strong> y del catalizador.<\/p>\n<\/li>\n<li data-start=\"1661\" data-end=\"1728\">\n<p data-start=\"1663\" data-end=\"1728\">Reduce el consumo de combustible y las emisiones contaminantes.<\/p>\n<\/li>\n<li data-start=\"1729\" data-end=\"1809\">\n<p data-start=\"1731\" data-end=\"1809\">Cumple con los est\u00e1ndares exigidos por los principales fabricantes europeos.<\/p>\n<\/li>\n<li data-start=\"1810\" data-end=\"1865\">\n<p data-start=\"1812\" data-end=\"1865\">Ideal para <strong data-start=\"1823\" data-end=\"1862\">turismos, SUVs y furgonetas ligeras<\/strong>.<\/p>\n<\/li>\n<\/ul>\n<hr data-start=\"1867\" data-end=\"1870\" \/>\n<h2 data-start=\"1872\" data-end=\"1903\">\ud83d\udd0d Especificaciones t\u00e9cnicas<\/h2>\n<div class=\"_tableContainer_1rjym_1\">\n<div class=\"group _tableWrapper_1rjym_13 flex w-fit flex-col-reverse\" tabindex=\"-1\">\n<table class=\"w-fit min-w-(--thread-content-width)\" data-start=\"1905\" data-end=\"2160\">\n<thead data-start=\"1905\" data-end=\"1937\">\n<tr data-start=\"1905\" data-end=\"1937\">\n<th data-start=\"1905\" data-end=\"1917\" data-col-size=\"sm\">Propiedad<\/th>\n<th data-start=\"1917\" data-end=\"1937\" data-col-size=\"sm\">Valor aproximado<\/th>\n<\/tr>\n<\/thead>\n<tbody data-start=\"1972\" data-end=\"2160\">\n<tr data-start=\"1972\" data-end=\"1997\">\n<td data-start=\"1972\" data-end=\"1989\" data-col-size=\"sm\">Viscosidad SAE<\/td>\n<td data-col-size=\"sm\" data-start=\"1989\" data-end=\"1997\">5W40<\/td>\n<\/tr>\n<tr data-start=\"1998\" data-end=\"2031\">\n<td data-start=\"1998\" data-end=\"2016\" data-col-size=\"sm\">Densidad a 15\u00b0C<\/td>\n<td data-col-size=\"sm\" data-start=\"2016\" data-end=\"2031\">0.850 g\/cm\u00b3<\/td>\n<\/tr>\n<tr data-start=\"2032\" data-end=\"2065\">\n<td data-start=\"2032\" data-end=\"2053\" data-col-size=\"sm\">Viscosidad a 100\u00b0C<\/td>\n<td data-col-size=\"sm\" data-start=\"2053\" data-end=\"2065\">13.9 cSt<\/td>\n<\/tr>\n<tr data-start=\"2066\" data-end=\"2096\">\n<td data-start=\"2066\" data-end=\"2089\" data-col-size=\"sm\">\u00cdndice de viscosidad<\/td>\n<td data-col-size=\"sm\" data-start=\"2089\" data-end=\"2096\">170<\/td>\n<\/tr>\n<tr data-start=\"2097\" data-end=\"2130\">\n<td data-start=\"2097\" data-end=\"2120\" data-col-size=\"sm\">Punto de inflamaci\u00f3n<\/td>\n<td data-col-size=\"sm\" data-start=\"2120\" data-end=\"2130\">220 \u00b0C<\/td>\n<\/tr>\n<tr data-start=\"2131\" data-end=\"2160\">\n<td data-start=\"2131\" data-end=\"2150\" data-col-size=\"sm\">Punto de fluidez<\/td>\n<td data-col-size=\"sm\" data-start=\"2150\" data-end=\"2160\">-39 \u00b0C<\/td>\n<\/tr>\n<\/tbody>\n<\/table>\n<\/div>\n<\/div>\n<p data-start=\"2162\" data-end=\"2288\"><em data-start=\"2162\" data-end=\"2286\">(Datos extra\u00eddos del <a class=\"decorated-link cursor-pointer\" target=\"_new\" rel=\"noopener\" data-start=\"2184\" data-end=\"2284\">sitio oficial de Repsol Lubricantes<\/a>)<\/em><\/p>\n<hr data-start=\"2290\" data-end=\"2293\" \/>\n<h2 data-start=\"2295\" data-end=\"2326\">\ud83e\uddf0 Aplicaciones recomendadas del REPSOL ELITE EVOLUTION C3 5W40<\/h2>\n<p data-start=\"2328\" data-end=\"2534\">El REPSOL ELITE EVOLUTION C3 5W40\u00a0est\u00e1 indicado para veh\u00edculos de <strong data-start=\"2392\" data-end=\"2460\">BMW, Mercedes-Benz, Volkswagen, Audi, Seat, Skoda, Kia y Hyundai<\/strong>, entre otros, que requieran lubricantes con especificaci\u00f3n <strong data-start=\"2520\" data-end=\"2531\">ACEA C3<\/strong>.<\/p>\n<p data-start=\"2536\" data-end=\"2697\">Tambi\u00e9n es perfecto para <strong data-start=\"2561\" data-end=\"2589\">motores turboalimentados<\/strong> o con <strong data-start=\"2596\" data-end=\"2617\">inyecci\u00f3n directa<\/strong>, ofreciendo protecci\u00f3n adicional frente a la oxidaci\u00f3n y la formaci\u00f3n de lodos.<\/p>\n<hr data-start=\"2699\" data-end=\"2702\" \/>\n<h2 data-start=\"2704\" data-end=\"2730\">\ud83d\udcac Preguntas frecuentes<\/h2>\n<p data-start=\"2732\" data-end=\"2908\"><strong data-start=\"2732\" data-end=\"2787\">\u00bfCada cu\u00e1nto se cambia el Repsol Evolution C3 5W40?<\/strong><br data-start=\"2787\" data-end=\"2790\" \/>Depende del fabricante del veh\u00edculo, aunque generalmente se recomienda cada <strong data-start=\"2866\" data-end=\"2888\">10.000 a 15.000 km<\/strong> o una vez al a\u00f1o.<\/p>\n<p data-start=\"2910\" data-end=\"3075\"><strong data-start=\"2910\" data-end=\"2949\">\u00bfEs compatible con motores con DPF?<\/strong><br data-start=\"2949\" data-end=\"2952\" \/>S\u00ed, este aceite est\u00e1 formulado para sistemas con <strong data-start=\"3001\" data-end=\"3038\">filtro de part\u00edculas di\u00e9sel (DPF)<\/strong>, ayudando a evitar su obstrucci\u00f3n.<\/p>\n<p data-start=\"3077\" data-end=\"3196\"><strong data-start=\"3077\" data-end=\"3115\">\u00bfPuedo usarlo en motores gasolina?<\/strong><br data-start=\"3115\" data-end=\"3118\" \/>S\u00ed, cumple con la norma <strong data-start=\"3142\" data-end=\"3152\">API SN<\/strong>, adecuada para motores gasolina modernos.<\/p>\n<hr data-start=\"3198\" data-end=\"3201\" \/>\n<h2 data-start=\"3203\" data-end=\"3229\">\ud83d\udd17 Enlaces recomendados<\/h2>\n<p data-start=\"3231\" data-end=\"3389\"><strong data-start=\"3231\" data-end=\"3267\">Enlace externo (fuente oficial):<\/strong><br data-start=\"3267\" data-end=\"3270\" \/>\ud83d\udc49 <a class=\"decorated-link cursor-pointer\" target=\"_new\" rel=\"noopener\" data-start=\"3273\" data-end=\"3387\">Ficha t\u00e9cnica oficial de Repsol Evolution C3 5W40<\/a><\/p>\n<p data-start=\"3391\" data-end=\"3441\"><strong data-start=\"3391\" data-end=\"3441\">Enlaces internos sugeridos (dentro de tu web):<\/strong><\/p>\n<ul data-start=\"3442\" data-end=\"3641\">\n<li data-start=\"3442\" data-end=\"3504\">\n<p data-start=\"3444\" data-end=\"3504\"><a class=\"decorated-link cursor-pointer\" target=\"_new\" rel=\"noopener\" data-start=\"3444\" data-end=\"3502\">Aceites 5W40<\/a><\/p>\n<\/li>\n<li data-start=\"3505\" data-end=\"3564\">\n<p data-start=\"3507\" data-end=\"3564\"><a class=\"decorated-link cursor-pointer\" target=\"_new\" rel=\"noopener\" data-start=\"3507\" data-end=\"3562\">Lubricantes Repsol<\/a><\/p>\n<\/li>\n<li data-start=\"3565\" data-end=\"3641\">\n<p data-start=\"3567\" data-end=\"3641\"><a class=\"decorated-link cursor-pointer\" target=\"_new\" rel=\"noopener\" data-start=\"3567\" data-end=\"3639\">Accesorios para motor<\/a><\/p>\n<\/li>\n<\/ul>\n<hr data-start=\"3643\" data-end=\"3646\" \/>\n<h2 data-start=\"3648\" data-end=\"3688\">\ud83e\udde0 Frase clave recomendada para Yoast<\/h2>\n<p data-start=\"3689\" data-end=\"3836\"><strong data-start=\"3689\" data-end=\"3705\">Frase clave:<\/strong> <code data-start=\"3706\" data-end=\"3729\">repsol evolution 5w40<\/code><br data-start=\"3729\" data-end=\"3732\" \/>(Aparece en el t\u00edtulo, primer p\u00e1rrafo, subt\u00edtulos y texto \u2014 ideal para que Yoast marque todo en verde \u2705)<\/p>","protected":false},"excerpt":{"rendered":"<p data-start=\"421\" data-end=\"748\">El <strong data-start=\"424\" data-end=\"449\">Repsol Evolution 5W40<\/strong> es un <strong data-start=\"456\" data-end=\"492\">aceite sint\u00e9tico de alta calidad<\/strong> dise\u00f1ado para motores <strong data-start=\"515\" data-end=\"536\">gasolina y di\u00e9sel<\/strong> con o sin filtro de part\u00edculas (DPF). Proporciona <strong data-start=\"587\" data-end=\"627\">m\u00e1xima protecci\u00f3n contra el desgaste<\/strong>, una excelente <strong data-start=\"643\" data-end=\"665\">limpieza del motor<\/strong> y un rendimiento superior tanto en arranques en fr\u00edo como en altas temperaturas.<\/p>\n<p data-start=\"750\" data-end=\"1007\">Cumple con las principales homologaciones europeas (<strong data-start=\"802\" data-end=\"813\">ACEA C3<\/strong>, <strong data-start=\"815\" data-end=\"828\">API SN\/CF<\/strong>, <strong data-start=\"830\" data-end=\"843\">BMW LL-04<\/strong>, <strong data-start=\"845\" data-end=\"858\">MB 229.51<\/strong>, <strong data-start=\"860\" data-end=\"880\">VW 502.00\/505.01<\/strong>) y garantiza una <strong data-start=\"898\" data-end=\"927\">larga vida \u00fatil del motor<\/strong>. Ideal para veh\u00edculos <strong data-start=\"950\" data-end=\"1004\">BMW, Mercedes-Benz, Volkswagen, Audi, Seat y Skoda<\/strong>.<\/p>\n<p data-start=\"1009\" data-end=\"1190\">Conf\u00eda en <strong data-start=\"1019\" data-end=\"1044\">Repsol Evolution 5W40<\/strong> para mantener tu motor en perfecto estado y reducir el consumo de combustible.<br data-start=\"1123\" data-end=\"1126\" \/>\ud83d\udc49 <a class=\"decorated-link cursor-pointer\" target=\"_new\" rel=\"noopener\" data-start=\"1129\" data-end=\"1188\">Ver m\u00e1s aceites Repsol<\/a><\/p>","protected":false},"featured_media":40426,"comment_status":"open","ping_status":"closed","template":"","meta":[],"product_brand":[330],"product_cat":[329,321,323],"product_tag":[],"class_list":{"0":"post-40585","1":"product","2":"type-product","3":"status-publish","4":"has-post-thumbnail","6":"product_brand-repsol","7":"product_cat-5w40","8":"product_cat-aceites-de-motor","9":"product_cat-otros","11":"first","12":"instock","13":"shipping-taxable","14":"purchasable","15":"product-type-simple"},"_links":{"self":[{"href":"https:\/\/lubricantesauto.com\/en\/wp-json\/wp\/v2\/product\/40585","targetHints":{"allow":["GET"]}}],"collection":[{"href":"https:\/\/lubricantesauto.com\/en\/wp-json\/wp\/v2\/product"}],"about":[{"href":"https:\/\/lubricantesauto.com\/en\/wp-json\/wp\/v2\/types\/product"}],"replies":[{"embeddable":true,"href":"https:\/\/lubricantesauto.com\/en\/wp-json\/wp\/v2\/comments?post=40585"}],"wp:featuredmedia":[{"embeddable":true,"href":"https:\/\/lubricantesauto.com\/en\/wp-json\/wp\/v2\/media\/40426"}],"wp:attachment":[{"href":"https:\/\/lubricantesauto.com\/en\/wp-json\/wp\/v2\/media?parent=40585"}],"wp:term":[{"taxonomy":"product_brand","embeddable":true,"href":"https:\/\/lubricantesauto.com\/en\/wp-json\/wp\/v2\/product_brand?post=40585"},{"taxonomy":"product_cat","embeddable":true,"href":"https:\/\/lubricantesauto.com\/en\/wp-json\/wp\/v2\/product_cat?post=40585"},{"taxonomy":"product_tag","embeddable":true,"href":"https:\/\/lubricantesauto.com\/en\/wp-json\/wp\/v2\/product_tag?post=40585"}],"curies":[{"name":"wp","href":"https:\/\/api.w.org\/{rel}","templated":true}]}}