{"id":40583,"date":"2026-02-16T16:01:07","date_gmt":"2026-02-16T16:01:07","guid":{"rendered":"https:\/\/lubricantesauto.com\/?post_type=product&#038;p=40583"},"modified":"2026-02-16T16:02:52","modified_gmt":"2026-02-16T16:02:52","slug":"castrol-magnatec-5w30-p-5l","status":"publish","type":"product","link":"https:\/\/lubricantesauto.com\/en\/product\/castrol-magnatec-5w30-p-5l\/","title":{"rendered":"CASTROL MAGNATEC 5W30 P 5L"},"content":{"rendered":"<p data-start=\"692\" data-end=\"1104\">El <strong data-start=\"695\" data-end=\"725\">Castrol Magnatec 5W30 P 5L<\/strong> es un aceite sint\u00e9tico dise\u00f1ado con tecnolog\u00eda de mol\u00e9culas inteligentes que se adhieren al motor desde el arranque, ofreciendo una protecci\u00f3n duradera frente al desgaste. Recomendado especialmente para motores Stellantis (PSA\/Fiat) que requieren especificaciones FPW9.55535\/03, B71 2290 o B71 2297. Ideal para quienes buscan fiabilidad, eficiencia y m\u00e1xima vida \u00fatil del motor.<\/p>\n<hr data-start=\"1106\" data-end=\"1109\" \/>\n<h3 data-start=\"1111\" data-end=\"1175\">\ud83d\udcc4 Descripci\u00f3n larga (m\u00e1s de 300 palabras, con subt\u00edtulos)<\/h3>\n<p data-start=\"1176\" data-end=\"1650\">Aceite Castrol Magnatec 5W30 P 5L<br data-start=\"1209\" data-end=\"1212\" \/>El <strong data-start=\"1215\" data-end=\"1245\">Castrol Magnatec 5W30 P 5L<\/strong> es un aceite sint\u00e9tico de alta tecnolog\u00eda desarrollado para proteger tu motor desde el primer segundo. Gracias a su innovadora f\u00f3rmula con mol\u00e9culas inteligentes, este lubricante se adhiere a las piezas cr\u00edticas del motor como v\u00e1lvulas, pistones y rodamientos, formando una barrera activa que reduce el desgaste incluso en arranques fr\u00edos y tr\u00e1fico urbano intenso. <span class=\"\" data-state=\"closed\"><span class=\"ms-1 inline-flex max-w-full items-center relative top-[-0.094rem] animate-[show_150ms_ease-in]\" data-testid=\"webpage-citation-pill\"><a class=\"flex h-4.5 overflow-hidden rounded-xl px-2 text-[9px] font-medium transition-colors duration-150 ease-in-out text-token-text-secondary! bg-[#F4F4F4]! dark:bg-[#303030]!\" href=\"https:\/\/msdspds.castrol.com\/bpglis\/FusionPDS.nsf\/Files\/C34548824995E22380258BCD005629A9\/%24File\/wepp-dat9wu.pdf?utm_source=chatgpt.com\" target=\"_blank\" rel=\"noopener\"><span class=\"relative start-0 bottom-0 flex h-full w-full items-center\"><span class=\"flex h-4 w-full items-center justify-between\"><span class=\"max-w-[15ch] grow truncate overflow-hidden text-center\">Castrol<\/span><span class=\"-me-1 flex h-full items-center rounded-full px-1 text-[#8F8F8F]\">+2<\/span><\/span><span class=\"flex h-4 w-full items-center justify-between absolute\"><span class=\"max-w-[15ch] grow truncate overflow-hidden text-center\">Home<\/span><span class=\"-me-1 flex h-full items-center rounded-full px-1 text-[#8F8F8F]\">+2<\/span><\/span><\/span><\/a><\/span><\/span><\/p>\n<h2 data-start=\"1652\" data-end=\"1693\">Tecnolog\u00eda de mol\u00e9culas inteligentes<\/h2>\n<p data-start=\"1694\" data-end=\"2052\">La principal ventaja es su capacidad para \u201cpegarse\u201d al motor. Esto significa que cuando se apaga el veh\u00edculo y el aceite se drena, una capa protectora permanece en las superficies met\u00e1licas. Como resultado, se reduce hasta un 50 % del desgaste del motor en pruebas est\u00e1ndar de la industria. <span class=\"\" data-state=\"closed\"><span class=\"ms-1 inline-flex max-w-full items-center relative top-[-0.094rem] animate-[show_150ms_ease-in]\" data-testid=\"webpage-citation-pill\"><a class=\"flex h-4.5 overflow-hidden rounded-xl px-2 text-[9px] font-medium transition-colors duration-150 ease-in-out text-token-text-secondary! bg-[#F4F4F4]! dark:bg-[#303030]!\" href=\"https:\/\/www.broughtonlubricants.co.uk\/castrol-magnatec-5w-30-p?utm_source=chatgpt.com\" target=\"_blank\" rel=\"noopener\"><span class=\"relative start-0 bottom-0 flex h-full w-full items-center\"><span class=\"flex h-4 w-full items-center justify-between\"><span class=\"max-w-[15ch] grow truncate overflow-hidden text-center\">broughtonlubricants.co.uk<\/span><span class=\"-me-1 flex h-full items-center rounded-full px-1 text-[#8F8F8F]\">+1<\/span><\/span><\/span><\/a><\/span><\/span><\/p>\n<p data-start=\"2054\" data-end=\"2292\">Adem\u00e1s, cumple con las homologaciones del grupo Stellantis FRPW9.55535\/03, B71 2290 y B71 2297, lo que lo hace perfecto para muchos modelos de Peugeot, Citro\u00ebn, DS, Fiat y otros dentro de ese grupo. <span class=\"\" data-state=\"closed\"><span class=\"ms-1 inline-flex max-w-full items-center relative top-[-0.094rem] animate-[show_150ms_ease-in]\" data-testid=\"webpage-citation-pill\"><a class=\"flex h-4.5 overflow-hidden rounded-xl px-2 text-[9px] font-medium transition-colors duration-150 ease-in-out text-token-text-secondary! bg-[#F4F4F4]! dark:bg-[#303030]!\" href=\"https:\/\/www.castrol.com\/en_gb\/united-kingdom\/home\/about-castrol\/newsroom\/new-castrol-magnatec-5w-30-p.html?utm_source=chatgpt.com\" target=\"_blank\" rel=\"noopener\"><span class=\"relative start-0 bottom-0 flex h-full w-full items-center\"><span class=\"flex h-4 w-full items-center justify-between overflow-hidden\"><span class=\"max-w-[15ch] grow truncate overflow-hidden text-center\">Home<\/span><\/span><\/span><\/a><\/span><\/span><\/p>\n<h2 data-start=\"2294\" data-end=\"2339\">Rendimiento, eficiencia y compatibilidad<\/h2>\n<p data-start=\"2340\" data-end=\"2647\">El <strong data-start=\"2343\" data-end=\"2370\">Castrol Magnatec 5W30 P<\/strong> no solo protege, sino que tambi\u00e9n mejora la eficiencia del motor al reducir la fricci\u00f3n interna. Esto contribuye a un menor consumo de combustible y menor generaci\u00f3n de emisiones. Est\u00e1 dise\u00f1ado para conductores exigentes que buscan un aceite fiable para su veh\u00edculo moderno.<\/p>\n<p data-start=\"2649\" data-end=\"2959\">En resumen, si quieres un lubricante que cuide tu motor cada d\u00eda, desde el arranque hasta el tramo largo, el <strong data-start=\"2758\" data-end=\"2788\">Castrol Magnatec 5W30 P 5L<\/strong> es una de las mejores opciones disponibles. Encu\u00e9ntralo en <a class=\"decorated-link\" href=\"https:\/\/lubricantesauto.com\" target=\"_new\" rel=\"noopener\" data-start=\"2848\" data-end=\"2898\">LubricantesAuto.com<\/a> y aseg\u00farate de que tu motor reciba la protecci\u00f3n que merece.<\/p>\n<hr data-start=\"2961\" data-end=\"2964\" \/>\n<p data-start=\"2966\" data-end=\"3215\">\ud83d\udd17 Enlace oficial del producto: <a class=\"decorated-link\" href=\"https:\/\/www.castrol.com\/en_gb\/united-kingdom\/home\/products\/our-brands\/automotive\/castrol-magnatec-engine-oils\/castrol-magnatec.html\" target=\"_new\" rel=\"noopener\" data-start=\"2998\" data-end=\"3173\">Castrol Magnatec 5W-30 P \u2013 ficha oficial<\/a><\/p>\n","protected":false},"excerpt":{"rendered":"<p data-start=\"692\" data-end=\"1104\">El <strong data-start=\"695\" data-end=\"725\">Castrol Magnatec 5W30 P 5L<\/strong> es un aceite sint\u00e9tico dise\u00f1ado con tecnolog\u00eda de mol\u00e9culas inteligentes que se adhieren al motor desde el arranque, ofreciendo una protecci\u00f3n duradera frente al desgaste. Recomendado especialmente para motores Stellantis (PSA\/Fiat) que requieren especificaciones FPW9.55535\/03, B71 2290 o B71 2297. Ideal para quienes buscan fiabilidad, eficiencia y m\u00e1xima vida \u00fatil del motor.<\/p>","protected":false},"featured_media":40649,"comment_status":"open","ping_status":"closed","template":"","meta":[],"product_brand":[325],"product_cat":[327,321,323],"product_tag":[],"class_list":{"0":"post-40583","1":"product","2":"type-product","3":"status-publish","4":"has-post-thumbnail","6":"product_brand-castrol","7":"product_cat-5w30","8":"product_cat-aceites-de-motor","9":"product_cat-otros","11":"first","12":"instock","13":"shipping-taxable","14":"purchasable","15":"product-type-simple"},"_links":{"self":[{"href":"https:\/\/lubricantesauto.com\/en\/wp-json\/wp\/v2\/product\/40583","targetHints":{"allow":["GET"]}}],"collection":[{"href":"https:\/\/lubricantesauto.com\/en\/wp-json\/wp\/v2\/product"}],"about":[{"href":"https:\/\/lubricantesauto.com\/en\/wp-json\/wp\/v2\/types\/product"}],"replies":[{"embeddable":true,"href":"https:\/\/lubricantesauto.com\/en\/wp-json\/wp\/v2\/comments?post=40583"}],"wp:featuredmedia":[{"embeddable":true,"href":"https:\/\/lubricantesauto.com\/en\/wp-json\/wp\/v2\/media\/40649"}],"wp:attachment":[{"href":"https:\/\/lubricantesauto.com\/en\/wp-json\/wp\/v2\/media?parent=40583"}],"wp:term":[{"taxonomy":"product_brand","embeddable":true,"href":"https:\/\/lubricantesauto.com\/en\/wp-json\/wp\/v2\/product_brand?post=40583"},{"taxonomy":"product_cat","embeddable":true,"href":"https:\/\/lubricantesauto.com\/en\/wp-json\/wp\/v2\/product_cat?post=40583"},{"taxonomy":"product_tag","embeddable":true,"href":"https:\/\/lubricantesauto.com\/en\/wp-json\/wp\/v2\/product_tag?post=40583"}],"curies":[{"name":"wp","href":"https:\/\/api.w.org\/{rel}","templated":true}]}}