{"id":40581,"date":"2026-02-16T16:01:07","date_gmt":"2026-02-16T16:01:07","guid":{"rendered":"https:\/\/lubricantesauto.com\/?post_type=product&#038;p=40581"},"modified":"2026-02-16T16:02:50","modified_gmt":"2026-02-16T16:02:50","slug":"castrol-a747-2t-1l","status":"publish","type":"product","link":"https:\/\/lubricantesauto.com\/en\/product\/castrol-a747-2t-1l\/","title":{"rendered":"CASTROL A747 2T 1L"},"content":{"rendered":"<h1 data-start=\"1439\" data-end=\"1466\">Aceite Castrol A747 2T 1L<\/h1>\n<p data-start=\"1468\" data-end=\"1781\">El <strong data-start=\"1471\" data-end=\"1493\">Castrol A747 2T 1L<\/strong> es un aceite sint\u00e9tico de <strong data-start=\"1520\" data-end=\"1542\">altas prestaciones<\/strong> especialmente formulado para motores de <strong data-start=\"1583\" data-end=\"1611\">competici\u00f3n de 2 tiempos<\/strong> refrigerados por agua. Su f\u00f3rmula est\u00e1 dise\u00f1ada para ofrecer una <strong data-start=\"1677\" data-end=\"1711\">lubricaci\u00f3n \u00f3ptima y constante<\/strong> incluso bajo las condiciones m\u00e1s extremas de velocidad y temperatura.<\/p>\n<p data-start=\"1783\" data-end=\"1972\">Gracias a su <strong data-start=\"1796\" data-end=\"1833\">baja tendencia a la carbonizaci\u00f3n<\/strong>, mantiene el motor limpio y en perfecto estado, garantizando una <strong data-start=\"1899\" data-end=\"1940\">entrega de potencia suave y sostenida<\/strong> durante todo el uso en pista.<\/p>\n<hr data-start=\"1974\" data-end=\"1977\" \/>\n<h2 data-start=\"1979\" data-end=\"2021\">Tecnolog\u00eda y rendimiento en competici\u00f3n<\/h2>\n<p data-start=\"2023\" data-end=\"2258\">El <strong data-start=\"2026\" data-end=\"2045\">Castrol A747 2T<\/strong> se desarrolla con <strong data-start=\"2064\" data-end=\"2116\">\u00e9steres sint\u00e9ticos y aditivos de alta tecnolog\u00eda<\/strong>, lo que proporciona una <strong data-start=\"2141\" data-end=\"2174\">pel\u00edcula de aceite resistente<\/strong> y una protecci\u00f3n superior contra el desgaste de pistones, rodamientos y v\u00e1lvulas.<\/p>\n<p data-start=\"2260\" data-end=\"2406\">Su composici\u00f3n minimiza la formaci\u00f3n de residuos y evita el <strong data-start=\"2320\" data-end=\"2341\">pegado de anillos<\/strong>, un problema com\u00fan en los motores de competici\u00f3n de 2 tiempos.<\/p>\n<p data-start=\"2408\" data-end=\"2584\">Este aceite ha sido <strong data-start=\"2428\" data-end=\"2482\">probado y utilizado en competiciones profesionales<\/strong> de motociclismo y karting, donde la potencia, la limpieza y la fiabilidad del motor son esenciales.<\/p>\n<hr data-start=\"2586\" data-end=\"2589\" \/>\n<h2 data-start=\"2591\" data-end=\"2633\">Compatibilidad y recomendaciones de uso<\/h2>\n<p data-start=\"2635\" data-end=\"2909\">Est\u00e1 dise\u00f1ado <strong data-start=\"2672\" data-end=\"2725\">exclusivamente para uso en circuito o competici\u00f3n<\/strong>. No se recomienda su uso en motores que funcionen a temperaturas bajas ni en entornos urbanos, ya que su formulaci\u00f3n est\u00e1 optimizada para <strong data-start=\"2864\" data-end=\"2906\">altas revoluciones y exigencia t\u00e9rmica<\/strong>.<\/p>\n<p data-start=\"2911\" data-end=\"3068\">Debe utilizarse con <strong data-start=\"2931\" data-end=\"2963\">mezclado previo con gasolina<\/strong> siguiendo las proporciones recomendadas por el fabricante del motor (habitualmente entre 1.5 % y 3 %).<\/p>\n<hr data-start=\"3070\" data-end=\"3073\" \/>\n<h2 data-start=\"3075\" data-end=\"3122\">Beneficios principales<\/h2>\n<ul data-start=\"3124\" data-end=\"3382\">\n<li data-start=\"3124\" data-end=\"3177\">\n<p data-start=\"3126\" data-end=\"3177\">Protecci\u00f3n superior contra el desgaste y gripado.<\/p>\n<\/li>\n<li data-start=\"3178\" data-end=\"3228\">\n<p data-start=\"3180\" data-end=\"3228\">Reducci\u00f3n de dep\u00f3sitos y residuos en el motor.<\/p>\n<\/li>\n<li data-start=\"3229\" data-end=\"3282\">\n<p data-start=\"3231\" data-end=\"3282\">Pel\u00edcula lubricante estable a altas temperaturas.<\/p>\n<\/li>\n<li data-start=\"3283\" data-end=\"3330\">\n<p data-start=\"3285\" data-end=\"3330\">M\u00e1xima potencia y respuesta del acelerador.<\/p>\n<\/li>\n<li data-start=\"3331\" data-end=\"3382\">\n<p data-start=\"3333\" data-end=\"3382\">Ideal para motocicletas y karts de competici\u00f3n.<\/p>\n<\/li>\n<\/ul>\n<hr data-start=\"3384\" data-end=\"3387\" \/>\n<h2 data-start=\"3389\" data-end=\"3421\">Enlace oficial del producto<\/h2>\n<p data-start=\"3423\" data-end=\"3639\">\ud83d\udd17 <strong data-start=\"3426\" data-end=\"3475\">M\u00e1s informaci\u00f3n en la web oficial de Castrol:<\/strong><br data-start=\"3475\" data-end=\"3478\" \/>\ud83d\udc49 <a class=\"decorated-link cursor-pointer\" target=\"_new\" rel=\"noopener\" data-start=\"3481\" data-end=\"3639\">Castrol A747 2T \u2013 Ficha t\u00e9cnica oficial<\/a><\/p>\n<hr data-start=\"3641\" data-end=\"3644\" \/>\n<h2 data-start=\"3646\" data-end=\"3661\">Conclusi\u00f3n<\/h2>\n<p data-start=\"3663\" data-end=\"3960\">El <strong data-start=\"3666\" data-end=\"3688\">Castrol A747 2T 1L<\/strong> es la elecci\u00f3n definitiva para pilotos y equipos que buscan <strong data-start=\"3749\" data-end=\"3784\">potencia, protecci\u00f3n y limpieza<\/strong> en motores de competici\u00f3n. Su formulaci\u00f3n sint\u00e9tica avanzada y el respaldo de la tecnolog\u00eda Castrol lo convierten en un aceite de referencia en el mundo del motor deportivo.<\/p>\n<p data-start=\"3962\" data-end=\"4089\">Encu\u00e9ntralo ahora en <strong data-start=\"3983\" data-end=\"4037\"><a class=\"decorated-link\" href=\"https:\/\/lubricantesauto.com\/en\/\" target=\"_new\" rel=\"noopener\" data-start=\"3985\" data-end=\"4035\">lubricantesauto.com<\/a><\/strong> y lleva tu motor de 2 tiempos al siguiente nivel.<\/p>","protected":false},"excerpt":{"rendered":"<p>El <strong data-start=\"1013\" data-end=\"1035\">Castrol A747 2T 1L<\/strong> es un aceite sint\u00e9tico de competici\u00f3n para <strong data-start=\"1079\" data-end=\"1123\">motores de 2 tiempos de alto rendimiento<\/strong>. Su formulaci\u00f3n especial ofrece <strong data-start=\"1156\" data-end=\"1196\">m\u00e1xima protecci\u00f3n contra el desgaste<\/strong>, una <strong data-start=\"1202\" data-end=\"1240\">excelente respuesta del acelerador<\/strong> y evita la formaci\u00f3n de dep\u00f3sitos en la c\u00e1mara de combusti\u00f3n. Ideal para motocicletas de <strong data-start=\"1330\" data-end=\"1352\">circuito y karting<\/strong>.<\/p>","protected":false},"featured_media":40424,"comment_status":"open","ping_status":"closed","template":"","meta":[],"product_brand":[325],"product_cat":[326,321,323],"product_tag":[],"class_list":{"0":"post-40581","1":"product","2":"type-product","3":"status-publish","4":"has-post-thumbnail","6":"product_brand-castrol","7":"product_cat-2-tiempos","8":"product_cat-aceites-de-motor","9":"product_cat-otros","11":"first","12":"instock","13":"shipping-taxable","14":"purchasable","15":"product-type-simple"},"_links":{"self":[{"href":"https:\/\/lubricantesauto.com\/en\/wp-json\/wp\/v2\/product\/40581","targetHints":{"allow":["GET"]}}],"collection":[{"href":"https:\/\/lubricantesauto.com\/en\/wp-json\/wp\/v2\/product"}],"about":[{"href":"https:\/\/lubricantesauto.com\/en\/wp-json\/wp\/v2\/types\/product"}],"replies":[{"embeddable":true,"href":"https:\/\/lubricantesauto.com\/en\/wp-json\/wp\/v2\/comments?post=40581"}],"wp:featuredmedia":[{"embeddable":true,"href":"https:\/\/lubricantesauto.com\/en\/wp-json\/wp\/v2\/media\/40424"}],"wp:attachment":[{"href":"https:\/\/lubricantesauto.com\/en\/wp-json\/wp\/v2\/media?parent=40581"}],"wp:term":[{"taxonomy":"product_brand","embeddable":true,"href":"https:\/\/lubricantesauto.com\/en\/wp-json\/wp\/v2\/product_brand?post=40581"},{"taxonomy":"product_cat","embeddable":true,"href":"https:\/\/lubricantesauto.com\/en\/wp-json\/wp\/v2\/product_cat?post=40581"},{"taxonomy":"product_tag","embeddable":true,"href":"https:\/\/lubricantesauto.com\/en\/wp-json\/wp\/v2\/product_tag?post=40581"}],"curies":[{"name":"wp","href":"https:\/\/api.w.org\/{rel}","templated":true}]}}