{"id":40580,"date":"2026-02-16T16:01:07","date_gmt":"2026-02-16T16:01:07","guid":{"rendered":"https:\/\/lubricantesauto.com\/?post_type=product&#038;p=40580"},"modified":"2026-02-16T16:02:50","modified_gmt":"2026-02-16T16:02:50","slug":"castrol-edge-a5-b5-0w30-4l","status":"publish","type":"product","link":"https:\/\/lubricantesauto.com\/en\/product\/castrol-edge-a5-b5-0w30-4l\/","title":{"rendered":"CASTROL EDGE A5\/B5 0W30  4L"},"content":{"rendered":"<h1 data-start=\"1554\" data-end=\"1589\">Aceite Castrol Edge 0W30 A5\/B5 4L<\/h1>\n<p data-start=\"1591\" data-end=\"1945\">El <strong data-start=\"1594\" data-end=\"1624\">Castrol Edge 0W30 A5\/B5 4L<\/strong> es un aceite 100 % sint\u00e9tico dise\u00f1ado para ofrecer <strong data-start=\"1676\" data-end=\"1721\">m\u00e1xima potencia, rendimiento y protecci\u00f3n<\/strong> en motores de \u00faltima generaci\u00f3n. Gracias a la exclusiva tecnolog\u00eda <strong data-start=\"1789\" data-end=\"1806\">Titanium FST\u2122<\/strong>, este lubricante refuerza la pel\u00edcula del aceite, reduciendo la fricci\u00f3n entre las piezas m\u00f3viles y aumentando la durabilidad del motor.<\/p>\n<p data-start=\"1947\" data-end=\"2176\">Su avanzada formulaci\u00f3n est\u00e1 pensada para veh\u00edculos de alto rendimiento que requieren lubricantes con baja fricci\u00f3n y alta estabilidad t\u00e9rmica, cumpliendo con las especificaciones <strong data-start=\"2127\" data-end=\"2149\">ACEA A1\/B1 y A5\/B5<\/strong>, as\u00ed como <strong data-start=\"2160\" data-end=\"2173\">API SL\/CF<\/strong>.<\/p>\n<hr data-start=\"2178\" data-end=\"2181\" \/>\n<h2 data-start=\"2183\" data-end=\"2233\">Tecnolog\u00eda Titanium FST\u2122 para m\u00e1xima potencia<\/h2>\n<p data-start=\"2235\" data-end=\"2507\">La tecnolog\u00eda <strong data-start=\"2249\" data-end=\"2266\">Titanium FST\u2122<\/strong> de <strong data-start=\"2270\" data-end=\"2281\">Castrol<\/strong> refuerza las mol\u00e9culas del aceite, haci\u00e9ndolas m\u00e1s resistentes a las presiones extremas. Esto reduce el contacto metal con metal y asegura que el motor funcione con total eficiencia incluso en condiciones de alta exigencia.<\/p>\n<p data-start=\"2509\" data-end=\"2690\">Como resultado, el <strong data-start=\"2528\" data-end=\"2555\">Castrol Edge 0W30 A5\/B5<\/strong> proporciona un rendimiento constante y una <strong data-start=\"2599\" data-end=\"2633\">respuesta del motor m\u00e1s r\u00e1pida<\/strong>, prolongando la vida \u00fatil de sus componentes internos.<\/p>\n<hr data-start=\"2692\" data-end=\"2695\" \/>\n<h2 data-start=\"2697\" data-end=\"2746\">Protecci\u00f3n superior en todas las condiciones<\/h2>\n<p data-start=\"2748\" data-end=\"3004\">El <strong data-start=\"2751\" data-end=\"2778\">Castrol Edge 0W30 A5\/B5<\/strong> garantiza una lubricaci\u00f3n inmediata desde el arranque, incluso en temperaturas muy bajas. Su estabilidad t\u00e9rmica mantiene la viscosidad \u00f3ptima, asegurando una <strong data-start=\"2938\" data-end=\"2970\">pel\u00edcula protectora duradera<\/strong> durante largos periodos de uso.<\/p>\n<p data-start=\"3006\" data-end=\"3148\">Adem\u00e1s, este aceite contribuye a la <strong data-start=\"3042\" data-end=\"3082\">reducci\u00f3n del consumo de combustible<\/strong>, lo que se traduce en una conducci\u00f3n m\u00e1s eficiente y ecol\u00f3gica.<\/p>\n<hr data-start=\"3150\" data-end=\"3153\" \/>\n<h2 data-start=\"3155\" data-end=\"3204\">Compatibilidad y aprobaciones de fabricantes<\/h2>\n<p data-start=\"3206\" data-end=\"3485\">Este lubricante cumple con las especificaciones exigidas por los principales fabricantes europeos, incluyendo <strong data-start=\"3316\" data-end=\"3352\">Ford, Volvo, Jaguar y Land Rover<\/strong>. Su bajo nivel de fricci\u00f3n y excelente limpieza interna lo convierten en una opci\u00f3n ideal para motores gasolina y di\u00e9sel modernos.<\/p>\n<hr data-start=\"3487\" data-end=\"3490\" \/>\n<h2 data-start=\"3492\" data-end=\"3547\">Beneficios principales del ACEITE<\/h2>\n<ul data-start=\"3549\" data-end=\"3801\">\n<li data-start=\"3549\" data-end=\"3597\">\n<p data-start=\"3551\" data-end=\"3597\">Refuerza la pel\u00edcula de aceite bajo presi\u00f3n.<\/p>\n<\/li>\n<li data-start=\"3598\" data-end=\"3645\">\n<p data-start=\"3600\" data-end=\"3645\">Reduce la fricci\u00f3n y el desgaste del motor.<\/p>\n<\/li>\n<li data-start=\"3646\" data-end=\"3693\">\n<p data-start=\"3648\" data-end=\"3693\">Mejora la respuesta y eficiencia del motor.<\/p>\n<\/li>\n<li data-start=\"3694\" data-end=\"3739\">\n<p data-start=\"3696\" data-end=\"3739\">Compatible con motores gasolina y di\u00e9sel.<\/p>\n<\/li>\n<li data-start=\"3740\" data-end=\"3801\">\n<p data-start=\"3742\" data-end=\"3801\">Favorece el ahorro de combustible y menor emisi\u00f3n de CO\u2082.<\/p>\n<\/li>\n<\/ul>\n<hr data-start=\"3803\" data-end=\"3806\" \/>\n<h2 data-start=\"3808\" data-end=\"3863\">Conclusi\u00f3n: rendimiento y fiabilidad excepcionales<\/h2>\n<p data-start=\"3865\" data-end=\"4112\">El <strong data-start=\"3868\" data-end=\"3898\">Castrol Edge 0W30 A5\/B5 4L<\/strong>\u00a0 o CASTROL EDGE A5B5 0W30 ofrece una combinaci\u00f3n perfecta entre <strong data-start=\"3937\" data-end=\"3974\">potencia, protecci\u00f3n y eficiencia<\/strong>. Es la elecci\u00f3n ideal para conductores que buscan un aceite que mantenga el motor como nuevo, incluso en las condiciones m\u00e1s exigentes.<\/p>\n<p data-start=\"4114\" data-end=\"4251\">Desc\u00fabrelo en <strong data-start=\"4128\" data-end=\"4182\"><a class=\"decorated-link\" href=\"https:\/\/lubricantesauto.com\/en\/\" target=\"_new\" rel=\"noopener\" data-start=\"4130\" data-end=\"4180\">lubricantesauto.com<\/a><\/strong>, tu tienda online especializada en aceites y lubricantes de motor.<\/p>\n<p data-start=\"4114\" data-end=\"4251\">o mira m\u00e1s informaci\u00f3n oficial en\u00a0<a href=\"https:\/\/msdspds.castrol.com\/bpglis\/FusionPDS.nsf\/Files\/686B8B8795C9EF198025833E005BDCFA\/$File\/BPXE-B6EAEC.pdf\">castrol<\/a><\/p>","protected":false},"excerpt":{"rendered":"<p>El <strong data-start=\"1139\" data-end=\"1169\">Castrol Edge 0W30 A5\/B5 4L<\/strong> es un aceite 100 % sint\u00e9tico con <strong data-start=\"1203\" data-end=\"1231\">tecnolog\u00eda Titanium FST\u2122<\/strong>, desarrollado para ofrecer la m\u00e1xima protecci\u00f3n y rendimiento en motores modernos. Reduce la fricci\u00f3n, optimiza la potencia y ayuda a disminuir el consumo de combustible. Ideal para veh\u00edculos de alto rendimiento y conducci\u00f3n exigente.<\/p>","protected":false},"featured_media":40648,"comment_status":"open","ping_status":"closed","template":"","meta":[],"product_brand":[325],"product_cat":[324,321,323],"product_tag":[],"class_list":{"0":"post-40580","1":"product","2":"type-product","3":"status-publish","4":"has-post-thumbnail","6":"product_brand-castrol","7":"product_cat-0w30","8":"product_cat-aceites-de-motor","9":"product_cat-otros","11":"first","12":"instock","13":"shipping-taxable","14":"purchasable","15":"product-type-simple"},"_links":{"self":[{"href":"https:\/\/lubricantesauto.com\/en\/wp-json\/wp\/v2\/product\/40580","targetHints":{"allow":["GET"]}}],"collection":[{"href":"https:\/\/lubricantesauto.com\/en\/wp-json\/wp\/v2\/product"}],"about":[{"href":"https:\/\/lubricantesauto.com\/en\/wp-json\/wp\/v2\/types\/product"}],"replies":[{"embeddable":true,"href":"https:\/\/lubricantesauto.com\/en\/wp-json\/wp\/v2\/comments?post=40580"}],"wp:featuredmedia":[{"embeddable":true,"href":"https:\/\/lubricantesauto.com\/en\/wp-json\/wp\/v2\/media\/40648"}],"wp:attachment":[{"href":"https:\/\/lubricantesauto.com\/en\/wp-json\/wp\/v2\/media?parent=40580"}],"wp:term":[{"taxonomy":"product_brand","embeddable":true,"href":"https:\/\/lubricantesauto.com\/en\/wp-json\/wp\/v2\/product_brand?post=40580"},{"taxonomy":"product_cat","embeddable":true,"href":"https:\/\/lubricantesauto.com\/en\/wp-json\/wp\/v2\/product_cat?post=40580"},{"taxonomy":"product_tag","embeddable":true,"href":"https:\/\/lubricantesauto.com\/en\/wp-json\/wp\/v2\/product_tag?post=40580"}],"curies":[{"name":"wp","href":"https:\/\/api.w.org\/{rel}","templated":true}]}}