{"id":40574,"date":"2026-02-16T16:01:06","date_gmt":"2026-02-16T16:01:06","guid":{"rendered":"https:\/\/lubricantesauto.com\/?post_type=product&#038;p=40574"},"modified":"2026-02-16T16:02:45","modified_gmt":"2026-02-16T16:02:45","slug":"wynns-kit-pre-itv-aditivos-diesel-pack-2-x-325-ml","status":"publish","type":"product","link":"https:\/\/lubricantesauto.com\/en\/product\/wynns-kit-pre-itv-aditivos-diesel-pack-2-x-325-ml\/","title":{"rendered":"Wynn&#8217;s &#8211; Kit Pre-ITV Aditivos Di\u00e9sel Pack 2 x 325 ml"},"content":{"rendered":"<ul class=\"a-unordered-list a-vertical a-spacing-mini\">\n<li>\n<p data-start=\"558\" data-end=\"1007\">Kit pre itv diesel es la soluci\u00f3n perfecta para preparar tu veh\u00edculo antes de la inspecci\u00f3n t\u00e9cnica. Este <strong data-start=\"678\" data-end=\"718\">kit antipoluci\u00f3n para motores di\u00e9sel<\/strong> est\u00e1 compuesto por dos productos profesionales: <strong data-start=\"767\" data-end=\"805\">Tratamiento Di\u00e9sel Wynn\u2019s (325 ml)<\/strong> y <strong data-start=\"808\" data-end=\"847\">Eliminador de Humos Wynn\u2019s (325 ml)<\/strong>.<br data-start=\"848\" data-end=\"851\" \/>Ambos aditivos trabajan juntos para <strong data-start=\"887\" data-end=\"926\">reducir las emisiones contaminantes<\/strong>, <strong data-start=\"928\" data-end=\"954\">limpiar los inyectores<\/strong> y <strong data-start=\"957\" data-end=\"1004\">mejorar el rendimiento energ\u00e9tico del motor<\/strong>.<\/p>\n<p data-start=\"1009\" data-end=\"1203\">\ud83d\udc49 Si buscas otros productos para mantenimiento del motor, puedes visitar nuestra <a class=\"decorated-link cursor-pointer\" target=\"_new\" rel=\"noopener\" data-start=\"1091\" data-end=\"1200\">categor\u00eda de aditivos para di\u00e9sel<\/a>.<\/p>\n<hr data-start=\"1205\" data-end=\"1208\" \/>\n<h3 data-start=\"1210\" data-end=\"1260\">\ud83d\udd2c Doble acci\u00f3n para reducir humos y consumo<\/h3>\n<p data-start=\"1261\" data-end=\"1694\">El <strong data-start=\"1264\" data-end=\"1293\">kit pre ITV di\u00e9sel Wynn\u2019s<\/strong> act\u00faa directamente sobre la c\u00e1mara de combusti\u00f3n y el sistema de inyecci\u00f3n, eliminando residuos y mejorando la combusti\u00f3n.<br data-start=\"1416\" data-end=\"1419\" \/>Gracias a su f\u00f3rmula avanzada, consigue <strong data-start=\"1459\" data-end=\"1507\">aumentar la cantidad de ox\u00edgeno en la mezcla<\/strong>, reduciendo as\u00ed los humos negros y las part\u00edculas de holl\u00edn.<br data-start=\"1568\" data-end=\"1571\" \/>Adem\u00e1s, ayuda a <strong data-start=\"1587\" data-end=\"1622\">disminuir el consumo de gas\u00f3leo<\/strong> y los niveles de gases NOx, logrando un motor m\u00e1s limpio y eficiente.<\/p>\n<p data-start=\"1696\" data-end=\"1835\">Para m\u00e1s informaci\u00f3n sobre la gama completa de Wynn\u2019s, puedes consultar el <a class=\"decorated-link cursor-pointer\" target=\"_new\" rel=\"noopener\" data-start=\"1771\" data-end=\"1832\">sitio oficial de Wynn\u2019s<\/a>.<\/p>\n<hr data-start=\"1837\" data-end=\"1840\" \/>\n<h3 data-start=\"1842\" data-end=\"1903\">\u2699\ufe0f Beneficios principales del Kit Pre ITV Di\u00e9sel Wynn\u2019s<\/h3>\n<ul data-start=\"1904\" data-end=\"2393\">\n<li data-start=\"1904\" data-end=\"1966\">\n<p data-start=\"1906\" data-end=\"1966\">Reduce los <strong data-start=\"1917\" data-end=\"1963\">humos negros y las emisiones contaminantes<\/strong>.<\/p>\n<\/li>\n<li data-start=\"1967\" data-end=\"2023\">\n<p data-start=\"1969\" data-end=\"2023\"><strong data-start=\"1969\" data-end=\"1994\">Limpia los inyectores<\/strong> y la c\u00e1mara de combusti\u00f3n.<\/p>\n<\/li>\n<li data-start=\"2024\" data-end=\"2099\">\n<p data-start=\"2026\" data-end=\"2099\">Mejora la <strong data-start=\"2036\" data-end=\"2067\">vaporizaci\u00f3n del carburante<\/strong> y la mezcla aire\/combustible.<\/p>\n<\/li>\n<li data-start=\"2100\" data-end=\"2160\">\n<p data-start=\"2102\" data-end=\"2160\"><strong data-start=\"2102\" data-end=\"2126\">Disminuye los ruidos<\/strong> del motor y evita la corrosi\u00f3n.<\/p>\n<\/li>\n<li data-start=\"2161\" data-end=\"2227\">\n<p data-start=\"2163\" data-end=\"2227\">Compensa la falta de lubricaci\u00f3n en gas\u00f3leos pobres en azufre.<\/p>\n<\/li>\n<li data-start=\"2228\" data-end=\"2294\">\n<p data-start=\"2230\" data-end=\"2294\"><strong data-start=\"2230\" data-end=\"2262\">Facilita el arranque en fr\u00edo<\/strong> y mejora el \u00edndice de cetano.<\/p>\n<\/li>\n<li data-start=\"2295\" data-end=\"2393\">\n<p data-start=\"2297\" data-end=\"2393\">Compatible con <strong data-start=\"2312\" data-end=\"2348\">motores con o sin turbocompresor<\/strong> y con <strong data-start=\"2355\" data-end=\"2390\">filtros de part\u00edculas (DPF\/FAP)<\/strong>.<\/p>\n<\/li>\n<\/ul>\n<hr data-start=\"2395\" data-end=\"2398\" \/>\n<h3 data-start=\"2400\" data-end=\"2435\">\ud83d\udd27 Modo de empleo paso a paso<\/h3>\n<ol data-start=\"2436\" data-end=\"2780\">\n<li data-start=\"2436\" data-end=\"2530\">\n<p data-start=\"2439\" data-end=\"2530\">Antes de repostar y con el dep\u00f3sito casi vac\u00edo, <strong data-start=\"2487\" data-end=\"2527\">a\u00f1adir el Eliminador de Humos Wynn\u2019s<\/strong>.<\/p>\n<\/li>\n<li data-start=\"2531\" data-end=\"2600\">\n<p data-start=\"2534\" data-end=\"2600\"><strong data-start=\"2534\" data-end=\"2571\">Llenar el dep\u00f3sito hasta la mitad<\/strong> y conducir hasta vaciarlo.<\/p>\n<\/li>\n<li data-start=\"2601\" data-end=\"2707\">\n<p data-start=\"2604\" data-end=\"2707\">Luego, <strong data-start=\"2611\" data-end=\"2650\">verter el Tratamiento Di\u00e9sel Wynn\u2019s<\/strong> y volver a llenar el dep\u00f3sito al menos hasta la mitad.<\/p>\n<\/li>\n<li data-start=\"2708\" data-end=\"2780\">\n<p data-start=\"2711\" data-end=\"2780\">Conducir hasta agotar el combustible para completar el tratamiento.<\/p>\n<\/li>\n<\/ol>\n<p data-start=\"2782\" data-end=\"2924\">Este proceso garantiza una <strong data-start=\"2809\" data-end=\"2869\">limpieza profunda y progresiva del sistema de combusti\u00f3n<\/strong>, ideal para preparar tu coche antes de pasar la ITV.<\/p>\n<hr data-start=\"2926\" data-end=\"2929\" \/>\n<h3 data-start=\"2931\" data-end=\"2967\">\ud83e\udde9 Aplicaci\u00f3n y compatibilidad<\/h3>\n<p data-start=\"2968\" data-end=\"3321\">El <strong data-start=\"2971\" data-end=\"3000\">kit pre ITV di\u00e9sel Wynn\u2019s<\/strong> es apto para <strong data-start=\"3014\" data-end=\"3058\">todos los motores di\u00e9sel con o sin turbo<\/strong>, incluidos los equipados con <strong data-start=\"3088\" data-end=\"3150\">sistemas de inyecci\u00f3n common rail y filtros antipart\u00edculas<\/strong>.<br data-start=\"3151\" data-end=\"3154\" \/>Su formulaci\u00f3n segura <strong data-start=\"3176\" data-end=\"3226\">no da\u00f1a catalizadores ni sistemas antipoluci\u00f3n<\/strong>, por lo que puede utilizarse de manera preventiva o como tratamiento antes de cada revisi\u00f3n.<\/p>\n<hr data-start=\"3323\" data-end=\"3326\" \/>\n<h3 data-start=\"3328\" data-end=\"3348\">\ud83d\udee2\ufe0f Conclusi\u00f3n<\/h3>\n<p data-start=\"3349\" data-end=\"3681\">En definitiva, el <strong data-start=\"3367\" data-end=\"3396\">kit pre ITV di\u00e9sel Wynn\u2019s<\/strong> es una herramienta eficaz para <strong data-start=\"3428\" data-end=\"3477\">reducir las emisiones y mejorar la combusti\u00f3n<\/strong> del motor antes de la inspecci\u00f3n.<br data-start=\"3511\" data-end=\"3514\" \/>Su acci\u00f3n combinada ofrece una limpieza profunda y una protecci\u00f3n duradera, ayudando a <strong data-start=\"3601\" data-end=\"3633\">superar la ITV sin problemas<\/strong> y a mantener el motor en condiciones \u00f3ptimas.<\/p>\n<\/li>\n<\/ul>","protected":false},"excerpt":{"rendered":"<ul class=\"a-unordered-list a-vertical a-spacing-mini\">\n<li class=\"a-spacing-mini\"><span class=\"a-list-item\">Limpia y lubrica los inyectores y la bomba de combustible<\/span><\/li>\n<li class=\"a-spacing-mini\"><span class=\"a-list-item\">Restablece el patr\u00f3n de inyecci\u00f3n y mejora la atomizaci\u00f3n del combustible<\/span><\/li>\n<li class=\"a-spacing-mini\"><span class=\"a-list-item\">Reduce las emisiones nocivas de holl\u00edn y reduce notablemente la emisi\u00f3n de humos negros<\/span><\/li>\n<li class=\"a-spacing-mini\"><span class=\"a-list-item\">Evita la formaci\u00f3n de residuos y limpia la c\u00e1mara de combusti\u00f3n<\/span><\/li>\n<li class=\"a-spacing-mini\"><span class=\"a-list-item\">Mejora la combusti\u00f3n del gas\u00f3leo y el rendimiento energ\u00e9tico del motor<\/span><\/li>\n<\/ul>","protected":false},"featured_media":40644,"comment_status":"open","ping_status":"closed","template":"","meta":[],"product_brand":[],"product_cat":[333,334],"product_tag":[],"class_list":{"0":"post-40574","1":"product","2":"type-product","3":"status-publish","4":"has-post-thumbnail","6":"product_cat-aditivos-de-motor","7":"product_cat-diesel","9":"first","10":"instock","11":"shipping-taxable","12":"purchasable","13":"product-type-simple"},"_links":{"self":[{"href":"https:\/\/lubricantesauto.com\/en\/wp-json\/wp\/v2\/product\/40574","targetHints":{"allow":["GET"]}}],"collection":[{"href":"https:\/\/lubricantesauto.com\/en\/wp-json\/wp\/v2\/product"}],"about":[{"href":"https:\/\/lubricantesauto.com\/en\/wp-json\/wp\/v2\/types\/product"}],"replies":[{"embeddable":true,"href":"https:\/\/lubricantesauto.com\/en\/wp-json\/wp\/v2\/comments?post=40574"}],"wp:featuredmedia":[{"embeddable":true,"href":"https:\/\/lubricantesauto.com\/en\/wp-json\/wp\/v2\/media\/40644"}],"wp:attachment":[{"href":"https:\/\/lubricantesauto.com\/en\/wp-json\/wp\/v2\/media?parent=40574"}],"wp:term":[{"taxonomy":"product_brand","embeddable":true,"href":"https:\/\/lubricantesauto.com\/en\/wp-json\/wp\/v2\/product_brand?post=40574"},{"taxonomy":"product_cat","embeddable":true,"href":"https:\/\/lubricantesauto.com\/en\/wp-json\/wp\/v2\/product_cat?post=40574"},{"taxonomy":"product_tag","embeddable":true,"href":"https:\/\/lubricantesauto.com\/en\/wp-json\/wp\/v2\/product_tag?post=40574"}],"curies":[{"name":"wp","href":"https:\/\/api.w.org\/{rel}","templated":true}]}}