{"id":40572,"date":"2026-02-16T16:01:06","date_gmt":"2026-02-16T16:01:06","guid":{"rendered":"https:\/\/lubricantesauto.com\/?post_type=product&#038;p=40572"},"modified":"2026-02-16T16:02:37","modified_gmt":"2026-02-16T16:02:37","slug":"castrol-power1-2t-aceite-de-moto-1l","status":"publish","type":"product","link":"https:\/\/lubricantesauto.com\/en\/product\/castrol-power1-2t-aceite-de-moto-1l\/","title":{"rendered":"Castrol POWER1 2T Aceite de Moto 1L"},"content":{"rendered":"<h2 data-start=\"735\" data-end=\"806\">Castrol POWER1 2T 1L: rendimiento viral para tu motor de 2 tiempos<\/h2>\n<p data-start=\"807\" data-end=\"1141\">CASTROL POWER1 2T 1L es un aceite de motor espec\u00edficamente formulado para <strong data-start=\"885\" data-end=\"909\">motores de 2 tiempos<\/strong> en motos, scooters e incluso quads. Su tecnolog\u00eda avanzada de combusti\u00f3n limpia y compatibilidad con sistemas de mezcla o inyecci\u00f3n hacen que este producto destaque entre los aceites para 2T. <span class=\"\" data-state=\"closed\"><span class=\"ms-1 inline-flex max-w-full items-center relative top-[-0.094rem] animate-[show_150ms_ease-in]\" data-testid=\"webpage-citation-pill\"><a class=\"flex h-4.5 overflow-hidden rounded-xl px-2 text-[9px] font-medium transition-colors duration-150 ease-in-out text-token-text-secondary! bg-[#F4F4F4]! dark:bg-[#303030]!\" href=\"https:\/\/lubricantes-online.com\/castrol-power1-2t?utm_source=chatgpt.com\" target=\"_blank\" rel=\"noopener\"><span class=\"relative start-0 bottom-0 flex h-full w-full items-center\"><span class=\"flex h-4 w-full items-center justify-between\"><span class=\"max-w-[15ch] grow truncate overflow-hidden text-center\">lubricantes-online.com<\/span><span class=\"-me-1 flex h-full items-center rounded-full px-1 text-[#8F8F8F]\">+2<\/span><\/span><span class=\"flex h-4 w-full items-center justify-between absolute\"><span class=\"max-w-[15ch] grow truncate overflow-hidden text-center\">aurgi.com<\/span><span class=\"-me-1 flex h-full items-center rounded-full px-1 text-[#8F8F8F]\">+2<\/span><\/span><\/span><\/a><\/span><\/span><\/p>\n<p data-start=\"1143\" data-end=\"1440\">Desde el primer arranque, el <em data-start=\"1172\" data-end=\"1191\">castrol power1 2t<\/em> ofrece una respuesta \u00e1gil del acelerador y una lubricaci\u00f3n eficiente, reduciendo el desgaste interno y evitando dep\u00f3sitos de carbono en el escape. Esto es clave para motores 2T que tienen tolerancias m\u00e1s estrictas y trabajan a reg\u00edmenes elevados.<\/p>\n<hr data-start=\"1442\" data-end=\"1445\" \/>\n<h3 data-start=\"1447\" data-end=\"1501\">\ud83e\uddea Tecnolog\u00eda, especificaciones y homologaciones<\/h3>\n<p data-start=\"1502\" data-end=\"1612\">El <strong data-start=\"1505\" data-end=\"1526\">castrol power1 2t<\/strong> cumple con las normas y homologaciones m\u00e1s exigentes para lubricantes de 2 tiempos:<\/p>\n<ul data-start=\"1613\" data-end=\"1764\">\n<li data-start=\"1613\" data-end=\"1662\">\n<p data-start=\"1615\" data-end=\"1662\">API TC+ <span class=\"\" data-state=\"closed\"><span class=\"ms-1 inline-flex max-w-full items-center relative top-[-0.094rem] animate-[show_150ms_ease-in]\" data-testid=\"webpage-citation-pill\"><a class=\"flex h-4.5 overflow-hidden rounded-xl px-2 text-[9px] font-medium transition-colors duration-150 ease-in-out text-token-text-secondary! bg-[#F4F4F4]! dark:bg-[#303030]!\" href=\"https:\/\/mscompeticion.com\/es\/lubricantes-aceites-filtros\/321-aceite-castrol-power-1-racing-2t-1l.html?utm_source=chatgpt.com\" target=\"_blank\" rel=\"noopener\"><span class=\"relative start-0 bottom-0 flex h-full w-full items-center\"><span class=\"flex h-4 w-full items-center justify-between\"><span class=\"max-w-[15ch] grow truncate overflow-hidden text-center\">MS COMPETICION<\/span><span class=\"-me-1 flex h-full items-center rounded-full px-1 text-[#8F8F8F]\">+1<\/span><\/span><\/span><\/a><\/span><\/span><\/p>\n<\/li>\n<li data-start=\"1663\" data-end=\"1712\">\n<p data-start=\"1665\" data-end=\"1712\">JASO FD <span class=\"\" data-state=\"closed\"><span class=\"ms-1 inline-flex max-w-full items-center relative top-[-0.094rem] animate-[show_150ms_ease-in]\" data-testid=\"webpage-citation-pill\"><a class=\"flex h-4.5 overflow-hidden rounded-xl px-2 text-[9px] font-medium transition-colors duration-150 ease-in-out text-token-text-secondary! bg-[#F4F4F4]! dark:bg-[#303030]!\" href=\"https:\/\/www.recambium.com\/aceite-lubricante-motor\/aceite-castrol-power1-ultimate-2t-1l-antiguo-power-1-racing-2t.html?utm_source=chatgpt.com\" target=\"_blank\" rel=\"noopener\"><span class=\"relative start-0 bottom-0 flex h-full w-full items-center\"><span class=\"flex h-4 w-full items-center justify-between\"><span class=\"max-w-[15ch] grow truncate overflow-hidden text-center\">Recambium<\/span><span class=\"-me-1 flex h-full items-center rounded-full px-1 text-[#8F8F8F]\">+1<\/span><\/span><\/span><\/a><\/span><\/span><\/p>\n<\/li>\n<li data-start=\"1713\" data-end=\"1764\">\n<p data-start=\"1715\" data-end=\"1764\">ISO-L-EGD <span class=\"\" data-state=\"closed\"><span class=\"ms-1 inline-flex max-w-full items-center relative top-[-0.094rem] animate-[show_150ms_ease-in]\" data-testid=\"webpage-citation-pill\"><a class=\"flex h-4.5 overflow-hidden rounded-xl px-2 text-[9px] font-medium transition-colors duration-150 ease-in-out text-token-text-secondary! bg-[#F4F4F4]! dark:bg-[#303030]!\" href=\"https:\/\/www.aurgi.com\/market\/castrol-power-1-2t-1l-471483037?utm_source=chatgpt.com\" target=\"_blank\" rel=\"noopener\"><span class=\"relative start-0 bottom-0 flex h-full w-full items-center\"><span class=\"flex h-4 w-full items-center justify-between\"><span class=\"max-w-[15ch] grow truncate overflow-hidden text-center\">aurgi.com<\/span><span class=\"-me-1 flex h-full items-center rounded-full px-1 text-[#8F8F8F]\">+1<\/span><\/span><\/span><\/a><\/span><\/span><\/p>\n<\/li>\n<\/ul>\n<p data-start=\"1766\" data-end=\"1984\">Gracias a esta composici\u00f3n, el castrol power1 2t es compatible con motores con <strong data-start=\"1845\" data-end=\"1858\">premezcla<\/strong> o sistemas autom\u00e1ticos de aceite-combustible, hasta relaciones 50:1 seg\u00fan fabricante. <span class=\"\" data-state=\"closed\"><span class=\"ms-1 inline-flex max-w-full items-center relative top-[-0.094rem] animate-[show_150ms_ease-in]\" data-testid=\"webpage-citation-pill\"><a class=\"flex h-4.5 overflow-hidden rounded-xl px-2 text-[9px] font-medium transition-colors duration-150 ease-in-out text-token-text-secondary! bg-[#F4F4F4]! dark:bg-[#303030]!\" href=\"https:\/\/mscompeticion.com\/es\/lubricantes-aceites-filtros\/321-aceite-castrol-power-1-racing-2t-1l.html?utm_source=chatgpt.com\" target=\"_blank\" rel=\"noopener\"><span class=\"relative start-0 bottom-0 flex h-full w-full items-center\"><span class=\"flex h-4 w-full items-center justify-between overflow-hidden\"><span class=\"max-w-[15ch] grow truncate overflow-hidden text-center\">MS COMPETICION<\/span><\/span><\/span><\/a><\/span><\/span><\/p>\n<hr data-start=\"1986\" data-end=\"1989\" \/>\n<h3 data-start=\"1991\" data-end=\"2043\">\u2705 Beneficios principales del CASTROL POWER1 2T 1L<\/h3>\n<ul data-start=\"2044\" data-end=\"2393\">\n<li data-start=\"2044\" data-end=\"2113\">\n<p data-start=\"2046\" data-end=\"2113\">Respuesta r\u00e1pida del acelerador y mejor salida desde el arranque.<\/p>\n<\/li>\n<li data-start=\"2114\" data-end=\"2179\">\n<p data-start=\"2116\" data-end=\"2179\">Limpieza eficaz del escape y menor formaci\u00f3n de humo visible.<\/p>\n<\/li>\n<li data-start=\"2180\" data-end=\"2250\">\n<p data-start=\"2182\" data-end=\"2250\">Excelente protecci\u00f3n frente al desgaste y al gripaje del motor 2T.<\/p>\n<\/li>\n<li data-start=\"2251\" data-end=\"2320\">\n<p data-start=\"2253\" data-end=\"2320\">Compatibilidad con sistemas de mezcla y autosuministro de aceite.<\/p>\n<\/li>\n<li data-start=\"2321\" data-end=\"2393\">\n<p data-start=\"2323\" data-end=\"2393\">Ideal para motos deportivas, scooters urbanos y conducci\u00f3n exigente.<\/p>\n<\/li>\n<\/ul>\n<p data-start=\"2395\" data-end=\"2572\">Si buscas lubricantes para 4 tiempos o aceites de coche, revisa nuestra categor\u00eda de <a class=\"decorated-link cursor-pointer\" target=\"_new\" rel=\"noopener\" data-start=\"2480\" data-end=\"2552\">aceites para moto<\/a> (enlace interno).<\/p>\n<hr data-start=\"2574\" data-end=\"2577\" \/>\n<h3 data-start=\"2579\" data-end=\"2611\">\ud83d\udee0\ufe0f Recomendaciones de uso<\/h3>\n<p data-start=\"2612\" data-end=\"2899\">Emplea el <strong data-start=\"2622\" data-end=\"2643\">castrol power1 2t<\/strong> en tu moto de 2 tiempos respetando la proporci\u00f3n combustible\/aceite recomendada por el fabricante (por ejemplo 50:1). Sustituye el filtro de aire si procede y utiliza buj\u00eda en buen estado para optimizar los resultados de este aceite de alto rendimiento.<\/p>\n<p data-start=\"2901\" data-end=\"3082\">Adem\u00e1s, puedes consultar m\u00e1s informaci\u00f3n t\u00e9cnica en el sitio oficial de Castrol: <a class=\"decorated-link\" href=\"https:\/\/www.castrol.com\/es_es\/spain\/home.html\" target=\"_new\" rel=\"noopener\" data-start=\"2982\" data-end=\"3062\">Castrol POWER1 2T ficha t\u00e9cnica<\/a> (enlace externo).<\/p>\n<hr data-start=\"3084\" data-end=\"3087\" \/>\n<h3 data-start=\"3089\" data-end=\"3108\">\ud83c\udf0d Conclusi\u00f3n<\/h3>\n<p data-start=\"3109\" data-end=\"3346\">El <strong data-start=\"3112\" data-end=\"3133\">castrol power1 2t<\/strong> 1 L es la opci\u00f3n ideal para disfrutar de una moto 2 tiempos con m\u00e1xima potencia, durabilidad y limpieza del motor. Con su f\u00f3rmula avanzada garantiza que cada arranque, cada aceleraci\u00f3n y cada recorrido cuenten.<\/p>\n","protected":false},"excerpt":{"rendered":"<p>Castrol Power 1 2T &#8211; 1L<\/p>","protected":false},"featured_media":40635,"comment_status":"open","ping_status":"closed","template":"","meta":[],"product_brand":[],"product_cat":[326,321,347,348],"product_tag":[],"class_list":{"0":"post-40572","1":"product","2":"type-product","3":"status-publish","4":"has-post-thumbnail","6":"product_cat-2-tiempos","7":"product_cat-aceites-de-motor","8":"product_cat-destacados-aceites-de-motor","9":"product_cat-lubricantes","11":"first","12":"instock","13":"purchasable","14":"product-type-simple"},"_links":{"self":[{"href":"https:\/\/lubricantesauto.com\/en\/wp-json\/wp\/v2\/product\/40572","targetHints":{"allow":["GET"]}}],"collection":[{"href":"https:\/\/lubricantesauto.com\/en\/wp-json\/wp\/v2\/product"}],"about":[{"href":"https:\/\/lubricantesauto.com\/en\/wp-json\/wp\/v2\/types\/product"}],"replies":[{"embeddable":true,"href":"https:\/\/lubricantesauto.com\/en\/wp-json\/wp\/v2\/comments?post=40572"}],"wp:featuredmedia":[{"embeddable":true,"href":"https:\/\/lubricantesauto.com\/en\/wp-json\/wp\/v2\/media\/40635"}],"wp:attachment":[{"href":"https:\/\/lubricantesauto.com\/en\/wp-json\/wp\/v2\/media?parent=40572"}],"wp:term":[{"taxonomy":"product_brand","embeddable":true,"href":"https:\/\/lubricantesauto.com\/en\/wp-json\/wp\/v2\/product_brand?post=40572"},{"taxonomy":"product_cat","embeddable":true,"href":"https:\/\/lubricantesauto.com\/en\/wp-json\/wp\/v2\/product_cat?post=40572"},{"taxonomy":"product_tag","embeddable":true,"href":"https:\/\/lubricantesauto.com\/en\/wp-json\/wp\/v2\/product_tag?post=40572"}],"curies":[{"name":"wp","href":"https:\/\/api.w.org\/{rel}","templated":true}]}}