{"id":40569,"date":"2026-02-16T16:01:06","date_gmt":"2026-02-16T16:01:06","guid":{"rendered":"https:\/\/lubricantesauto.com\/?post_type=product&#038;p=40569"},"modified":"2026-02-16T16:02:30","modified_gmt":"2026-02-16T16:02:30","slug":"castrol-edge-5w-30-m-aceite-de-motor-1l","status":"publish","type":"product","link":"https:\/\/lubricantesauto.com\/en\/product\/castrol-edge-5w-30-m-aceite-de-motor-1l\/","title":{"rendered":"Castrol EDGE 5W-30 M Aceite de Motor 1L"},"content":{"rendered":"<h3 data-start=\"280\" data-end=\"345\">\u2699\ufe0f M\u00e1xima potencia y protecci\u00f3n con Castrol EDGE 5W-30 M 1L<\/h3>\n<p data-start=\"346\" data-end=\"689\">El <strong data-start=\"349\" data-end=\"376\">Castrol EDGE 5W-30 M 1L<\/strong> es un aceite <strong data-start=\"390\" data-end=\"409\">100 % sint\u00e9tico<\/strong> dise\u00f1ado para motores modernos que exigen el m\u00e1ximo rendimiento. Gracias a su innovadora <strong data-start=\"499\" data-end=\"528\">tecnolog\u00eda Fluid TITANIUM<\/strong>, este lubricante se <strong data-start=\"549\" data-end=\"575\">fortalece bajo presi\u00f3n<\/strong>, reduciendo la fricci\u00f3n entre piezas cr\u00edticas del motor y garantizando una protecci\u00f3n superior en todo momento.<\/p>\n<p data-start=\"691\" data-end=\"938\">Adem\u00e1s, su formulaci\u00f3n avanzada ayuda a <strong data-start=\"731\" data-end=\"774\">optimizar la eficiencia del combustible<\/strong> y a mantener la potencia durante m\u00e1s tiempo. Por lo tanto, es ideal para conductores que buscan el equilibrio perfecto entre rendimiento y durabilidad del motor.<\/p>\n<hr data-start=\"940\" data-end=\"943\" \/>\n<h3 data-start=\"945\" data-end=\"1000\">\ud83d\udd2c Tecnolog\u00eda Fluid TITANIUM: fuerza bajo presi\u00f3n<\/h3>\n<p data-start=\"1001\" data-end=\"1334\">Gracias a la tecnolog\u00eda exclusiva <strong data-start=\"1035\" data-end=\"1053\">Fluid TITANIUM<\/strong>, el <strong data-start=\"1058\" data-end=\"1085\">Castrol EDGE 5W-30 M 1L<\/strong> transforma su estructura molecular bajo presi\u00f3n, creando una capa resistente que evita el contacto metal con metal.<br data-start=\"1201\" data-end=\"1204\" \/>De esta forma, se <strong data-start=\"1222\" data-end=\"1269\">reduce hasta en un 20 % la fricci\u00f3n interna<\/strong>, lo que mejora la respuesta del motor y prolonga su vida \u00fatil.<\/p>\n<p data-start=\"1336\" data-end=\"1521\">Adem\u00e1s, este aceite mantiene su viscosidad estable incluso en condiciones extremas, lo que significa <strong data-start=\"1437\" data-end=\"1518\">una protecci\u00f3n constante tanto en arranques en fr\u00edo como a altas temperaturas<\/strong>.<\/p>\n<hr data-start=\"1523\" data-end=\"1526\" \/>\n<h3 data-start=\"1528\" data-end=\"1581\">\ud83d\ude97 Compatibilidad y aprobaciones de fabricantes<\/h3>\n<p data-start=\"1582\" data-end=\"2038\">El <strong data-start=\"1585\" data-end=\"1612\">Castrol EDGE 5W-30 M 1L<\/strong> cumple con los m\u00e1s altos est\u00e1ndares de calidad y rendimiento exigidos por los principales fabricantes de autom\u00f3viles.<br data-start=\"1730\" data-end=\"1733\" \/>Por ejemplo, es <strong data-start=\"1749\" data-end=\"1782\">aprobado para BMW Longlife-04<\/strong>, <strong data-start=\"1784\" data-end=\"1829\">Mercedes-Benz MB 229.31 \/ 229.51 \/ 229.52<\/strong>, y cumple las normas <strong data-start=\"1851\" data-end=\"1862\">ACEA C3<\/strong> y <strong data-start=\"1865\" data-end=\"1880\">API SN PLUS<\/strong>.<br data-start=\"1881\" data-end=\"1884\" \/>Gracias a estas especificaciones, es totalmente compatible con <strong data-start=\"1947\" data-end=\"1986\">motores gasolina, di\u00e9sel e h\u00edbridos<\/strong> que requieran un lubricante con viscosidad 5W-30.<\/p>\n<hr data-start=\"2040\" data-end=\"2043\" \/>\n<h3 data-start=\"2045\" data-end=\"2104\">\ud83d\udd27 Beneficios principales del Castrol EDGE 5W-30 M 1L<\/h3>\n<ul data-start=\"2105\" data-end=\"2342\">\n<li data-start=\"2105\" data-end=\"2159\">\n<p data-start=\"2107\" data-end=\"2159\">Mayor protecci\u00f3n frente al desgaste y la fricci\u00f3n.<\/p>\n<\/li>\n<li data-start=\"2160\" data-end=\"2215\">\n<p data-start=\"2162\" data-end=\"2215\">Rendimiento constante incluso bajo presi\u00f3n extrema.<\/p>\n<\/li>\n<li data-start=\"2216\" data-end=\"2257\">\n<p data-start=\"2218\" data-end=\"2257\">Reducci\u00f3n del consumo de combustible.<\/p>\n<\/li>\n<li data-start=\"2258\" data-end=\"2298\">\n<p data-start=\"2260\" data-end=\"2298\">Limpieza interna superior del motor.<\/p>\n<\/li>\n<li data-start=\"2299\" data-end=\"2342\">\n<p data-start=\"2301\" data-end=\"2342\">Fluidez excelente en arranques en fr\u00edo.<\/p>\n<\/li>\n<\/ul>\n<p data-start=\"2344\" data-end=\"2471\">Adem\u00e1s, su composici\u00f3n sint\u00e9tica permite <strong data-start=\"2385\" data-end=\"2425\">intervalos de cambio m\u00e1s prolongados<\/strong>, lo que reduce los costes de mantenimiento.<\/p>\n<hr data-start=\"2473\" data-end=\"2476\" \/>\n<h3 data-start=\"2478\" data-end=\"2512\">\ud83d\udccb Especificaciones t\u00e9cnicas<\/h3>\n<ul data-start=\"2513\" data-end=\"2681\">\n<li data-start=\"2513\" data-end=\"2542\">\n<p data-start=\"2515\" data-end=\"2542\"><strong data-start=\"2515\" data-end=\"2530\">Viscosidad:<\/strong> SAE 5W-30<\/p>\n<\/li>\n<li data-start=\"2543\" data-end=\"2579\">\n<p data-start=\"2545\" data-end=\"2579\"><strong data-start=\"2545\" data-end=\"2556\">Normas:<\/strong> ACEA C3, API SN PLUS<\/p>\n<\/li>\n<li data-start=\"2580\" data-end=\"2646\">\n<p data-start=\"2582\" data-end=\"2646\"><strong data-start=\"2582\" data-end=\"2599\">Aprobaciones:<\/strong> BMW Longlife-04, MB 229.31 \/ 229.51 \/ 229.52<\/p>\n<\/li>\n<li data-start=\"2647\" data-end=\"2681\">\n<p data-start=\"2649\" data-end=\"2681\"><strong data-start=\"2649\" data-end=\"2664\">Tecnolog\u00eda:<\/strong> Fluid TITANIUM<\/p>\n<\/li>\n<\/ul>\n<hr data-start=\"2683\" data-end=\"2686\" \/>\n<h3 data-start=\"2688\" data-end=\"2708\">\ud83d\udee2\ufe0f Conclusi\u00f3n<\/h3>\n<p data-start=\"2709\" data-end=\"2993\">En resumen, el <strong data-start=\"2724\" data-end=\"2751\">Castrol EDGE 5W-30 M 1L<\/strong> es la opci\u00f3n ideal para quienes buscan <strong data-start=\"2791\" data-end=\"2854\">m\u00e1xima protecci\u00f3n, potencia sostenida y eficiencia superior<\/strong>. Su tecnolog\u00eda avanzada y su compatibilidad con las principales marcas lo convierten en uno de los aceites m\u00e1s recomendados del mercado.<\/p>","protected":false},"excerpt":{"rendered":"<p>Castrol EDGE 5W30 M &#8211; 1L<\/p>","protected":false},"featured_media":40631,"comment_status":"open","ping_status":"closed","template":"","meta":[],"product_brand":[],"product_cat":[327,321,348],"product_tag":[],"class_list":{"0":"post-40569","1":"product","2":"type-product","3":"status-publish","4":"has-post-thumbnail","6":"product_cat-5w30","7":"product_cat-aceites-de-motor","8":"product_cat-lubricantes","10":"first","11":"instock","12":"purchasable","13":"product-type-simple"},"_links":{"self":[{"href":"https:\/\/lubricantesauto.com\/en\/wp-json\/wp\/v2\/product\/40569","targetHints":{"allow":["GET"]}}],"collection":[{"href":"https:\/\/lubricantesauto.com\/en\/wp-json\/wp\/v2\/product"}],"about":[{"href":"https:\/\/lubricantesauto.com\/en\/wp-json\/wp\/v2\/types\/product"}],"replies":[{"embeddable":true,"href":"https:\/\/lubricantesauto.com\/en\/wp-json\/wp\/v2\/comments?post=40569"}],"wp:featuredmedia":[{"embeddable":true,"href":"https:\/\/lubricantesauto.com\/en\/wp-json\/wp\/v2\/media\/40631"}],"wp:attachment":[{"href":"https:\/\/lubricantesauto.com\/en\/wp-json\/wp\/v2\/media?parent=40569"}],"wp:term":[{"taxonomy":"product_brand","embeddable":true,"href":"https:\/\/lubricantesauto.com\/en\/wp-json\/wp\/v2\/product_brand?post=40569"},{"taxonomy":"product_cat","embeddable":true,"href":"https:\/\/lubricantesauto.com\/en\/wp-json\/wp\/v2\/product_cat?post=40569"},{"taxonomy":"product_tag","embeddable":true,"href":"https:\/\/lubricantesauto.com\/en\/wp-json\/wp\/v2\/product_tag?post=40569"}],"curies":[{"name":"wp","href":"https:\/\/api.w.org\/{rel}","templated":true}]}}