{"id":40567,"date":"2026-02-16T16:01:06","date_gmt":"2026-02-16T16:01:06","guid":{"rendered":"https:\/\/lubricantesauto.com\/?post_type=product&#038;p=40567"},"modified":"2026-02-16T16:02:26","modified_gmt":"2026-02-16T16:02:26","slug":"castrol-magnatec-5w-30-a5-aceite-de-motor-4l","status":"publish","type":"product","link":"https:\/\/lubricantesauto.com\/en\/product\/castrol-magnatec-5w-30-a5-aceite-de-motor-4l\/","title":{"rendered":"Castrol MAGNATEC 5W-30 A5 Aceite de Motor 4L"},"content":{"rendered":"<h3 data-start=\"61\" data-end=\"117\">\ud83d\udd27 Protecci\u00f3n inteligente desde el primer arranque<\/h3>\n<p data-start=\"118\" data-end=\"414\">Castrol MAGNATEC 5W-30 A5 4L es un aceite sint\u00e9tico con tecnolog\u00eda <strong data-start=\"185\" data-end=\"196\">DUALOCK<\/strong>, creada para ofrecer <strong data-start=\"218\" data-end=\"265\">protecci\u00f3n continua desde el primer segundo<\/strong>. Sus mol\u00e9culas se adhieren a las piezas cr\u00edticas del motor, reduciendo la fricci\u00f3n y formando una capa protectora que evita el desgaste prematuro.<\/p>\n<p data-start=\"416\" data-end=\"566\">Adem\u00e1s, su f\u00f3rmula avanzada <strong data-start=\"444\" data-end=\"476\">mantiene la limpieza interna<\/strong> y garantiza una <strong data-start=\"493\" data-end=\"563\">lubricaci\u00f3n estable incluso en tr\u00e1fico intenso o conducci\u00f3n urbana<\/strong>.<\/p>\n<hr data-start=\"568\" data-end=\"571\" \/>\n<h3 data-start=\"573\" data-end=\"635\">\u2699\ufe0f Tecnolog\u00eda y beneficios del Castrol MAGNATEC 5W-30 A5<\/h3>\n<p data-start=\"636\" data-end=\"816\">Gracias a las <strong data-start=\"650\" data-end=\"671\">mol\u00e9culas DUALOCK<\/strong> de Castrol, este aceite reduce hasta un <strong data-start=\"712\" data-end=\"742\">50 % el desgaste del motor<\/strong>, especialmente durante los arranques frecuentes o a altas temperaturas.<\/p>\n<p data-start=\"818\" data-end=\"1039\">Hoy en d\u00eda, un conductor puede realizar <strong data-start=\"858\" data-end=\"902\">m\u00e1s de 18 000 arranques y paradas al a\u00f1o<\/strong>, lo que acelera el deterioro del motor. Este aceite est\u00e1 dise\u00f1ado para <strong data-start=\"974\" data-end=\"996\">minimizar ese da\u00f1o<\/strong> y prolongar la vida \u00fatil de tu veh\u00edculo.<\/p>\n<p data-start=\"1041\" data-end=\"1070\"><strong data-start=\"1041\" data-end=\"1068\">Beneficios principales:<\/strong><\/p>\n<ul data-start=\"1071\" data-end=\"1259\">\n<li data-start=\"1071\" data-end=\"1113\">\n<p data-start=\"1073\" data-end=\"1113\">Protecci\u00f3n superior desde el arranque.<\/p>\n<\/li>\n<li data-start=\"1114\" data-end=\"1162\">\n<p data-start=\"1116\" data-end=\"1162\">Reducci\u00f3n comprobada del desgaste del motor.<\/p>\n<\/li>\n<li data-start=\"1163\" data-end=\"1214\">\n<p data-start=\"1165\" data-end=\"1214\">Mayor limpieza interna y rendimiento constante.<\/p>\n<\/li>\n<li data-start=\"1215\" data-end=\"1259\">\n<p data-start=\"1217\" data-end=\"1259\">Apto para motores <strong data-start=\"1235\" data-end=\"1256\">gasolina y di\u00e9sel<\/strong>.<\/p>\n<\/li>\n<\/ul>\n<hr data-start=\"1261\" data-end=\"1264\" \/>\n<h3 data-start=\"1266\" data-end=\"1308\">\ud83d\ude97 Compatibilidad y especificaciones<\/h3>\n<p data-start=\"1309\" data-end=\"1603\"><strong data-start=\"1309\" data-end=\"1338\">Castrol MAGNATEC 5W-30 A5<\/strong> es ideal para veh\u00edculos que requieren un aceite <strong data-start=\"1387\" data-end=\"1399\">5W-30 A5<\/strong> seg\u00fan las normas <strong data-start=\"1417\" data-end=\"1446\">ACEA A1\/B1, A5\/B5, API SN<\/strong> e <strong data-start=\"1449\" data-end=\"1463\">ILSAC GF-5<\/strong>.<br data-start=\"1464\" data-end=\"1467\" \/>Cuenta con <strong data-start=\"1478\" data-end=\"1512\">aprobaci\u00f3n Ford WSS-M2C913-C\/D<\/strong>, lo que lo hace perfecto para muchos modelos Ford, Kia, Toyota, Peugeot, Citro\u00ebn y Opel.<\/p>\n<p data-start=\"1605\" data-end=\"1644\"><strong data-start=\"1605\" data-end=\"1642\">Veh\u00edculos compatibles (ejemplos):<\/strong><\/p>\n<ul data-start=\"1645\" data-end=\"1862\">\n<li data-start=\"1645\" data-end=\"1695\">\n<p data-start=\"1647\" data-end=\"1695\">Ford Fiesta Mk6 Hatchback (CB1, CCN, JA8, JR8)<\/p>\n<\/li>\n<li data-start=\"1696\" data-end=\"1724\">\n<p data-start=\"1698\" data-end=\"1724\">Toyota Aygo (WNB1, KGB1)<\/p>\n<\/li>\n<li data-start=\"1725\" data-end=\"1757\">\n<p data-start=\"1727\" data-end=\"1757\">Ford Mondeo IV Turnier (BA7)<\/p>\n<\/li>\n<li data-start=\"1758\" data-end=\"1778\">\n<p data-start=\"1760\" data-end=\"1778\">Kia Rio III (UB)<\/p>\n<\/li>\n<li data-start=\"1779\" data-end=\"1804\">\n<p data-start=\"1781\" data-end=\"1804\">Kia Picanto (TA y SA)<\/p>\n<\/li>\n<li data-start=\"1805\" data-end=\"1832\">\n<p data-start=\"1807\" data-end=\"1832\">Nissan Qashqai II (J11)<\/p>\n<\/li>\n<li data-start=\"1833\" data-end=\"1862\">\n<p data-start=\"1835\" data-end=\"1862\">Suzuki Swift III (MZ, EZ)<\/p>\n<\/li>\n<\/ul>\n<hr data-start=\"1864\" data-end=\"1867\" \/>\n<h3 data-start=\"1869\" data-end=\"1903\">\ud83d\udccb Especificaciones t\u00e9cnicas<\/h3>\n<ul data-start=\"1904\" data-end=\"2044\">\n<li data-start=\"1904\" data-end=\"1933\">\n<p data-start=\"1906\" data-end=\"1933\"><strong data-start=\"1906\" data-end=\"1921\">Viscosidad:<\/strong> SAE 5W-30<\/p>\n<\/li>\n<li data-start=\"1934\" data-end=\"1989\">\n<p data-start=\"1936\" data-end=\"1989\"><strong data-start=\"1936\" data-end=\"1947\">Normas:<\/strong> ACEA A1\/B1, A5\/B5 \u2013 API SN \u2013 ILSAC GF-5<\/p>\n<\/li>\n<li data-start=\"1990\" data-end=\"2044\">\n<p data-start=\"1992\" data-end=\"2044\"><strong data-start=\"1992\" data-end=\"2009\">Aprobaciones:<\/strong> Ford WSS-M2C913-C \/ WSS-M2C913-D<\/p>\n<\/li>\n<\/ul>\n<hr data-start=\"2046\" data-end=\"2049\" \/>\n<h3 data-start=\"2051\" data-end=\"2080\">\ud83d\udee2\ufe0f Recomendaci\u00f3n final<\/h3>\n<p data-start=\"2081\" data-end=\"2287\">Castrol MAGNATEC 5W-30 A5 es el aliado ideal para proteger tu motor ante el desgaste diario. Si buscas <strong data-start=\"2184\" data-end=\"2247\">mayor durabilidad, limpieza interna y rendimiento constante<\/strong>, este aceite es la elecci\u00f3n perfecta.<\/p>","protected":false},"excerpt":{"rendered":"<p>Castrol Magnatec 5W30 A5 &#8211; 4L<\/p>","protected":false},"featured_media":40625,"comment_status":"open","ping_status":"closed","template":"","meta":[],"product_brand":[],"product_cat":[327,321,348],"product_tag":[],"class_list":{"0":"post-40567","1":"product","2":"type-product","3":"status-publish","4":"has-post-thumbnail","6":"product_cat-5w30","7":"product_cat-aceites-de-motor","8":"product_cat-lubricantes","10":"first","11":"instock","12":"purchasable","13":"product-type-simple"},"_links":{"self":[{"href":"https:\/\/lubricantesauto.com\/en\/wp-json\/wp\/v2\/product\/40567","targetHints":{"allow":["GET"]}}],"collection":[{"href":"https:\/\/lubricantesauto.com\/en\/wp-json\/wp\/v2\/product"}],"about":[{"href":"https:\/\/lubricantesauto.com\/en\/wp-json\/wp\/v2\/types\/product"}],"replies":[{"embeddable":true,"href":"https:\/\/lubricantesauto.com\/en\/wp-json\/wp\/v2\/comments?post=40567"}],"wp:featuredmedia":[{"embeddable":true,"href":"https:\/\/lubricantesauto.com\/en\/wp-json\/wp\/v2\/media\/40625"}],"wp:attachment":[{"href":"https:\/\/lubricantesauto.com\/en\/wp-json\/wp\/v2\/media?parent=40567"}],"wp:term":[{"taxonomy":"product_brand","embeddable":true,"href":"https:\/\/lubricantesauto.com\/en\/wp-json\/wp\/v2\/product_brand?post=40567"},{"taxonomy":"product_cat","embeddable":true,"href":"https:\/\/lubricantesauto.com\/en\/wp-json\/wp\/v2\/product_cat?post=40567"},{"taxonomy":"product_tag","embeddable":true,"href":"https:\/\/lubricantesauto.com\/en\/wp-json\/wp\/v2\/product_tag?post=40567"}],"curies":[{"name":"wp","href":"https:\/\/api.w.org\/{rel}","templated":true}]}}