{"id":40566,"date":"2026-02-16T16:01:06","date_gmt":"2026-02-16T16:01:06","guid":{"rendered":"https:\/\/lubricantesauto.com\/?post_type=product&#038;p=40566"},"modified":"2026-02-16T16:02:14","modified_gmt":"2026-02-16T16:02:14","slug":"opel-dexos2-5-w30-aceite-de-motor-5-litros","status":"publish","type":"product","link":"https:\/\/lubricantesauto.com\/en\/product\/opel-dexos2-5-w30-aceite-de-motor-5-litros\/","title":{"rendered":"Opel dexos2 5 W30 aceite de motor 5 litros"},"content":{"rendered":"<h3 data-start=\"355\" data-end=\"423\">\ud83d\udd27 Aceite Opel 5W30 Dexos2: rendimiento superior para tu motor<\/h3>\n<p data-start=\"424\" data-end=\"769\">El <strong data-start=\"427\" data-end=\"454\">aceite Opel 5W30 Dexos2<\/strong> es un lubricante <strong data-start=\"472\" data-end=\"507\">100 % sint\u00e9tico de alta calidad<\/strong>, desarrollado para motores de gasolina y di\u00e9sel de \u00faltima generaci\u00f3n. Gracias a su f\u00f3rmula avanzada, combina aceites base sint\u00e9ticos con <strong data-start=\"645\" data-end=\"679\">tecnolog\u00eda moderna de aditivos<\/strong>, garantizando una excelente protecci\u00f3n del motor y un <strong data-start=\"734\" data-end=\"766\">\u00f3ptimo ahorro de combustible<\/strong>.<\/p>\n<p data-start=\"771\" data-end=\"916\">Adem\u00e1s, su composici\u00f3n reduce las <strong data-start=\"805\" data-end=\"832\">emisiones contaminantes<\/strong>, contribuyendo a un funcionamiento m\u00e1s limpio y respetuoso con el medio ambiente.<\/p>\n<hr data-start=\"918\" data-end=\"921\" \/>\n<h3 data-start=\"923\" data-end=\"981\">\ud83d\ude97 Especialmente dise\u00f1ado para Opel y General Motors<\/h3>\n<p data-start=\"982\" data-end=\"1281\">Este aceite ha sido formulado espec\u00edficamente para <strong data-start=\"1033\" data-end=\"1078\">veh\u00edculos Opel y del grupo General Motors<\/strong>, cumpliendo los exigentes est\u00e1ndares <strong data-start=\"1116\" data-end=\"1126\">Dexos2<\/strong>.<br data-start=\"1127\" data-end=\"1130\" \/>Ofrece un rendimiento superior en motores equipados con <strong data-start=\"1186\" data-end=\"1208\">ECO-Service System<\/strong> y es completamente compatible con <strong data-start=\"1243\" data-end=\"1278\">filtros de part\u00edculas (DPF\/FAP)<\/strong>.<\/p>\n<p data-start=\"1283\" data-end=\"1507\">Gracias a su baja cantidad de azufre, cenizas y f\u00f3sforo (<strong data-start=\"1340\" data-end=\"1353\">bajo SAPS<\/strong>), <strong data-start=\"1356\" data-end=\"1423\">prolonga la vida \u00fatil de los sistemas de reducci\u00f3n de emisiones<\/strong> como el DPF y el catalizador (CAT), manteniendo su eficiencia durante m\u00e1s tiempo.<\/p>\n<hr data-start=\"1509\" data-end=\"1512\" \/>\n<h3 data-start=\"1514\" data-end=\"1570\">\u2699\ufe0f Protecci\u00f3n y rendimiento en cualquier condici\u00f3n<\/h3>\n<p data-start=\"1571\" data-end=\"1839\">El <strong data-start=\"1574\" data-end=\"1601\">aceite Opel 5W30 Dexos2<\/strong> protege el motor frente al desgaste, incluso durante <strong data-start=\"1655\" data-end=\"1686\">largos intervalos de cambio<\/strong>. Asimismo, mantiene el interior del motor limpio gracias a su <strong data-start=\"1749\" data-end=\"1792\">potente acci\u00f3n detergente y dispersante<\/strong>, que evita la formaci\u00f3n de residuos y lodos.<\/p>\n<p data-start=\"1841\" data-end=\"2041\">Por otra parte, su estabilidad t\u00e9rmica garantiza un <strong data-start=\"1893\" data-end=\"1947\">excelente rendimiento a altas y bajas temperaturas<\/strong>, facilitando el arranque en fr\u00edo y asegurando una lubricaci\u00f3n constante en cualquier clima.<\/p>\n<hr data-start=\"2043\" data-end=\"2046\" \/>\n<h3 data-start=\"2048\" data-end=\"2079\">\ud83c\udf31 Beneficios principales<\/h3>\n<ul data-start=\"2080\" data-end=\"2452\">\n<li data-start=\"2080\" data-end=\"2137\">\n<p data-start=\"2082\" data-end=\"2137\">Protecci\u00f3n avanzada frente al desgaste y la fricci\u00f3n.<\/p>\n<\/li>\n<li data-start=\"2138\" data-end=\"2179\">\n<p data-start=\"2140\" data-end=\"2179\">Reducci\u00f3n del consumo de combustible.<\/p>\n<\/li>\n<li data-start=\"2180\" data-end=\"2252\">\n<p data-start=\"2182\" data-end=\"2252\">Compatibilidad con motores que usan <strong data-start=\"2218\" data-end=\"2249\">Filtro Antipart\u00edculas (DPF)<\/strong>.<\/p>\n<\/li>\n<li data-start=\"2253\" data-end=\"2294\">\n<p data-start=\"2255\" data-end=\"2294\">Intervalos de cambio m\u00e1s prolongados.<\/p>\n<\/li>\n<li data-start=\"2295\" data-end=\"2342\">\n<p data-start=\"2297\" data-end=\"2342\">Menor emisi\u00f3n de CO\u2082 y gases contaminantes.<\/p>\n<\/li>\n<li data-start=\"2343\" data-end=\"2394\">\n<p data-start=\"2345\" data-end=\"2394\">Mantenimiento de la limpieza interna del motor.<\/p>\n<\/li>\n<li data-start=\"2395\" data-end=\"2452\">\n<p data-start=\"2397\" data-end=\"2452\">Excelente comportamiento en climas fr\u00edos y calientes.<\/p>\n<\/li>\n<\/ul>\n<p data-start=\"2454\" data-end=\"2654\">En resumen, este aceite ofrece <strong data-start=\"2485\" data-end=\"2561\">una combinaci\u00f3n ideal entre rendimiento, durabilidad y respeto ambiental<\/strong>, convirti\u00e9ndose en una de las opciones m\u00e1s recomendadas para veh\u00edculos Opel y GM modernos.<\/p>\n<hr data-start=\"2656\" data-end=\"2659\" \/>\n<h3 data-start=\"2661\" data-end=\"2701\">\ud83d\udccb Especificaciones y aprobaciones<\/h3>\n<ul data-start=\"2702\" data-end=\"2904\">\n<li data-start=\"2702\" data-end=\"2725\">\n<p data-start=\"2704\" data-end=\"2725\"><strong data-start=\"2704\" data-end=\"2718\">Grado SAE:<\/strong> 5W30<\/p>\n<\/li>\n<li data-start=\"2726\" data-end=\"2758\">\n<p data-start=\"2728\" data-end=\"2758\"><strong data-start=\"2728\" data-end=\"2739\">Normas:<\/strong> ACEA A3\/B3\/B4\/C3<\/p>\n<\/li>\n<li data-start=\"2759\" data-end=\"2777\">\n<p data-start=\"2761\" data-end=\"2777\"><strong data-start=\"2761\" data-end=\"2769\">API:<\/strong> SM\/CF<\/p>\n<\/li>\n<li data-start=\"2778\" data-end=\"2904\">\n<p data-start=\"2780\" data-end=\"2799\"><strong data-start=\"2780\" data-end=\"2797\">Aprobaciones:<\/strong><\/p>\n<ul data-start=\"2802\" data-end=\"2904\">\n<li data-start=\"2802\" data-end=\"2817\">\n<p data-start=\"2804\" data-end=\"2817\">Opel Dexos2<\/p>\n<\/li>\n<li data-start=\"2820\" data-end=\"2854\">\n<p data-start=\"2822\" data-end=\"2854\">Opel GM-LL-A-025 \/ GM-LL-B-025<\/p>\n<\/li>\n<li data-start=\"2857\" data-end=\"2888\">\n<p data-start=\"2859\" data-end=\"2888\">VW 502.00 \/ 505.00 \/ 505.01<\/p>\n<\/li>\n<li data-start=\"2891\" data-end=\"2904\">\n<p data-start=\"2893\" data-end=\"2904\">MB 229.51<\/p>\n<\/li>\n<\/ul>\n<\/li>\n<\/ul>\n<hr data-start=\"2906\" data-end=\"2909\" \/>\n<h3 data-start=\"2911\" data-end=\"2931\">\ud83d\udee2\ufe0f Conclusi\u00f3n<\/h3>\n<p data-start=\"2932\" data-end=\"3229\">El <strong data-start=\"2935\" data-end=\"2962\">aceite Opel 5W30 Dexos2<\/strong> es la elecci\u00f3n perfecta para quienes buscan <strong data-start=\"3007\" data-end=\"3065\">protecci\u00f3n prolongada, eficiencia y limpieza del motor<\/strong>. Gracias a su avanzada tecnolog\u00eda, mejora el rendimiento general del veh\u00edculo y contribuye al ahorro de combustible sin comprometer la potencia ni la fiabilidad.<\/p>","protected":false},"excerpt":{"rendered":"<p>Aceite OPEL Dexos2 5W30 &#8211; 5L<\/p>","protected":false},"featured_media":40618,"comment_status":"open","ping_status":"closed","template":"","meta":[],"product_brand":[],"product_cat":[327,321,347,348],"product_tag":[],"class_list":{"0":"post-40566","1":"product","2":"type-product","3":"status-publish","4":"has-post-thumbnail","6":"product_cat-5w30","7":"product_cat-aceites-de-motor","8":"product_cat-destacados-aceites-de-motor","9":"product_cat-lubricantes","11":"first","12":"instock","13":"purchasable","14":"product-type-simple"},"_links":{"self":[{"href":"https:\/\/lubricantesauto.com\/en\/wp-json\/wp\/v2\/product\/40566","targetHints":{"allow":["GET"]}}],"collection":[{"href":"https:\/\/lubricantesauto.com\/en\/wp-json\/wp\/v2\/product"}],"about":[{"href":"https:\/\/lubricantesauto.com\/en\/wp-json\/wp\/v2\/types\/product"}],"replies":[{"embeddable":true,"href":"https:\/\/lubricantesauto.com\/en\/wp-json\/wp\/v2\/comments?post=40566"}],"wp:featuredmedia":[{"embeddable":true,"href":"https:\/\/lubricantesauto.com\/en\/wp-json\/wp\/v2\/media\/40618"}],"wp:attachment":[{"href":"https:\/\/lubricantesauto.com\/en\/wp-json\/wp\/v2\/media?parent=40566"}],"wp:term":[{"taxonomy":"product_brand","embeddable":true,"href":"https:\/\/lubricantesauto.com\/en\/wp-json\/wp\/v2\/product_brand?post=40566"},{"taxonomy":"product_cat","embeddable":true,"href":"https:\/\/lubricantesauto.com\/en\/wp-json\/wp\/v2\/product_cat?post=40566"},{"taxonomy":"product_tag","embeddable":true,"href":"https:\/\/lubricantesauto.com\/en\/wp-json\/wp\/v2\/product_tag?post=40566"}],"curies":[{"name":"wp","href":"https:\/\/api.w.org\/{rel}","templated":true}]}}