{"id":40565,"date":"2026-02-16T16:01:06","date_gmt":"2026-02-16T16:01:06","guid":{"rendered":"https:\/\/lubricantesauto.com\/?post_type=product&#038;p=40565"},"modified":"2026-02-16T16:01:55","modified_gmt":"2026-02-16T16:01:55","slug":"elf-evolution-full-tech-fe-5w-30-5-litros","status":"publish","type":"product","link":"https:\/\/lubricantesauto.com\/en\/product\/elf-evolution-full-tech-fe-5w-30-5-litros\/","title":{"rendered":"Elf Evolution Full-Tech FE 5W-30 5 Litros"},"content":{"rendered":"<h2 data-start=\"800\" data-end=\"882\">Elf Evolution Full-Tech FE 5W-30 5L: tecnolog\u00eda Low SAPS y m\u00e1ximo rendimiento<\/h2>\n<p data-start=\"883\" data-end=\"1253\">Elf Evolution FE 5W30\u00a05L es un aceite de motor 100 % sint\u00e9tico dise\u00f1ado con la avanzada tecnolog\u00eda <strong data-start=\"986\" data-end=\"998\">Low SAPS<\/strong>, que protege el sistema de escape y los filtros de part\u00edculas (DPF). Recomendado para motores di\u00e9sel y gasolina de <strong data-start=\"1114\" data-end=\"1125\">Renault<\/strong>, <strong data-start=\"1127\" data-end=\"1136\">Dacia<\/strong>, <strong data-start=\"1138\" data-end=\"1155\">Mercedes-Benz<\/strong> y otros fabricantes europeos, ofrece una lubricaci\u00f3n eficiente y una larga vida \u00fatil del motor.<\/p>\n<p data-start=\"1255\" data-end=\"1565\">Gracias a su baja formaci\u00f3n de cenizas y excelente estabilidad t\u00e9rmica, este aceite garantiza una <strong data-start=\"1353\" data-end=\"1393\">reducci\u00f3n de emisiones contaminantes<\/strong> y un mejor rendimiento en todas las condiciones de conducci\u00f3n.<br data-start=\"1456\" data-end=\"1459\" \/>Consulta m\u00e1s informaci\u00f3n en la <a class=\"decorated-link cursor-pointer\" target=\"_new\" rel=\"noopener\" data-start=\"1490\" data-end=\"1542\">web oficial de Elf Lubricants<\/a> <em data-start=\"1543\" data-end=\"1562\">(enlace saliente)<\/em>.<\/p>\n<hr data-start=\"1567\" data-end=\"1570\" \/>\n<h2 data-start=\"1572\" data-end=\"1622\">Beneficios principales del Elf Evolution 5W30<\/h2>\n<p data-start=\"1623\" data-end=\"1723\">El Elf Evolution FE 5W30\u00a0aporta una protecci\u00f3n avanzada y un funcionamiento m\u00e1s limpio del motor:<\/p>\n<ul data-start=\"1725\" data-end=\"2065\">\n<li data-start=\"1725\" data-end=\"1789\">\n<p data-start=\"1727\" data-end=\"1789\">\ud83d\udd27 <strong data-start=\"1730\" data-end=\"1753\">Protecci\u00f3n superior<\/strong> frente al desgaste y la fricci\u00f3n.<\/p>\n<\/li>\n<li data-start=\"1790\" data-end=\"1868\">\n<p data-start=\"1792\" data-end=\"1868\">\ud83d\udca8 <strong data-start=\"1795\" data-end=\"1835\">Menor emisi\u00f3n de gases contaminantes<\/strong> gracias a su f\u00f3rmula Low SAPS.<\/p>\n<\/li>\n<li data-start=\"1869\" data-end=\"1931\">\n<p data-start=\"1871\" data-end=\"1931\">\u2699\ufe0f <strong data-start=\"1874\" data-end=\"1929\">Excelente rendimiento a bajas y altas temperaturas.<\/strong><\/p>\n<\/li>\n<li data-start=\"1932\" data-end=\"1998\">\n<p data-start=\"1934\" data-end=\"1998\">\ud83e\uddfc <strong data-start=\"1937\" data-end=\"1967\">Limpieza interna del motor<\/strong>, evitando dep\u00f3sitos y lodos.<\/p>\n<\/li>\n<li data-start=\"1999\" data-end=\"2065\">\n<p data-start=\"2001\" data-end=\"2065\">\u26fd <strong data-start=\"2003\" data-end=\"2028\">Ahorro de combustible<\/strong>, reduciendo el consumo energ\u00e9tico.<\/p>\n<\/li>\n<\/ul>\n<p data-start=\"2067\" data-end=\"2234\">Descubre m\u00e1s aceites compatibles en nuestra secci\u00f3n de <a class=\"decorated-link cursor-pointer\" target=\"_new\" rel=\"noopener\" data-start=\"2122\" data-end=\"2212\">lubricantes para coche<\/a> <em data-start=\"2213\" data-end=\"2231\">(enlace interno)<\/em>.<\/p>\n<hr data-start=\"2236\" data-end=\"2239\" \/>\n<h2 data-start=\"2241\" data-end=\"2279\">Homologaciones y especificaciones<\/h2>\n<p data-start=\"2280\" data-end=\"2374\">El aceite <strong data-start=\"2290\" data-end=\"2329\">Elf Evolution Full-Tech FE 5W-30 5L<\/strong> cumple con los est\u00e1ndares internacionales:<\/p>\n<ul data-start=\"2376\" data-end=\"2475\">\n<li data-start=\"2376\" data-end=\"2396\">\n<p data-start=\"2378\" data-end=\"2396\"><strong data-start=\"2378\" data-end=\"2394\">ACEA C4 \/ C3<\/strong><\/p>\n<\/li>\n<li data-start=\"2397\" data-end=\"2411\">\n<p data-start=\"2399\" data-end=\"2411\"><strong data-start=\"2399\" data-end=\"2409\">API SN<\/strong><\/p>\n<\/li>\n<li data-start=\"2412\" data-end=\"2434\">\n<p data-start=\"2414\" data-end=\"2434\"><strong data-start=\"2414\" data-end=\"2432\">Renault RN0720<\/strong><\/p>\n<\/li>\n<li data-start=\"2435\" data-end=\"2475\">\n<p data-start=\"2437\" data-end=\"2475\"><strong data-start=\"2437\" data-end=\"2473\">Mercedes-Benz MB 226.51 \/ 229.51<\/strong><\/p>\n<\/li>\n<\/ul>\n<p data-start=\"2477\" data-end=\"2614\">Estas homologaciones garantizan compatibilidad con motores modernos, optimizando la eficiencia y prolongando la vida \u00fatil del veh\u00edculo.<\/p>\n<hr data-start=\"2616\" data-end=\"2619\" \/>\n<h2 data-start=\"2621\" data-end=\"2654\">Rendimiento y sostenibilidad<\/h2>\n<p data-start=\"2655\" data-end=\"2940\">Gracias a su equilibrio entre eficiencia energ\u00e9tica y protecci\u00f3n ambiental, el <strong data-start=\"2734\" data-end=\"2756\">elf evolution 5w30<\/strong> ayuda a mantener el motor limpio y a reducir el consumo de combustible. Su composici\u00f3n sint\u00e9tica prolonga los intervalos de cambio, asegurando un rendimiento constante y sostenible.<\/p>","protected":false},"excerpt":{"rendered":"<p>ELF Evolution Full-Tech FE 5W30 &#8211; 5L<\/p>","protected":false},"featured_media":40615,"comment_status":"open","ping_status":"closed","template":"","meta":[],"product_brand":[],"product_cat":[327,321,348],"product_tag":[],"class_list":{"0":"post-40565","1":"product","2":"type-product","3":"status-publish","4":"has-post-thumbnail","6":"product_cat-5w30","7":"product_cat-aceites-de-motor","8":"product_cat-lubricantes","10":"first","11":"instock","12":"purchasable","13":"product-type-simple"},"_links":{"self":[{"href":"https:\/\/lubricantesauto.com\/en\/wp-json\/wp\/v2\/product\/40565","targetHints":{"allow":["GET"]}}],"collection":[{"href":"https:\/\/lubricantesauto.com\/en\/wp-json\/wp\/v2\/product"}],"about":[{"href":"https:\/\/lubricantesauto.com\/en\/wp-json\/wp\/v2\/types\/product"}],"replies":[{"embeddable":true,"href":"https:\/\/lubricantesauto.com\/en\/wp-json\/wp\/v2\/comments?post=40565"}],"wp:featuredmedia":[{"embeddable":true,"href":"https:\/\/lubricantesauto.com\/en\/wp-json\/wp\/v2\/media\/40615"}],"wp:attachment":[{"href":"https:\/\/lubricantesauto.com\/en\/wp-json\/wp\/v2\/media?parent=40565"}],"wp:term":[{"taxonomy":"product_brand","embeddable":true,"href":"https:\/\/lubricantesauto.com\/en\/wp-json\/wp\/v2\/product_brand?post=40565"},{"taxonomy":"product_cat","embeddable":true,"href":"https:\/\/lubricantesauto.com\/en\/wp-json\/wp\/v2\/product_cat?post=40565"},{"taxonomy":"product_tag","embeddable":true,"href":"https:\/\/lubricantesauto.com\/en\/wp-json\/wp\/v2\/product_tag?post=40565"}],"curies":[{"name":"wp","href":"https:\/\/api.w.org\/{rel}","templated":true}]}}