{"id":40562,"date":"2026-02-16T16:01:05","date_gmt":"2026-02-16T16:01:05","guid":{"rendered":"https:\/\/lubricantesauto.com\/?post_type=product&#038;p=40562"},"modified":"2026-02-16T16:01:41","modified_gmt":"2026-02-16T16:01:41","slug":"total-ineo-rcp-5w30-5l","status":"publish","type":"product","link":"https:\/\/lubricantesauto.com\/en\/product\/total-ineo-rcp-5w30-5l\/","title":{"rendered":"TOTAL INEO RCP 5W30 5L"},"content":{"rendered":"<h2 data-start=\"631\" data-end=\"699\">Total INEO RCP 5W-30 5L: protecci\u00f3n de vanguardia para tu motor<\/h2>\n<p data-start=\"700\" data-end=\"1100\">TOTAL INEO RCP 5W30 5L es un aceite de motor fabricado por Total (TotalEnergies Lubrifiants) y desarrollado en colaboraci\u00f3n con el grupo Stellantis para ofrecer un rendimiento excepcional en motores de \u00faltima generaci\u00f3n. Fue concebido para veh\u00edculos que exigen la especificaci\u00f3n <strong data-start=\"987\" data-end=\"1004\">FPW9.55535\/03<\/strong> y cumple adem\u00e1s las normas <strong data-start=\"1032\" data-end=\"1059\">PSA B71 2290 \/ B71 2297<\/strong>. <span class=\"\" data-state=\"closed\"><span class=\"ms-1 inline-flex max-w-full items-center relative top-[-0.094rem] animate-[show_150ms_ease-in]\" data-testid=\"webpage-citation-pill\"><a class=\"flex h-4.5 overflow-hidden rounded-xl px-2 text-[9px] font-medium transition-colors duration-150 ease-in-out text-token-text-secondary! bg-[#F4F4F4]! dark:bg-[#303030]!\" href=\"https:\/\/totalenergies.co.uk\/business\/automotive-lubricants\/product-range\/quartz-engine-oil\/quartz-ineo-rcp-5w-30?utm_source=chatgpt.com\" target=\"_blank\" rel=\"noopener\"><span class=\"relative start-0 bottom-0 flex h-full w-full items-center\"><span class=\"flex h-4 w-full items-center justify-between\"><span class=\"max-w-[15ch] grow truncate overflow-hidden text-center\">TotalEnergies in the United Kingdom<\/span><span class=\"-me-1 flex h-full items-center rounded-full px-1 text-[#8F8F8F]\">+2<\/span><\/span><span class=\"flex h-4 w-full items-center justify-between absolute\"><span class=\"max-w-[15ch] grow truncate overflow-hidden text-center\">OilGroupBG.com<\/span><span class=\"-me-1 flex h-full items-center rounded-full px-1 text-[#8F8F8F]\">+2<\/span><\/span><\/span><\/a><\/span><\/span><\/p>\n<p data-start=\"1102\" data-end=\"1403\">Gracias a su tecnolog\u00eda <strong data-start=\"1126\" data-end=\"1144\">Age-Resistance<\/strong>, el total ineo rcp crea una pel\u00edcula lubricante robusta que protege pistones, cilindros y segmentos incluso bajo condiciones extremas, y ayuda a mantener el sistema de post-tratamiento (DPF\/GPF) en \u00f3ptimas condiciones. <span class=\"\" data-state=\"closed\"><span class=\"ms-1 inline-flex max-w-full items-center relative top-[-0.094rem] animate-[show_150ms_ease-in]\" data-testid=\"webpage-citation-pill\"><a class=\"flex h-4.5 overflow-hidden rounded-xl px-2 text-[9px] font-medium transition-colors duration-150 ease-in-out text-token-text-secondary! bg-[#F4F4F4]! dark:bg-[#303030]!\" href=\"https:\/\/oilgroupbg.com\/pdf\/total\/total-quartz-ineo-rcp-5w30.pdf?utm_source=chatgpt.com\" target=\"_blank\" rel=\"noopener\"><span class=\"relative start-0 bottom-0 flex h-full w-full items-center\"><span class=\"flex h-4 w-full items-center justify-between\"><span class=\"max-w-[15ch] grow truncate overflow-hidden text-center\">OilGroupBG.com<\/span><span class=\"-me-1 flex h-full items-center rounded-full px-1 text-[#8F8F8F]\">+1<\/span><\/span><\/span><\/a><\/span><\/span><\/p>\n<hr data-start=\"1405\" data-end=\"1408\" \/>\n<h2 data-start=\"1410\" data-end=\"1460\">\u2699\ufe0f Especificaciones t\u00e9cnicas y homologaciones<\/h2>\n<p data-start=\"1461\" data-end=\"1619\">El aceite <strong data-start=\"1471\" data-end=\"1489\">total ineo rcp<\/strong> 5W-30 se basa en una formulaci\u00f3n Low SAPS (bajo contenido en cenizas, azufre y f\u00f3sforo) y cumple con los siguientes requisitos:<\/p>\n<ul data-start=\"1620\" data-end=\"1917\">\n<li data-start=\"1620\" data-end=\"1683\">\n<p data-start=\"1622\" data-end=\"1683\">Viscosidad SAE 5W-30. <span class=\"\" data-state=\"closed\"><span class=\"ms-1 inline-flex max-w-full items-center relative top-[-0.094rem] animate-[show_150ms_ease-in]\" data-testid=\"webpage-citation-pill\"><a class=\"flex h-4.5 overflow-hidden rounded-xl px-2 text-[9px] font-medium transition-colors duration-150 ease-in-out text-token-text-secondary! bg-[#F4F4F4]! dark:bg-[#303030]!\" href=\"https:\/\/motex.bg\/PDS\/PDS-total-quartz-ineo-rcp-5w-30.pdf?utm_source=chatgpt.com\" target=\"_blank\" rel=\"noopener\"><span class=\"relative start-0 bottom-0 flex h-full w-full items-center\"><span class=\"flex h-4 w-full items-center justify-between\"><span class=\"max-w-[15ch] grow truncate overflow-hidden text-center\">motex.bg<\/span><span class=\"-me-1 flex h-full items-center rounded-full px-1 text-[#8F8F8F]\">+1<\/span><\/span><\/span><\/a><\/span><\/span><\/p>\n<\/li>\n<li data-start=\"1684\" data-end=\"1779\">\n<p data-start=\"1686\" data-end=\"1779\">Normas internacionales: <strong data-start=\"1710\" data-end=\"1721\">ACEA C3<\/strong>, <strong data-start=\"1723\" data-end=\"1738\">API SN Plus<\/strong>. <span class=\"\" data-state=\"closed\"><span class=\"ms-1 inline-flex max-w-full items-center relative top-[-0.094rem] animate-[show_150ms_ease-in]\" data-testid=\"webpage-citation-pill\"><a class=\"flex h-4.5 overflow-hidden rounded-xl px-2 text-[9px] font-medium transition-colors duration-150 ease-in-out text-token-text-secondary! bg-[#F4F4F4]! dark:bg-[#303030]!\" href=\"https:\/\/oilgroupbg.com\/pdf\/total\/total-quartz-ineo-rcp-5w30.pdf?utm_source=chatgpt.com\" target=\"_blank\" rel=\"noopener\"><span class=\"relative start-0 bottom-0 flex h-full w-full items-center\"><span class=\"flex h-4 w-full items-center justify-between\"><span class=\"max-w-[15ch] grow truncate overflow-hidden text-center\">OilGroupBG.com<\/span><span class=\"-me-1 flex h-full items-center rounded-full px-1 text-[#8F8F8F]\">+1<\/span><\/span><\/span><\/a><\/span><\/span><\/p>\n<\/li>\n<li data-start=\"1780\" data-end=\"1917\">\n<p data-start=\"1782\" data-end=\"1917\">Homologaciones de fabricante: <strong data-start=\"1812\" data-end=\"1840\">Stellantis FPW9.55535\/03<\/strong>, <strong data-start=\"1842\" data-end=\"1858\">PSA B71 2290<\/strong>, <strong data-start=\"1860\" data-end=\"1876\">PSA B71 2297<\/strong>. <span class=\"\" data-state=\"closed\"><span class=\"ms-1 inline-flex max-w-full items-center relative top-[-0.094rem] animate-[show_150ms_ease-in]\" data-testid=\"webpage-citation-pill\"><a class=\"flex h-4.5 overflow-hidden rounded-xl px-2 text-[9px] font-medium transition-colors duration-150 ease-in-out text-token-text-secondary! bg-[#F4F4F4]! dark:bg-[#303030]!\" href=\"https:\/\/augustin-group.com\/p\/total-quartz-ineo-rcp-5w30-8287101?utm_source=chatgpt.com\" target=\"_blank\" rel=\"noopener\"><span class=\"relative start-0 bottom-0 flex h-full w-full items-center\"><span class=\"flex h-4 w-full items-center justify-between\"><span class=\"max-w-[15ch] grow truncate overflow-hidden text-center\">augustin-group.com<\/span><span class=\"-me-1 flex h-full items-center rounded-full px-1 text-[#8F8F8F]\">+1<\/span><\/span><\/span><\/a><\/span><\/span><\/p>\n<\/li>\n<\/ul>\n<p data-start=\"1919\" data-end=\"2130\">Estas certificaciones lo convierten en una excelente elecci\u00f3n para modelos recientes de Peugeot, Citro\u00ebn, Opel, DS y otros veh\u00edculos del grupo Stellantis que requieren lubricantes espec\u00edficos de alta tecnolog\u00eda.<\/p>\n<hr data-start=\"2132\" data-end=\"2135\" \/>\n<h2 data-start=\"2137\" data-end=\"2191\">\u2705 Beneficios principales del Total INEO RCP 5W-30<\/h2>\n<p data-start=\"2192\" data-end=\"2305\">El uso del TOTAL INEO RCP 5W30\u00a0aporta m\u00faltiples ventajas para el mantenimiento del motor y su rendimiento:<\/p>\n<ul data-start=\"2306\" data-end=\"2967\">\n<li data-start=\"2306\" data-end=\"2408\">\n<p data-start=\"2308\" data-end=\"2408\">Protecci\u00f3n sobresaliente frente al desgaste y la fricci\u00f3n, incluso en motores altamente exigentes.<\/p>\n<\/li>\n<li data-start=\"2409\" data-end=\"2597\">\n<p data-start=\"2411\" data-end=\"2597\">Alta resistencia al fen\u00f3meno <strong data-start=\"2440\" data-end=\"2473\">LSPI (Low Speed Pre-Ignition)<\/strong>, lo que ayuda a prevenir da\u00f1os prematuros en motores gasolina de inyecci\u00f3n directa. <span class=\"\" data-state=\"closed\"><span class=\"ms-1 inline-flex max-w-full items-center relative top-[-0.094rem] animate-[show_150ms_ease-in]\" data-testid=\"webpage-citation-pill\"><a class=\"flex h-4.5 overflow-hidden rounded-xl px-2 text-[9px] font-medium transition-colors duration-150 ease-in-out text-token-text-secondary! bg-[#F4F4F4]! dark:bg-[#303030]!\" href=\"https:\/\/augustin-group.com\/p\/total-quartz-ineo-rcp-5w30-8287101?utm_source=chatgpt.com\" target=\"_blank\" rel=\"noopener\"><span class=\"relative start-0 bottom-0 flex h-full w-full items-center\"><span class=\"flex h-4 w-full items-center justify-between\"><span class=\"max-w-[15ch] grow truncate overflow-hidden text-center\">augustin-group.com<\/span><span class=\"-me-1 flex h-full items-center rounded-full px-1 text-[#8F8F8F]\">+1<\/span><\/span><\/span><\/a><\/span><\/span><\/p>\n<\/li>\n<li data-start=\"2598\" data-end=\"2754\">\n<p data-start=\"2600\" data-end=\"2754\">Mayor duraci\u00f3n del filtro de part\u00edculas (DPF\/GPF), al reducir la formaci\u00f3n de holl\u00edn y mantener el sistema limpio. <span class=\"\" data-state=\"closed\"><span class=\"ms-1 inline-flex max-w-full items-center relative top-[-0.094rem] animate-[show_150ms_ease-in]\" data-testid=\"webpage-citation-pill\"><a class=\"flex h-4.5 overflow-hidden rounded-xl px-2 text-[9px] font-medium transition-colors duration-150 ease-in-out text-token-text-secondary! bg-[#F4F4F4]! dark:bg-[#303030]!\" href=\"https:\/\/motex.bg\/PDS\/PDS-total-quartz-ineo-rcp-5w-30.pdf?utm_source=chatgpt.com\" target=\"_blank\" rel=\"noopener\"><span class=\"relative start-0 bottom-0 flex h-full w-full items-center\"><span class=\"flex h-4 w-full items-center justify-between overflow-hidden\"><span class=\"max-w-[15ch] grow truncate overflow-hidden text-center\">motex.bg<\/span><\/span><\/span><\/a><\/span><\/span><\/p>\n<\/li>\n<li data-start=\"2755\" data-end=\"2864\">\n<p data-start=\"2757\" data-end=\"2864\">Excelente limpieza interna del motor, gracias a aditivos detergentes y dispersantes que evitan dep\u00f3sitos.<\/p>\n<\/li>\n<li data-start=\"2865\" data-end=\"2967\">\n<p data-start=\"2867\" data-end=\"2967\">Ahorro de combustible y emisiones reducidas al optimizar el funcionamiento t\u00e9rmico del lubricante.<\/p>\n<\/li>\n<\/ul>\n<p data-start=\"2969\" data-end=\"3365\">Para explorar otros aceites compatibles o ver la gama completa de Total, puedes visitar nuestra <a class=\"decorated-link cursor-pointer\" target=\"_new\" rel=\"noopener\" data-start=\"3065\" data-end=\"3161\">categor\u00eda de aceites de motor<\/a> (enlace interno) o consultar la ficha t\u00e9cnica oficial en la <a class=\"decorated-link cursor-pointer\" target=\"_new\" rel=\"noopener\" data-start=\"3222\" data-end=\"3345\">web de TotalEnergies Lubrifiants<\/a> (enlace externo).<\/p>\n<hr data-start=\"3367\" data-end=\"3370\" \/>\n<h2 data-start=\"3372\" data-end=\"3418\">\ud83d\udee0\ufe0f Aplicaciones y recomendaciones de uso<\/h2>\n<p data-start=\"3419\" data-end=\"3922\">El <strong data-start=\"3422\" data-end=\"3440\">total ineo rcp<\/strong> 5W-30 5L est\u00e1 indicado para turismos de gasolina o di\u00e9sel del grupo Stellantis que requieren lubricante con especificaci\u00f3n FPW9.55535\/03, as\u00ed como para motores que exigen las homologaciones PSA B71 2290\/2297. Se recomienda consultar siempre el manual del veh\u00edculo antes de seleccionar el lubricante.<br data-start=\"3740\" data-end=\"3743\" \/>Tambi\u00e9n es adecuado para veh\u00edculos equipados con sistemas de inyecci\u00f3n directa, turboalimentaci\u00f3n o que requieren un bajo contenido de cenizas para proteger filtros de part\u00edculas.<\/p>\n<hr data-start=\"3924\" data-end=\"3927\" \/>\n<h2 data-start=\"3929\" data-end=\"3948\">\ud83d\udee2\ufe0f Conclusi\u00f3n<\/h2>\n<p data-start=\"3949\" data-end=\"4331\">El <strong data-start=\"3952\" data-end=\"3970\">total ineo rcp<\/strong> 5W-30 5L es una soluci\u00f3n premium para conductores que desean un aceite de motor de \u00faltima generaci\u00f3n, que ofrezca <strong data-start=\"4085\" data-end=\"4178\">m\u00e1xima protecci\u00f3n, tecnolog\u00eda avanzada y compatibilidad con los fabricantes m\u00e1s exigentes<\/strong>. Su formulaci\u00f3n sint\u00e9tica de alto rendimiento y sus homologaciones le permiten mantener el motor m\u00e1s limpio, eficiente y duradero a lo largo del tiempo.<\/p>\n","protected":false},"excerpt":{"rendered":"<p>Total INEO RCP 5W30 &#8211; 5L<\/p>","protected":false},"featured_media":40608,"comment_status":"open","ping_status":"closed","template":"","meta":[],"product_brand":[],"product_cat":[327,321,348],"product_tag":[],"class_list":{"0":"post-40562","1":"product","2":"type-product","3":"status-publish","4":"has-post-thumbnail","6":"product_cat-5w30","7":"product_cat-aceites-de-motor","8":"product_cat-lubricantes","10":"first","11":"instock","12":"purchasable","13":"product-type-simple"},"_links":{"self":[{"href":"https:\/\/lubricantesauto.com\/en\/wp-json\/wp\/v2\/product\/40562","targetHints":{"allow":["GET"]}}],"collection":[{"href":"https:\/\/lubricantesauto.com\/en\/wp-json\/wp\/v2\/product"}],"about":[{"href":"https:\/\/lubricantesauto.com\/en\/wp-json\/wp\/v2\/types\/product"}],"replies":[{"embeddable":true,"href":"https:\/\/lubricantesauto.com\/en\/wp-json\/wp\/v2\/comments?post=40562"}],"wp:featuredmedia":[{"embeddable":true,"href":"https:\/\/lubricantesauto.com\/en\/wp-json\/wp\/v2\/media\/40608"}],"wp:attachment":[{"href":"https:\/\/lubricantesauto.com\/en\/wp-json\/wp\/v2\/media?parent=40562"}],"wp:term":[{"taxonomy":"product_brand","embeddable":true,"href":"https:\/\/lubricantesauto.com\/en\/wp-json\/wp\/v2\/product_brand?post=40562"},{"taxonomy":"product_cat","embeddable":true,"href":"https:\/\/lubricantesauto.com\/en\/wp-json\/wp\/v2\/product_cat?post=40562"},{"taxonomy":"product_tag","embeddable":true,"href":"https:\/\/lubricantesauto.com\/en\/wp-json\/wp\/v2\/product_tag?post=40562"}],"curies":[{"name":"wp","href":"https:\/\/api.w.org\/{rel}","templated":true}]}}