{"id":40561,"date":"2026-02-16T16:01:05","date_gmt":"2026-02-16T16:01:05","guid":{"rendered":"https:\/\/lubricantesauto.com\/?post_type=product&#038;p=40561"},"modified":"2026-02-16T16:01:36","modified_gmt":"2026-02-16T16:01:36","slug":"total-ineo-ecs-5w30-5l","status":"publish","type":"product","link":"https:\/\/lubricantesauto.com\/en\/product\/total-ineo-ecs-5w30-5l\/","title":{"rendered":"TOTAL INEO ECS 5W30 5L"},"content":{"rendered":"<h2 data-start=\"561\" data-end=\"621\">TOTAL INEO ECS 5W30 5L: m\u00e1xima protecci\u00f3n y eficiencia<\/h2>\n<p data-start=\"622\" data-end=\"985\">TOTAL INEO ECS 5W30 5L es un aceite de motor 100 % sint\u00e9tico dise\u00f1ado por <strong data-start=\"704\" data-end=\"722\">Total Energies<\/strong> para veh\u00edculos gasolina y di\u00e9sel equipados con sistemas de post-tratamiento como <strong data-start=\"804\" data-end=\"811\">DPF<\/strong> o catalizadores. Su formulaci\u00f3n Low SAPS reduce el contenido en cenizas, f\u00f3sforo y azufre, lo que prolonga la vida \u00fatil de estos sistemas y mejora la eficiencia del motor.<\/p>\n<p data-start=\"987\" data-end=\"1240\">Gracias a la tecnolog\u00eda <strong data-start=\"1011\" data-end=\"1027\">Fuel Economy<\/strong> y <strong data-start=\"1030\" data-end=\"1065\">Age Resistance Technology (ART)<\/strong>, este aceite optimiza el rendimiento t\u00e9rmico, mantiene el motor limpio y reduce el consumo de combustible hasta un <strong data-start=\"1181\" data-end=\"1190\">3,5 %<\/strong>, lo que se traduce en menores emisiones de CO\u2082.<\/p>\n<hr data-start=\"1242\" data-end=\"1245\" \/>\n<h2 data-start=\"1247\" data-end=\"1287\">Beneficios del Total INEO ECS 5W-30<\/h2>\n<p data-start=\"1288\" data-end=\"1377\">El aceite <strong data-start=\"1298\" data-end=\"1316\">total ineo ecs<\/strong> 5W-30 ofrece una combinaci\u00f3n de protecci\u00f3n y ahorro \u00fanica:<\/p>\n<ul data-start=\"1378\" data-end=\"1707\">\n<li data-start=\"1378\" data-end=\"1440\">\n<p data-start=\"1380\" data-end=\"1440\">\ud83d\udee1\ufe0f Protecci\u00f3n avanzada contra el desgaste y la oxidaci\u00f3n.<\/p>\n<\/li>\n<li data-start=\"1441\" data-end=\"1502\">\n<p data-start=\"1443\" data-end=\"1502\">\ud83d\udca8 Mejora del rendimiento en fr\u00edo y arranques m\u00e1s suaves.<\/p>\n<\/li>\n<li data-start=\"1503\" data-end=\"1564\">\n<p data-start=\"1505\" data-end=\"1564\">\u267b\ufe0f Compatible con filtros DPF y sistemas Euro 5 y Euro 6.<\/p>\n<\/li>\n<li data-start=\"1565\" data-end=\"1626\">\n<p data-start=\"1567\" data-end=\"1626\">\u2699\ufe0f Reduce la fricci\u00f3n interna y alarga la vida del motor.<\/p>\n<\/li>\n<li data-start=\"1627\" data-end=\"1707\">\n<p data-start=\"1629\" data-end=\"1707\">\ud83c\udf0d F\u00f3rmula ecol\u00f3gica que contribuye a disminuir las emisiones contaminantes.<\/p>\n<\/li>\n<\/ul>\n<p data-start=\"1709\" data-end=\"1891\">Para m\u00e1s opciones de aceites sint\u00e9ticos, puedes visitar nuestra categor\u00eda de <a class=\"decorated-link cursor-pointer\" target=\"_new\" rel=\"noopener\" data-start=\"1786\" data-end=\"1869\">aceites de motor<\/a> <em data-start=\"1870\" data-end=\"1888\">(enlace interno)<\/em>.<\/p>\n<hr data-start=\"1893\" data-end=\"1896\" \/>\n<h2 data-start=\"1898\" data-end=\"1928\">Especificaciones t\u00e9cnicas<\/h2>\n<p data-start=\"1929\" data-end=\"2014\">El <strong data-start=\"1932\" data-end=\"1950\">total ineo ecs<\/strong> 5W-30 cumple con las principales homologaciones y est\u00e1ndares:<\/p>\n<ul data-start=\"2015\" data-end=\"2239\">\n<li data-start=\"2015\" data-end=\"2045\">\n<p data-start=\"2017\" data-end=\"2045\"><strong data-start=\"2017\" data-end=\"2043\">ACEA C2 \/ PSA B71 2290<\/strong><\/p>\n<\/li>\n<li data-start=\"2046\" data-end=\"2155\">\n<p data-start=\"2048\" data-end=\"2155\"><strong data-start=\"2048\" data-end=\"2058\">Toyota<\/strong>, <strong data-start=\"2060\" data-end=\"2071\">Peugeot<\/strong>, <strong data-start=\"2073\" data-end=\"2084\">Citro\u00ebn<\/strong>, <strong data-start=\"2086\" data-end=\"2095\">Lexus<\/strong> y otros fabricantes que recomiendan lubricantes Low SAPS.<\/p>\n<\/li>\n<li data-start=\"2156\" data-end=\"2239\">\n<p data-start=\"2158\" data-end=\"2239\">Viscosidad <strong data-start=\"2169\" data-end=\"2182\">SAE 5W-30<\/strong>, con excelente estabilidad t\u00e9rmica y baja volatilidad.<\/p>\n<\/li>\n<\/ul>\n<p data-start=\"2241\" data-end=\"2407\">Consulta la ficha t\u00e9cnica oficial en <a class=\"decorated-link\" href=\"https:\/\/www.totalenergies.com\" target=\"_new\" rel=\"noopener\" data-start=\"2278\" data-end=\"2336\">Total Energies Lubricants<\/a> <em data-start=\"2337\" data-end=\"2355\">(enlace externo)<\/em> para verificar la compatibilidad con tu veh\u00edculo.<\/p>\n<hr data-start=\"2409\" data-end=\"2412\" \/>\n<h2 data-start=\"2414\" data-end=\"2444\">Aplicaciones recomendadas<\/h2>\n<p data-start=\"2445\" data-end=\"2638\">Recomendado para motores modernos con inyecci\u00f3n directa, turbocompresor y tecnolog\u00eda Start-Stop. Ideal para conducci\u00f3n urbana y en carretera, incluso en condiciones de alta exigencia t\u00e9rmica.<\/p>\n<p data-start=\"2640\" data-end=\"2838\">Este aceite <strong data-start=\"2652\" data-end=\"2670\">total ineo ecs<\/strong> asegura un funcionamiento suave, mantiene la limpieza interna del motor y prolonga los intervalos entre cambios de aceite, optimizando el mantenimiento del veh\u00edculo.<\/p>","protected":false},"excerpt":{"rendered":"<p>Total INEO ECS 5W30 &#8211; 5L<\/p>","protected":false},"featured_media":40597,"comment_status":"open","ping_status":"closed","template":"","meta":[],"product_brand":[],"product_cat":[327,321,347,348],"product_tag":[],"class_list":{"0":"post-40561","1":"product","2":"type-product","3":"status-publish","4":"has-post-thumbnail","6":"product_cat-5w30","7":"product_cat-aceites-de-motor","8":"product_cat-destacados-aceites-de-motor","9":"product_cat-lubricantes","11":"first","12":"instock","13":"purchasable","14":"product-type-simple"},"_links":{"self":[{"href":"https:\/\/lubricantesauto.com\/en\/wp-json\/wp\/v2\/product\/40561","targetHints":{"allow":["GET"]}}],"collection":[{"href":"https:\/\/lubricantesauto.com\/en\/wp-json\/wp\/v2\/product"}],"about":[{"href":"https:\/\/lubricantesauto.com\/en\/wp-json\/wp\/v2\/types\/product"}],"replies":[{"embeddable":true,"href":"https:\/\/lubricantesauto.com\/en\/wp-json\/wp\/v2\/comments?post=40561"}],"wp:featuredmedia":[{"embeddable":true,"href":"https:\/\/lubricantesauto.com\/en\/wp-json\/wp\/v2\/media\/40597"}],"wp:attachment":[{"href":"https:\/\/lubricantesauto.com\/en\/wp-json\/wp\/v2\/media?parent=40561"}],"wp:term":[{"taxonomy":"product_brand","embeddable":true,"href":"https:\/\/lubricantesauto.com\/en\/wp-json\/wp\/v2\/product_brand?post=40561"},{"taxonomy":"product_cat","embeddable":true,"href":"https:\/\/lubricantesauto.com\/en\/wp-json\/wp\/v2\/product_cat?post=40561"},{"taxonomy":"product_tag","embeddable":true,"href":"https:\/\/lubricantesauto.com\/en\/wp-json\/wp\/v2\/product_tag?post=40561"}],"curies":[{"name":"wp","href":"https:\/\/api.w.org\/{rel}","templated":true}]}}