{"id":40560,"date":"2026-02-16T16:01:05","date_gmt":"2026-02-16T16:01:05","guid":{"rendered":"https:\/\/lubricantesauto.com\/?post_type=product&#038;p=40560"},"modified":"2026-02-16T16:01:24","modified_gmt":"2026-02-16T16:01:24","slug":"repsol-leader-c2-c3-5w30-5l","status":"publish","type":"product","link":"https:\/\/lubricantesauto.com\/en\/product\/repsol-leader-c2-c3-5w30-5l\/","title":{"rendered":"REPSOL LEADER C2 C3 5W30 5L"},"content":{"rendered":"<h3 data-start=\"669\" data-end=\"733\">\ud83d\udd27 <strong data-start=\"676\" data-end=\"731\">Repsol C2 C3 5W30: eficiencia y protecci\u00f3n avanzada<\/strong><\/h3>\n<p data-start=\"734\" data-end=\"1025\">El <strong data-start=\"737\" data-end=\"758\">Repsol C2 C3 5W30<\/strong> es un aceite de motor sint\u00e9tico dise\u00f1ado para veh\u00edculos gasolina y di\u00e9sel de \u00faltima generaci\u00f3n. Su f\u00f3rmula con bajo contenido en cenizas (\u201cLow SAPS\u201d) ayuda a mantener limpios los sistemas de postratamiento de gases, como los <strong data-start=\"984\" data-end=\"1022\">filtros de part\u00edculas di\u00e9sel (DPF)<\/strong>.<\/p>\n<p data-start=\"1027\" data-end=\"1280\">Gracias a su composici\u00f3n equilibrada, mejora la lubricaci\u00f3n del motor, reduce el consumo de combustible y disminuye las emisiones contaminantes. Todo esto lo convierte en una opci\u00f3n ideal para quienes buscan <strong data-start=\"1235\" data-end=\"1277\">eficiencia energ\u00e9tica y sostenibilidad<\/strong>.<\/p>\n<p data-start=\"1282\" data-end=\"1403\">\ud83d\udc49 Puedes consultar la ficha t\u00e9cnica completa en la <a class=\"decorated-link\" href=\"https:\/\/lubricants.repsol.com\/\" target=\"_new\" rel=\"noopener\" data-start=\"1334\" data-end=\"1400\">web oficial de Repsol Lubricants<\/a>.<\/p>\n<hr data-start=\"1405\" data-end=\"1408\" \/>\n<h3 data-start=\"1410\" data-end=\"1478\">\u2699\ufe0f <strong data-start=\"1417\" data-end=\"1476\">Caracter\u00edsticas t\u00e9cnicas del aceite Repsol Leader C2 C3<\/strong><\/h3>\n<p data-start=\"1479\" data-end=\"1699\">Este aceite cumple con los niveles de calidad <strong data-start=\"1525\" data-end=\"1538\">API SN\/CF<\/strong> y <strong data-start=\"1541\" data-end=\"1555\">ACEA C2\/C3<\/strong>, adem\u00e1s de ser compatible con las exigencias de la mayor\u00eda de fabricantes de autom\u00f3viles modernos.<br data-start=\"1654\" data-end=\"1657\" \/>Entre sus ventajas principales destacan:<\/p>\n<ul data-start=\"1700\" data-end=\"1908\">\n<li data-start=\"1700\" data-end=\"1767\">\n<p data-start=\"1702\" data-end=\"1767\">Excelente rendimiento tanto en fr\u00edo como en altas temperaturas.<\/p>\n<\/li>\n<li data-start=\"1768\" data-end=\"1832\">\n<p data-start=\"1770\" data-end=\"1832\">Reducci\u00f3n de dep\u00f3sitos y lodos, manteniendo limpio el motor.<\/p>\n<\/li>\n<li data-start=\"1833\" data-end=\"1908\">\n<p data-start=\"1835\" data-end=\"1908\">Prolongaci\u00f3n de la vida \u00fatil de los sistemas de escape y catalizadores.<\/p>\n<\/li>\n<\/ul>\n<p data-start=\"1910\" data-end=\"2018\">Tambi\u00e9n es <strong data-start=\"1921\" data-end=\"1994\">compatible con motores Toyota, Kia, Nissan, Citro\u00ebn, Peugeot y Suzuki<\/strong>, entre otros modelos.<\/p>\n<hr data-start=\"2020\" data-end=\"2023\" \/>\n<h3 data-start=\"2025\" data-end=\"2070\">\ud83c\udf31 <strong data-start=\"2032\" data-end=\"2068\">Ventajas del aceite Repsol C2 C3<\/strong><\/h3>\n<ul data-start=\"2071\" data-end=\"2359\">\n<li data-start=\"2071\" data-end=\"2114\">\n<p data-start=\"2073\" data-end=\"2114\">Contribuye a una combusti\u00f3n m\u00e1s limpia.<\/p>\n<\/li>\n<li data-start=\"2115\" data-end=\"2161\">\n<p data-start=\"2117\" data-end=\"2161\">Ayuda a reducir el consumo de combustible.<\/p>\n<\/li>\n<li data-start=\"2162\" data-end=\"2224\">\n<p data-start=\"2164\" data-end=\"2224\">Disminuye las emisiones de CO\u2082 y part\u00edculas contaminantes.<\/p>\n<\/li>\n<li data-start=\"2225\" data-end=\"2282\">\n<p data-start=\"2227\" data-end=\"2282\">Protege el motor frente a la oxidaci\u00f3n y el desgaste.<\/p>\n<\/li>\n<li data-start=\"2283\" data-end=\"2359\">\n<p data-start=\"2285\" data-end=\"2359\">Mantiene la estabilidad del lubricante incluso en condiciones exigentes.<\/p>\n<\/li>\n<\/ul>\n<p data-start=\"2361\" data-end=\"2619\">Para comparar su rendimiento, consulta otros productos como el <a class=\"decorated-link cursor-pointer\" target=\"_new\" rel=\"noopener\" data-start=\"2424\" data-end=\"2479\">Castrol EDGE 5W30 LL<\/a> o revisa nuestra secci\u00f3n de <a class=\"decorated-link cursor-pointer\" target=\"_new\" rel=\"noopener\" data-start=\"2508\" data-end=\"2616\">aceites Repsol en LubricantesAuto<\/a>.<\/p>\n<hr data-start=\"2621\" data-end=\"2624\" \/>\n<h3 data-start=\"2626\" data-end=\"2649\">\ud83d\udd29 <strong data-start=\"2633\" data-end=\"2647\">Conclusi\u00f3n<\/strong><\/h3>\n<p data-start=\"2650\" data-end=\"2962\">El <strong data-start=\"2653\" data-end=\"2681\">aceite Repsol C2 C3 5W30<\/strong> ofrece un equilibrio perfecto entre rendimiento, protecci\u00f3n y respeto ambiental. Su tecnolog\u00eda sint\u00e9tica garantiza una lubricaci\u00f3n \u00f3ptima, un menor desgaste del motor y una mayor durabilidad. Ideal para conductores que buscan <strong data-start=\"2908\" data-end=\"2959\">m\u00e1ximo rendimiento y cuidado del medio ambiente<\/strong>.<\/p>","protected":false},"excerpt":{"rendered":"<p>Repsol Leader C2 C3 5W30 &#8211; 5L<\/p>","protected":false},"featured_media":40594,"comment_status":"open","ping_status":"closed","template":"","meta":[],"product_brand":[],"product_cat":[327,321,348],"product_tag":[],"class_list":{"0":"post-40560","1":"product","2":"type-product","3":"status-publish","4":"has-post-thumbnail","6":"product_cat-5w30","7":"product_cat-aceites-de-motor","8":"product_cat-lubricantes","10":"first","11":"instock","12":"purchasable","13":"product-type-simple"},"_links":{"self":[{"href":"https:\/\/lubricantesauto.com\/en\/wp-json\/wp\/v2\/product\/40560","targetHints":{"allow":["GET"]}}],"collection":[{"href":"https:\/\/lubricantesauto.com\/en\/wp-json\/wp\/v2\/product"}],"about":[{"href":"https:\/\/lubricantesauto.com\/en\/wp-json\/wp\/v2\/types\/product"}],"replies":[{"embeddable":true,"href":"https:\/\/lubricantesauto.com\/en\/wp-json\/wp\/v2\/comments?post=40560"}],"wp:featuredmedia":[{"embeddable":true,"href":"https:\/\/lubricantesauto.com\/en\/wp-json\/wp\/v2\/media\/40594"}],"wp:attachment":[{"href":"https:\/\/lubricantesauto.com\/en\/wp-json\/wp\/v2\/media?parent=40560"}],"wp:term":[{"taxonomy":"product_brand","embeddable":true,"href":"https:\/\/lubricantesauto.com\/en\/wp-json\/wp\/v2\/product_brand?post=40560"},{"taxonomy":"product_cat","embeddable":true,"href":"https:\/\/lubricantesauto.com\/en\/wp-json\/wp\/v2\/product_cat?post=40560"},{"taxonomy":"product_tag","embeddable":true,"href":"https:\/\/lubricantesauto.com\/en\/wp-json\/wp\/v2\/product_tag?post=40560"}],"curies":[{"name":"wp","href":"https:\/\/api.w.org\/{rel}","templated":true}]}}