{"id":40559,"date":"2026-02-16T16:01:05","date_gmt":"2026-02-16T16:01:05","guid":{"rendered":"https:\/\/lubricantesauto.com\/?post_type=product&#038;p=40559"},"modified":"2026-02-16T16:01:20","modified_gmt":"2026-02-16T16:01:20","slug":"repsol-elite-50501-5w-40-5l","status":"publish","type":"product","link":"https:\/\/lubricantesauto.com\/en\/product\/repsol-elite-50501-5w-40-5l\/","title":{"rendered":"REPSOL ELITE 50501 5W-40 5L"},"content":{"rendered":"<h3 data-start=\"809\" data-end=\"878\">\ud83d\udd27 <strong data-start=\"816\" data-end=\"876\">Repsol Elite 50501 5W-40: Potencia y protecci\u00f3n avanzada<\/strong><\/h3>\n<p data-start=\"879\" data-end=\"1204\">El <strong data-start=\"882\" data-end=\"913\">repsol elite 50501 5W-40 5L<\/strong> es un aceite de motor <strong data-start=\"936\" data-end=\"955\">100 % sint\u00e9tico<\/strong> desarrollado para motores de altas prestaciones. Est\u00e1 especialmente formulado para veh\u00edculos del grupo <strong data-start=\"1059\" data-end=\"1093\">Volkswagen, SEAT, Audi y \u0160koda<\/strong> que requieren la norma <strong data-start=\"1117\" data-end=\"1130\">VW 505.01<\/strong>, garantizando una lubricaci\u00f3n superior incluso en condiciones extremas.<\/p>\n<p data-start=\"1206\" data-end=\"1537\">Su tecnolog\u00eda <strong data-start=\"1220\" data-end=\"1232\">Mid SAPS<\/strong> protege los sistemas de postratamiento de gases, como los <strong data-start=\"1291\" data-end=\"1322\">filtros de part\u00edculas (DPF)<\/strong>, reduciendo las emisiones y prolongando la vida \u00fatil del motor. Desde el primer arranque, el <strong data-start=\"1416\" data-end=\"1438\">repsol elite 50501<\/strong> ofrece una pel\u00edcula protectora estable que reduce el desgaste y mejora la eficiencia energ\u00e9tica.<\/p>\n<hr data-start=\"1539\" data-end=\"1542\" \/>\n<h3 data-start=\"1544\" data-end=\"1599\">\u2699\ufe0f <strong data-start=\"1551\" data-end=\"1597\">Especificaciones t\u00e9cnicas y homologaciones<\/strong><\/h3>\n<p data-start=\"1600\" data-end=\"1740\">Este aceite cumple con las especificaciones <strong data-start=\"1644\" data-end=\"1655\">ACEA C3<\/strong> y <strong data-start=\"1658\" data-end=\"1671\">API SN\/CF<\/strong>, adem\u00e1s de contar con aprobaciones de los principales fabricantes:<\/p>\n<ul data-start=\"1741\" data-end=\"1823\">\n<li data-start=\"1741\" data-end=\"1767\">\n<p data-start=\"1743\" data-end=\"1767\"><strong data-start=\"1743\" data-end=\"1765\">VW 505.00 \/ 505.01<\/strong><\/p>\n<\/li>\n<li data-start=\"1768\" data-end=\"1785\">\n<p data-start=\"1770\" data-end=\"1785\"><strong data-start=\"1770\" data-end=\"1783\">MB 229.51<\/strong><\/p>\n<\/li>\n<li data-start=\"1786\" data-end=\"1803\">\n<p data-start=\"1788\" data-end=\"1803\"><strong data-start=\"1788\" data-end=\"1801\">BMW LL-04<\/strong><\/p>\n<\/li>\n<li data-start=\"1804\" data-end=\"1823\">\n<p data-start=\"1806\" data-end=\"1823\"><strong data-start=\"1806\" data-end=\"1821\">GM LL-B-025<\/strong><\/p>\n<\/li>\n<\/ul>\n<p data-start=\"1825\" data-end=\"2016\">Su viscosidad <strong data-start=\"1839\" data-end=\"1852\">SAE 5W-40<\/strong> proporciona una excelente fluidez en arranques en fr\u00edo y una protecci\u00f3n s\u00f3lida a altas temperaturas, garantizando un funcionamiento suave y silencioso del motor.<\/p>\n<p data-start=\"2018\" data-end=\"2241\">Para m\u00e1s detalles t\u00e9cnicos puedes consultar la <a class=\"decorated-link\" href=\"https:\/\/lubricants.repsol.com\/en\/products\/lubricants-search-engine\/detail-of-lubricants.RP_0058J\/?utm_source=chatgpt.com\" target=\"_new\" rel=\"noopener\" data-start=\"2065\" data-end=\"2220\">ficha oficial de Repsol<\/a> (enlace saliente).<\/p>\n<hr data-start=\"2243\" data-end=\"2246\" \/>\n<h3 data-start=\"2248\" data-end=\"2299\">\u2705 <strong data-start=\"2254\" data-end=\"2297\">Beneficios del Repsol Elite 50501 5W-40<\/strong><\/h3>\n<ul data-start=\"2300\" data-end=\"2660\">\n<li data-start=\"2300\" data-end=\"2363\">\n<p data-start=\"2302\" data-end=\"2363\">Reduce el desgaste del motor y mejora la respuesta en fr\u00edo.<\/p>\n<\/li>\n<li data-start=\"2364\" data-end=\"2418\">\n<p data-start=\"2366\" data-end=\"2418\">Compatible con motores gasolina y di\u00e9sel modernos.<\/p>\n<\/li>\n<li data-start=\"2419\" data-end=\"2494\">\n<p data-start=\"2421\" data-end=\"2494\">Mantiene limpio el sistema de combusti\u00f3n y evita la formaci\u00f3n de lodos.<\/p>\n<\/li>\n<li data-start=\"2495\" data-end=\"2566\">\n<p data-start=\"2497\" data-end=\"2566\">Mejora la eficiencia energ\u00e9tica y reduce el consumo de combustible.<\/p>\n<\/li>\n<li data-start=\"2567\" data-end=\"2614\">\n<p data-start=\"2569\" data-end=\"2614\">Aumenta los intervalos de cambio de aceite.<\/p>\n<\/li>\n<li data-start=\"2615\" data-end=\"2660\">\n<p data-start=\"2617\" data-end=\"2660\">Protege los sistemas DPF y catalizadores.<\/p>\n<\/li>\n<\/ul>\n<p data-start=\"2662\" data-end=\"2967\">Descubre m\u00e1s opciones de lubricantes en nuestra <a class=\"decorated-link cursor-pointer\" target=\"_new\" rel=\"noopener\" data-start=\"2710\" data-end=\"2812\">categor\u00eda de aceites Repsol<\/a> o consulta otros aceites compatibles en <a class=\"decorated-link cursor-pointer\" target=\"_new\" rel=\"noopener\" data-start=\"2853\" data-end=\"2947\">Castrol Magnatec 5W-30 A5<\/a> (enlace interno).<\/p>\n<hr data-start=\"2969\" data-end=\"2972\" \/>\n<h3 data-start=\"2974\" data-end=\"3033\">\ud83d\udee2\ufe0f <strong data-start=\"2982\" data-end=\"3031\">Conclusi\u00f3n: calidad garantizada para tu motor<\/strong><\/h3>\n<p data-start=\"3034\" data-end=\"3419\">El <strong data-start=\"3037\" data-end=\"3068\">repsol elite 50501 5W-40 5L<\/strong> combina <strong data-start=\"3077\" data-end=\"3115\">protecci\u00f3n, limpieza y rendimiento<\/strong> en un solo producto. Ideal para conductores exigentes, proporciona confianza en trayectos urbanos, autopistas y conducci\u00f3n deportiva. Con su tecnolog\u00eda avanzada, cumple los est\u00e1ndares m\u00e1s altos de <strong data-start=\"3313\" data-end=\"3343\">Volkswagen y Mercedes-Benz<\/strong>, garantizando el m\u00e1ximo rendimiento del motor y una vida \u00fatil prolongada.<\/p>","protected":false},"excerpt":{"rendered":"<p>Repsol Elite 50501 5W40 &#8211; 5L<\/p>","protected":false},"featured_media":40593,"comment_status":"open","ping_status":"closed","template":"","meta":[],"product_brand":[],"product_cat":[329,321,348],"product_tag":[],"class_list":{"0":"post-40559","1":"product","2":"type-product","3":"status-publish","4":"has-post-thumbnail","6":"product_cat-5w40","7":"product_cat-aceites-de-motor","8":"product_cat-lubricantes","10":"first","11":"instock","12":"sale","13":"purchasable","14":"product-type-simple"},"_links":{"self":[{"href":"https:\/\/lubricantesauto.com\/en\/wp-json\/wp\/v2\/product\/40559","targetHints":{"allow":["GET"]}}],"collection":[{"href":"https:\/\/lubricantesauto.com\/en\/wp-json\/wp\/v2\/product"}],"about":[{"href":"https:\/\/lubricantesauto.com\/en\/wp-json\/wp\/v2\/types\/product"}],"replies":[{"embeddable":true,"href":"https:\/\/lubricantesauto.com\/en\/wp-json\/wp\/v2\/comments?post=40559"}],"wp:featuredmedia":[{"embeddable":true,"href":"https:\/\/lubricantesauto.com\/en\/wp-json\/wp\/v2\/media\/40593"}],"wp:attachment":[{"href":"https:\/\/lubricantesauto.com\/en\/wp-json\/wp\/v2\/media?parent=40559"}],"wp:term":[{"taxonomy":"product_brand","embeddable":true,"href":"https:\/\/lubricantesauto.com\/en\/wp-json\/wp\/v2\/product_brand?post=40559"},{"taxonomy":"product_cat","embeddable":true,"href":"https:\/\/lubricantesauto.com\/en\/wp-json\/wp\/v2\/product_cat?post=40559"},{"taxonomy":"product_tag","embeddable":true,"href":"https:\/\/lubricantesauto.com\/en\/wp-json\/wp\/v2\/product_tag?post=40559"}],"curies":[{"name":"wp","href":"https:\/\/api.w.org\/{rel}","templated":true}]}}