{"id":40558,"date":"2026-02-16T16:01:05","date_gmt":"2026-02-16T16:01:05","guid":{"rendered":"https:\/\/lubricantesauto.com\/?post_type=product&#038;p=40558"},"modified":"2026-02-16T16:01:18","modified_gmt":"2026-02-16T16:01:18","slug":"repsol-elite-long-life-50700-50400-5w30-5l","status":"publish","type":"product","link":"https:\/\/lubricantesauto.com\/en\/product\/repsol-elite-long-life-50700-50400-5w30-5l\/","title":{"rendered":"REPSOL ELITE LONG LIFE 50700\/50400 5W30 5L"},"content":{"rendered":"<div class=\"celwidget aplus-module module-7 aplus-standard\" data-csa-c-id=\"qg79y7-ruxaqs-93ehpz-ilxy40\" data-cel-widget=\"aplus-module-7\">\n<div class=\"aplus-module-wrapper apm-fixed-width\">\n<div class=\"apm-spacing apm-wrap\">\n<div class=\"apm-floatleft apm-wrap\">\n<div class=\"apm-centerthirdcol\">\n<h2 data-start=\"684\" data-end=\"761\">Repsol Elite Long Life 5W-30 5L: alto rendimiento para motores exigentes<\/h2>\n<p data-start=\"762\" data-end=\"1539\">REPSOL LL 50700\/50400 5W30 5L es un aceite de motor completamente sint\u00e9tico dise\u00f1ado para los veh\u00edculos m\u00e1s exigentes de gasolina y di\u00e9sel del grupo VW-Audi-Seat-Skoda que requieren las especificaciones <strong data-start=\"974\" data-end=\"996\">VW 504.00 \/ 507.00<\/strong>. <span class=\"\" data-state=\"closed\"><span class=\"ms-1 inline-flex max-w-full items-center relative top-[-0.094rem] animate-[show_150ms_ease-in]\" data-testid=\"webpage-citation-pill\"><a class=\"flex h-4.5 overflow-hidden rounded-xl px-2 text-[9px] font-medium transition-colors duration-150 ease-in-out text-token-text-secondary! bg-[#F4F4F4]! dark:bg-[#303030]!\" href=\"https:\/\/lubricants.repsol.com\/en\/products\/lubricants-search-engine\/detail-of-lubricants.RP_0057I\/?utm_source=chatgpt.com\" target=\"_blank\" rel=\"noopener\"><span class=\"relative start-0 bottom-0 flex h-full w-full items-center\"><span class=\"flex h-4 w-full items-center justify-between absolute\"><span class=\"max-w-[15ch] grow truncate overflow-hidden text-center\">REPSOL<\/span><span class=\"-me-1 flex h-full items-center rounded-full px-1 text-[#8F8F8F]\">+3<\/span><\/span><span class=\"flex h-4 w-full items-center justify-between\"><span class=\"max-w-[15ch] grow truncate overflow-hidden text-center\">REPSOL<\/span><span class=\"-me-1 flex h-full items-center rounded-full px-1 text-[#8F8F8F]\">+3<\/span><\/span><span class=\"flex h-4 w-full items-center justify-between absolute\"><span class=\"max-w-[15ch] grow truncate overflow-hidden text-center\">azoil.es<\/span><span class=\"-me-1 flex h-full items-center rounded-full px-1 text-[#8F8F8F]\">+3<\/span><\/span><\/span><\/a><\/span><\/span><br data-start=\"1035\" data-end=\"1038\" \/>Este aceite est\u00e1 especialmente formulado para motores de inyecci\u00f3n directa y para veh\u00edculos equipados con filtros de part\u00edculas (DPF), gracias a su formulaci\u00f3n \u201cLow SAPS\u201d o de bajo contenido en cenizas, lo que favorece la durabilidad del sistema de post-tratamiento de gases. <span class=\"\" data-state=\"closed\"><span class=\"ms-1 inline-flex max-w-full items-center relative top-[-0.094rem] animate-[show_150ms_ease-in]\" data-testid=\"webpage-citation-pill\"><a class=\"flex h-4.5 overflow-hidden rounded-xl px-2 text-[9px] font-medium transition-colors duration-150 ease-in-out text-token-text-secondary! bg-[#F4F4F4]! dark:bg-[#303030]!\" href=\"https:\/\/lubricants.repsol.com\/content\/dam\/repsol-corporate\/en_gb\/productos-y-servicios\/lubricantes-documentos\/elite-long-life-5w-30-EN.pdf?utm_source=chatgpt.com\" target=\"_blank\" rel=\"noopener\"><span class=\"relative start-0 bottom-0 flex h-full w-full items-center\"><span class=\"flex h-4 w-full items-center justify-between\"><span class=\"max-w-[15ch] grow truncate overflow-hidden text-center\">REPSOL<\/span><span class=\"-me-1 flex h-full items-center rounded-full px-1 text-[#8F8F8F]\">+2<\/span><\/span><span class=\"flex h-4 w-full items-center justify-between absolute\"><span class=\"max-w-[15ch] grow truncate overflow-hidden text-center\">Geizhals<\/span><span class=\"-me-1 flex h-full items-center rounded-full px-1 text-[#8F8F8F]\">+2<\/span><\/span><\/span><\/a><\/span><\/span><br data-start=\"1351\" data-end=\"1354\" \/>Adem\u00e1s, es un producto \u201cLong Life\u201d que puede permitir intervalos de cambio prolongados, <strong data-start=\"1442\" data-end=\"1461\">hasta 50 000 km<\/strong> en funci\u00f3n del fabricante del veh\u00edculo. <span class=\"\" data-state=\"closed\"><span class=\"ms-1 inline-flex max-w-full items-center relative top-[-0.094rem] animate-[show_150ms_ease-in]\" data-testid=\"webpage-citation-pill\"><a class=\"flex h-4.5 overflow-hidden rounded-xl px-2 text-[9px] font-medium transition-colors duration-150 ease-in-out text-token-text-secondary! bg-[#F4F4F4]! dark:bg-[#303030]!\" href=\"https:\/\/gzhls.at\/blob\/ldb\/9\/a\/2\/9\/8ed87e152fc176cdb8c70219472ec6e6641d.pdf?utm_source=chatgpt.com\" target=\"_blank\" rel=\"noopener\"><span class=\"relative start-0 bottom-0 flex h-full w-full items-center\"><span class=\"flex h-4 w-full items-center justify-between overflow-hidden\"><span class=\"max-w-[15ch] grow truncate overflow-hidden text-center\">Geizhals<\/span><\/span><\/span><\/a><\/span><\/span><\/p>\n<p data-start=\"1541\" data-end=\"1770\">\ud83d\udc49 Para m\u00e1s informaci\u00f3n t\u00e9cnica, consulta la <a class=\"decorated-link\" href=\"https:\/\/lubricants.repsol.com\/en\/products\/lubricants-search-engine\/detail-of-lubricants.RP_0057I\/?utm_source=chatgpt.com\" target=\"_new\" rel=\"noopener\" data-start=\"1586\" data-end=\"1752\">ficha oficial de Repsol Lubricants<\/a> (enlace externo).<\/p>\n<hr data-start=\"1772\" data-end=\"1775\" \/>\n<h3 data-start=\"1777\" data-end=\"1821\">\u2699\ufe0f Tecnolog\u00eda y especificaciones clave<\/h3>\n<p data-start=\"1822\" data-end=\"1934\">El aceite REPSOL LL 50700\/50400 5W30\u00a0posee una viscosidad <strong data-start=\"1880\" data-end=\"1893\">SAE 5W-30<\/strong> y cumple con los m\u00e1s altos est\u00e1ndares:<\/p>\n<ul data-start=\"1935\" data-end=\"2268\">\n<li data-start=\"1935\" data-end=\"1961\">\n<p data-start=\"1937\" data-end=\"1961\"><strong data-start=\"1937\" data-end=\"1959\">VW 504.00 \/ 507.00<\/strong><\/p>\n<\/li>\n<li data-start=\"1962\" data-end=\"1988\">\n<p data-start=\"1964\" data-end=\"1988\"><strong data-start=\"1964\" data-end=\"1986\">MB-Approval 229.51<\/strong><\/p>\n<\/li>\n<li data-start=\"1989\" data-end=\"2268\">\n<p data-start=\"1991\" data-end=\"2268\">Homologaciones adicionales como <strong data-start=\"2023\" data-end=\"2038\">Porsche C30<\/strong>, <strong data-start=\"2040\" data-end=\"2053\">BMW LL-04<\/strong>, <strong data-start=\"2055\" data-end=\"2066\">ACEA C3<\/strong> y <strong data-start=\"2069\" data-end=\"2079\">API SN<\/strong>. <span class=\"\" data-state=\"closed\"><span class=\"ms-1 inline-flex max-w-full items-center relative top-[-0.094rem] animate-[show_150ms_ease-in]\" data-testid=\"webpage-citation-pill\"><a class=\"flex h-4.5 overflow-hidden rounded-xl px-2 text-[9px] font-medium transition-colors duration-150 ease-in-out text-token-text-secondary! bg-[#F4F4F4]! dark:bg-[#303030]!\" href=\"https:\/\/www.motorni-masla.net\/doc\/pdf\/repsol\/REPSOL_5W30_LONGLIFE_507.pdf?utm_source=chatgpt.com\" target=\"_blank\" rel=\"noopener\"><span class=\"relative start-0 bottom-0 flex h-full w-full items-center\"><span class=\"flex h-4 w-full items-center justify-between\"><span class=\"max-w-[15ch] grow truncate overflow-hidden text-center\">motorni-masla.net<\/span><span class=\"-me-1 flex h-full items-center rounded-full px-1 text-[#8F8F8F]\">+1<\/span><\/span><\/span><\/a><\/span><\/span><br data-start=\"2118\" data-end=\"2121\" \/>Gracias a esta combinaci\u00f3n, es apto para una amplia gama de veh\u00edculos que requieren aceites modernos, eficientes y compatibles con filtros DPF\/GPF.<\/p>\n<\/li>\n<\/ul>\n<hr data-start=\"2270\" data-end=\"2273\" \/>\n<h3 data-start=\"2275\" data-end=\"2320\">\u2705 Beneficios del Repsol Elite Long Life<\/h3>\n<ul data-start=\"2321\" data-end=\"3055\">\n<li data-start=\"2321\" data-end=\"2415\">\n<p data-start=\"2323\" data-end=\"2415\">Proporciona <strong data-start=\"2335\" data-end=\"2358\">protecci\u00f3n avanzada<\/strong> frente al desgaste del motor bajo condiciones severas.<\/p>\n<\/li>\n<li data-start=\"2416\" data-end=\"2552\">\n<p data-start=\"2418\" data-end=\"2552\">Contribuye a la <strong data-start=\"2434\" data-end=\"2474\">reducci\u00f3n del consumo de combustible<\/strong> y de emisiones contaminantes gracias a su formulaci\u00f3n sint\u00e9tica de calidad.<\/p>\n<\/li>\n<li data-start=\"2553\" data-end=\"2663\">\n<p data-start=\"2555\" data-end=\"2663\">Su compatibilidad con sistemas de post-tratamiento hace que sea ideal para <strong data-start=\"2630\" data-end=\"2660\">veh\u00edculos modernos con DPF<\/strong>.<\/p>\n<\/li>\n<li data-start=\"2664\" data-end=\"2758\">\n<p data-start=\"2666\" data-end=\"2758\">Permite <strong data-start=\"2674\" data-end=\"2716\">mayores intervalos de cambio de aceite<\/strong>, lo que ofrece ahorro en mantenimiento.<\/p>\n<\/li>\n<li data-start=\"2759\" data-end=\"3055\">\n<p data-start=\"2761\" data-end=\"3055\">Mantiene una lubricaci\u00f3n estable tanto en arranques en fr\u00edo como en altas temperaturas, garantizando una respuesta \u00f3ptima del motor.<br data-start=\"2893\" data-end=\"2896\" \/>Para explorar otras opciones, visita nuestra <a class=\"decorated-link cursor-pointer\" target=\"_new\" rel=\"noopener\" data-start=\"2941\" data-end=\"3037\">categor\u00eda de aceites de motor<\/a> (enlace interno).<\/p>\n<\/li>\n<\/ul>\n<hr data-start=\"3057\" data-end=\"3060\" \/>\n<h3 data-start=\"3062\" data-end=\"3101\">\ud83d\udee0\ufe0f Aplicaciones y compatibilidad<\/h3>\n<p data-start=\"3102\" data-end=\"3519\">El <strong data-start=\"3105\" data-end=\"3131\">repsol elite long life<\/strong> 5W-30 5L es adecuado para turismos y modelos ligeros de gasolina y di\u00e9sel que demanden un lubricante con la especificaci\u00f3n <strong data-start=\"3255\" data-end=\"3269\">VW 504\/507<\/strong> o equivalentes. Es compatible con motores modernos que disponen de inyecci\u00f3n directa, turboalimentaci\u00f3n y filtros de part\u00edculas, siendo una opci\u00f3n id\u00f3nea para marcas del grupo VW, pero tambi\u00e9n para otros fabricantes que reconocen estas normativas.<\/p>\n<hr data-start=\"3521\" data-end=\"3524\" \/>\n<h3 data-start=\"3526\" data-end=\"3546\">\ud83d\udee2\ufe0f Conclusi\u00f3n<\/h3>\n<p data-start=\"3547\" data-end=\"3933\">En definitiva, el <strong data-start=\"3565\" data-end=\"3591\">repsol elite long life<\/strong> 5W-30 5L representa una elecci\u00f3n excelente para conductores exigentes que buscan un aceite de motor sint\u00e9tico premium, compatible con las normativas m\u00e1s avanzadas y con tecnolog\u00edas modernas de reducci\u00f3n de emisiones. Su f\u00f3rmula garantiza protecci\u00f3n, limpieza y eficiencia para prolongar la vida \u00fatil del motor sin comprometer el rendimiento.<\/p>\n<\/div>\n<\/div>\n<\/div>\n<\/div>\n<\/div>\n","protected":false},"excerpt":{"rendered":"<p>Repsol Elite Long Life 5W-30 5L: alto rendimiento para motores exigentes REPSOL LL 50700\/50400 5W30 5L es un aceite de motor completamente sint\u00e9tico dise\u00f1ado para los veh\u00edculos m\u00e1s exigentes de&hellip;<\/p>","protected":false},"featured_media":40590,"comment_status":"open","ping_status":"closed","template":"","meta":[],"product_brand":[],"product_cat":[327,321,347,323],"product_tag":[],"class_list":{"0":"post-40558","1":"product","2":"type-product","3":"status-publish","4":"has-post-thumbnail","6":"product_cat-5w30","7":"product_cat-aceites-de-motor","8":"product_cat-destacados-aceites-de-motor","9":"product_cat-otros","11":"first","12":"instock","13":"purchasable","14":"product-type-simple"},"_links":{"self":[{"href":"https:\/\/lubricantesauto.com\/en\/wp-json\/wp\/v2\/product\/40558","targetHints":{"allow":["GET"]}}],"collection":[{"href":"https:\/\/lubricantesauto.com\/en\/wp-json\/wp\/v2\/product"}],"about":[{"href":"https:\/\/lubricantesauto.com\/en\/wp-json\/wp\/v2\/types\/product"}],"replies":[{"embeddable":true,"href":"https:\/\/lubricantesauto.com\/en\/wp-json\/wp\/v2\/comments?post=40558"}],"wp:featuredmedia":[{"embeddable":true,"href":"https:\/\/lubricantesauto.com\/en\/wp-json\/wp\/v2\/media\/40590"}],"wp:attachment":[{"href":"https:\/\/lubricantesauto.com\/en\/wp-json\/wp\/v2\/media?parent=40558"}],"wp:term":[{"taxonomy":"product_brand","embeddable":true,"href":"https:\/\/lubricantesauto.com\/en\/wp-json\/wp\/v2\/product_brand?post=40558"},{"taxonomy":"product_cat","embeddable":true,"href":"https:\/\/lubricantesauto.com\/en\/wp-json\/wp\/v2\/product_cat?post=40558"},{"taxonomy":"product_tag","embeddable":true,"href":"https:\/\/lubricantesauto.com\/en\/wp-json\/wp\/v2\/product_tag?post=40558"}],"curies":[{"name":"wp","href":"https:\/\/api.w.org\/{rel}","templated":true}]}}