{"id":40557,"date":"2026-02-16T16:01:05","date_gmt":"2026-02-16T16:01:05","guid":{"rendered":"https:\/\/lubricantesauto.com\/?post_type=product&#038;p=40557"},"modified":"2026-02-16T16:01:14","modified_gmt":"2026-02-16T16:01:14","slug":"wynns-aditivo-anticristalizante-para-adblue-250-ml","status":"publish","type":"product","link":"https:\/\/lubricantesauto.com\/en\/product\/wynns-aditivo-anticristalizante-para-adblue-250-ml\/","title":{"rendered":"Wynn&#8217;s Aditivo Anticristalizante para AdBlue \u2013 250 ml"},"content":{"rendered":"<ul class=\"a-unordered-list a-vertical a-spacing-mini\">\n<li class=\"a-spacing-mini\">\n<h2 data-start=\"674\" data-end=\"758\">Wynn\u2019s Anticristalizante AdBlue 125 ml: soluci\u00f3n preventiva para tu sistema SCR<\/h2>\n<p data-start=\"759\" data-end=\"1323\">Wynn Aditivo Anticristalizante Adblue 125ml es un aditivo especializado dise\u00f1ado para evitar los problemas causados por la cristalizaci\u00f3n del l\u00edquido AdBlue\u00ae en veh\u00edculos con tecnolog\u00eda SCR (Reducci\u00f3n Catal\u00edtica Selectiva). Cuando los dep\u00f3sitos de urea se enfr\u00edan o no alcanzan la temperatura adecuada, pueden formarse cristales que obstruyen bombas, sensores o inyectores. Gracias a este aditivo, puedes <strong data-start=\"1159\" data-end=\"1209\">prevenir costosas reparaciones del sistema SCR<\/strong>, mejorar su funcionamiento y mantener el veh\u00edculo en \u00f3ptimas condiciones. <span class=\"\" data-state=\"closed\"><span class=\"ms-1 inline-flex max-w-full items-center relative top-[-0.094rem] animate-[show_150ms_ease-in]\" data-testid=\"webpage-citation-pill\"><a class=\"flex h-4.5 overflow-hidden rounded-xl px-2 text-[9px] font-medium transition-colors duration-150 ease-in-out text-token-text-secondary! bg-[#F4F4F4]! dark:bg-[#303030]!\" href=\"https:\/\/www.wynns.es\/profesional\/como-terminar-cristalizacion-de-ad-blue\/?utm_source=chatgpt.com\" target=\"_blank\" rel=\"noopener\"><span class=\"relative start-0 bottom-0 flex h-full w-full items-center\"><span class=\"flex h-4 w-full items-center justify-between\"><span class=\"max-w-[15ch] grow truncate overflow-hidden text-center\">Wynn&#8217;s Espa\u00f1a<\/span><span class=\"-me-1 flex h-full items-center rounded-full px-1 text-[#8F8F8F]\">+2<\/span><\/span><span class=\"flex h-4 w-full items-center justify-between absolute\"><span class=\"max-w-[15ch] grow truncate overflow-hidden text-center\">Wynn&#8217;s Europe<\/span><span class=\"-me-1 flex h-full items-center rounded-full px-1 text-[#8F8F8F]\">+2<\/span><\/span><\/span><\/a><\/span><\/span><\/p>\n<p data-start=\"1325\" data-end=\"1505\">Para ver m\u00e1s aditivos del sistema AdBlue\u00ae, visita nuestra <a class=\"decorated-link cursor-pointer\" target=\"_new\" rel=\"noopener\" data-start=\"1383\" data-end=\"1487\">categor\u00eda de aditivos di\u00e9sel<\/a> (enlace interno).<\/p>\n<hr data-start=\"1507\" data-end=\"1510\" \/>\n<h3 data-start=\"1512\" data-end=\"1573\">\u2699\ufe0f Beneficios clave del Wynn\u2019s Anticristalizante AdBlue<\/h3>\n<ul data-start=\"1574\" data-end=\"2173\">\n<li data-start=\"1574\" data-end=\"1747\">\n<p data-start=\"1576\" data-end=\"1747\">Previene la formaci\u00f3n de cristales de urea en el dep\u00f3sito AdBlue\u00ae as\u00ed como en la bomba, sensor de nivel e inyector del sistema SCR. <span class=\"\" data-state=\"closed\"><span class=\"ms-1 inline-flex max-w-full items-center relative top-[-0.094rem] animate-[show_150ms_ease-in]\" data-testid=\"webpage-citation-pill\"><a class=\"flex h-4.5 overflow-hidden rounded-xl px-2 text-[9px] font-medium transition-colors duration-150 ease-in-out text-token-text-secondary! bg-[#F4F4F4]! dark:bg-[#303030]!\" href=\"https:\/\/www.wynns.es\/producto\/crystal-clean-protect-125\/?utm_source=chatgpt.com\" target=\"_blank\" rel=\"noopener\"><span class=\"relative start-0 bottom-0 flex h-full w-full items-center\"><span class=\"flex h-4 w-full items-center justify-between\"><span class=\"max-w-[15ch] grow truncate overflow-hidden text-center\">Wynn&#8217;s Espa\u00f1a<\/span><span class=\"-me-1 flex h-full items-center rounded-full px-1 text-[#8F8F8F]\">+1<\/span><\/span><\/span><\/a><\/span><\/span><\/p>\n<\/li>\n<li data-start=\"1748\" data-end=\"1914\">\n<p data-start=\"1750\" data-end=\"1914\">Mantiene limpio el sistema SCR\/AdBlue\u00ae, mejorando su eficiencia y reduciendo las aver\u00edas relacionadas con la cristalizaci\u00f3n. <span class=\"\" data-state=\"closed\"><span class=\"ms-1 inline-flex max-w-full items-center relative top-[-0.094rem] animate-[show_150ms_ease-in]\" data-testid=\"webpage-citation-pill\"><a class=\"flex h-4.5 overflow-hidden rounded-xl px-2 text-[9px] font-medium transition-colors duration-150 ease-in-out text-token-text-secondary! bg-[#F4F4F4]! dark:bg-[#303030]!\" href=\"https:\/\/www.wynns.eu\/product\/crystal-clean-protect-125\/?utm_source=chatgpt.com\" target=\"_blank\" rel=\"noopener\"><span class=\"relative start-0 bottom-0 flex h-full w-full items-center\"><span class=\"flex h-4 w-full items-center justify-between\"><span class=\"max-w-[15ch] grow truncate overflow-hidden text-center\">Wynn&#8217;s Europe<\/span><span class=\"-me-1 flex h-full items-center rounded-full px-1 text-[#8F8F8F]\">+1<\/span><\/span><\/span><\/a><\/span><\/span><\/p>\n<\/li>\n<li data-start=\"1915\" data-end=\"2059\">\n<p data-start=\"1917\" data-end=\"2059\">Compatible con todos los motores di\u00e9sel que utilizan AdBlue\u00ae o DEF, independientemente del fabricante. <span class=\"\" data-state=\"closed\"><span class=\"ms-1 inline-flex max-w-full items-center relative top-[-0.094rem] animate-[show_150ms_ease-in]\" data-testid=\"webpage-citation-pill\"><a class=\"flex h-4.5 overflow-hidden rounded-xl px-2 text-[9px] font-medium transition-colors duration-150 ease-in-out text-token-text-secondary! bg-[#F4F4F4]! dark:bg-[#303030]!\" href=\"https:\/\/www.wynns.eu\/product\/crystal-clean-protect-125\/?utm_source=chatgpt.com\" target=\"_blank\" rel=\"noopener\"><span class=\"relative start-0 bottom-0 flex h-full w-full items-center\"><span class=\"flex h-4 w-full items-center justify-between\"><span class=\"max-w-[15ch] grow truncate overflow-hidden text-center\">Wynn&#8217;s Europe<\/span><span class=\"-me-1 flex h-full items-center rounded-full px-1 text-[#8F8F8F]\">+1<\/span><\/span><\/span><\/a><\/span><\/span><\/p>\n<\/li>\n<li data-start=\"2060\" data-end=\"2173\">\n<p data-start=\"2062\" data-end=\"2173\">F\u00e1cil de usar: a\u00f1ade directamente al dep\u00f3sito de AdBlue\u00ae en cada recarga para asegurar una protecci\u00f3n continua.<\/p>\n<\/li>\n<\/ul>\n<hr data-start=\"2175\" data-end=\"2178\" \/>\n<h3 data-start=\"2180\" data-end=\"2203\">\ud83e\uddf0 Modo de empleo<\/h3>\n<ol data-start=\"2204\" data-end=\"2489\">\n<li data-start=\"2204\" data-end=\"2291\">\n<p data-start=\"2207\" data-end=\"2291\">A\u00f1ade el contenido completo del frasco al dep\u00f3sito de AdBlue\u00ae antes de su recarga.<\/p>\n<\/li>\n<li data-start=\"2292\" data-end=\"2376\">\n<p data-start=\"2295\" data-end=\"2376\">Se recomienda usar en cada recarga para mantener el sistema libre de cristales.<\/p>\n<\/li>\n<li data-start=\"2377\" data-end=\"2489\">\n<p data-start=\"2380\" data-end=\"2489\">Un solo bote de 125 ml trata hasta ~15 litros de AdBlue\u00ae en turismos. <span class=\"\" data-state=\"closed\"><span class=\"ms-1 inline-flex max-w-full items-center relative top-[-0.094rem] animate-[show_150ms_ease-in]\" data-testid=\"webpage-citation-pill\"><a class=\"flex h-4.5 overflow-hidden rounded-xl px-2 text-[9px] font-medium transition-colors duration-150 ease-in-out text-token-text-secondary! bg-[#F4F4F4]! dark:bg-[#303030]!\" href=\"https:\/\/www.wynns.es\/producto\/crystal-clean-protect-125\/?utm_source=chatgpt.com\" target=\"_blank\" rel=\"noopener\"><span class=\"relative start-0 bottom-0 flex h-full w-full items-center\"><span class=\"flex h-4 w-full items-center justify-between\"><span class=\"max-w-[15ch] grow truncate overflow-hidden text-center\">Wynn&#8217;s Espa\u00f1a<\/span><span class=\"-me-1 flex h-full items-center rounded-full px-1 text-[#8F8F8F]\">+1<\/span><\/span><\/span><\/a><\/span><\/span><\/p>\n<\/li>\n<\/ol>\n<hr data-start=\"2491\" data-end=\"2494\" \/>\n<h3 data-start=\"2496\" data-end=\"2533\">\ud83d\udee0\ufe0f Compatibilidad y aplicaci\u00f3n<\/h3>\n<p data-start=\"2534\" data-end=\"2865\">El aditivo Wynn Aditivo Anticristalizante Adblue\u00a0est\u00e1 indicado para veh\u00edculos di\u00e9sel equipados con tecnolog\u00eda SCR, sea para turismos, furgonetas o camiones ligeros. Es compatible con todos los fluidos AdBlue\u00ae homologados y con los sistemas SCR que requieren protecci\u00f3n frente a la cristalizaci\u00f3n y obstrucci\u00f3n del circuito de urea.<\/p>\n<p data-start=\"2867\" data-end=\"3024\">Puedes consultar ejemplos de aplicaci\u00f3n real en talleres y ver c\u00f3mo se previenen los fallos con cristales de AdBlue\u00ae. <span class=\"\" data-state=\"closed\"><span class=\"ms-1 inline-flex max-w-full items-center relative top-[-0.094rem] animate-[show_150ms_ease-in]\" data-testid=\"webpage-citation-pill\"><a class=\"flex h-4.5 overflow-hidden rounded-xl px-2 text-[9px] font-medium transition-colors duration-150 ease-in-out text-token-text-secondary! bg-[#F4F4F4]! dark:bg-[#303030]!\" href=\"https:\/\/www.wynns.es\/profesional\/como-terminar-cristalizacion-de-ad-blue\/?utm_source=chatgpt.com\" target=\"_blank\" rel=\"noopener\"><span class=\"relative start-0 bottom-0 flex h-full w-full items-center\"><span class=\"flex h-4 w-full items-center justify-between\"><span class=\"max-w-[15ch] grow truncate overflow-hidden text-center\">Wynn&#8217;s Espa\u00f1a<\/span><span class=\"-me-1 flex h-full items-center rounded-full px-1 text-[#8F8F8F]\">+1<\/span><\/span><\/span><\/a><\/span><\/span><\/p>\n<hr data-start=\"3026\" data-end=\"3029\" \/>\n<h3 data-start=\"3031\" data-end=\"3051\">\ud83d\udee2\ufe0f Conclusi\u00f3n<\/h3>\n<p data-start=\"3052\" data-end=\"3402\">En resumen, el <strong data-start=\"3067\" data-end=\"3102\">wynn\u2019s anticristalizante adblue<\/strong> es una soluci\u00f3n preventiva eficaz para conductores que desean evitar fallos costosos en el sistema SCR, prolongar la vida \u00fatil de sus componentes y garantizar un funcionamiento \u00f3ptimo del AdBlue\u00ae. Una inversi\u00f3n peque\u00f1a que puede evitar grandes gastos y aver\u00edas en sistemas de postratamiento moderno.<\/p>\n<\/li>\n<\/ul>\n","protected":false},"excerpt":{"rendered":"<p>Wynn\u2019s Anticristalizante AdBlue 125 ml: soluci\u00f3n preventiva para tu sistema SCR Wynn Aditivo Anticristalizante Adblue 125ml es un aditivo especializado dise\u00f1ado para evitar los problemas causados por la cristalizaci\u00f3n del&hellip;<\/p>","protected":false},"featured_media":40588,"comment_status":"open","ping_status":"closed","template":"","meta":[],"product_brand":[335],"product_cat":[333,334,336],"product_tag":[],"class_list":{"0":"post-40557","1":"product","2":"type-product","3":"status-publish","4":"has-post-thumbnail","6":"product_brand-wynns","7":"product_cat-aditivos-de-motor","8":"product_cat-diesel","9":"product_cat-gasolina","11":"first","12":"instock","13":"sale","14":"purchasable","15":"product-type-simple"},"_links":{"self":[{"href":"https:\/\/lubricantesauto.com\/en\/wp-json\/wp\/v2\/product\/40557","targetHints":{"allow":["GET"]}}],"collection":[{"href":"https:\/\/lubricantesauto.com\/en\/wp-json\/wp\/v2\/product"}],"about":[{"href":"https:\/\/lubricantesauto.com\/en\/wp-json\/wp\/v2\/types\/product"}],"replies":[{"embeddable":true,"href":"https:\/\/lubricantesauto.com\/en\/wp-json\/wp\/v2\/comments?post=40557"}],"wp:featuredmedia":[{"embeddable":true,"href":"https:\/\/lubricantesauto.com\/en\/wp-json\/wp\/v2\/media\/40588"}],"wp:attachment":[{"href":"https:\/\/lubricantesauto.com\/en\/wp-json\/wp\/v2\/media?parent=40557"}],"wp:term":[{"taxonomy":"product_brand","embeddable":true,"href":"https:\/\/lubricantesauto.com\/en\/wp-json\/wp\/v2\/product_brand?post=40557"},{"taxonomy":"product_cat","embeddable":true,"href":"https:\/\/lubricantesauto.com\/en\/wp-json\/wp\/v2\/product_cat?post=40557"},{"taxonomy":"product_tag","embeddable":true,"href":"https:\/\/lubricantesauto.com\/en\/wp-json\/wp\/v2\/product_tag?post=40557"}],"curies":[{"name":"wp","href":"https:\/\/api.w.org\/{rel}","templated":true}]}}