{"id":40556,"date":"2026-02-16T16:01:05","date_gmt":"2026-02-16T16:01:05","guid":{"rendered":"https:\/\/lubricantesauto.com\/?post_type=product&#038;p=40556"},"modified":"2026-02-16T16:01:11","modified_gmt":"2026-02-16T16:01:11","slug":"castrol-edge-ll-5w30-5l","status":"publish","type":"product","link":"https:\/\/lubricantesauto.com\/en\/product\/castrol-edge-ll-5w30-5l\/","title":{"rendered":"Castrol EDGE LL 5W30 5L"},"content":{"rendered":"<h2 data-start=\"696\" data-end=\"775\">Castrol EDGE 5W-30 LL 5L: rendimiento de alto nivel para motores exigentes<\/h2>\n<p data-start=\"776\" data-end=\"1288\">El <strong data-start=\"779\" data-end=\"803\">castrol edge 5w30 ll<\/strong> es un lubricante totalmente sint\u00e9tico dise\u00f1ado para los motores m\u00e1s avanzados (gasolina y di\u00e9sel), especialmente aquellos que requieren especificaciones <strong data-start=\"957\" data-end=\"979\">VW 504 00 \/ 507 00<\/strong>, <strong data-start=\"981\" data-end=\"1012\">MB-Approval 229.31 \/ 229.51<\/strong> o <strong data-start=\"1015\" data-end=\"1030\">Porsche C30<\/strong>. <span class=\"\" data-state=\"closed\"><span class=\"ms-1 inline-flex max-w-full items-center relative top-[-0.094rem] animate-[show_150ms_ease-in]\" data-testid=\"webpage-citation-pill\"><a class=\"flex h-4.5 overflow-hidden rounded-xl px-2 text-[9px] font-medium transition-colors duration-150 ease-in-out text-token-text-secondary! bg-[#F4F4F4]! dark:bg-[#303030]!\" href=\"https:\/\/msdspds.castrol.com\/bpglis\/FusionPDS.nsf\/Files\/10388AFC64B7F46E8025878A00825DFB\/%24File\/wepp-c638q8.pdf?utm_source=chatgpt.com\" target=\"_blank\" rel=\"noopener\"><span class=\"relative start-0 bottom-0 flex h-full w-full items-center\"><span class=\"flex h-4 w-full items-center justify-between\"><span class=\"max-w-[15ch] grow truncate overflow-hidden text-center\">msdspds.castrol.com<\/span><span class=\"-me-1 flex h-full items-center rounded-full px-1 text-[#8F8F8F]\">+2<\/span><\/span><span class=\"flex h-4 w-full items-center justify-between absolute\"><span class=\"max-w-[15ch] grow truncate overflow-hidden text-center\">msdspds.castrol.com<\/span><span class=\"-me-1 flex h-full items-center rounded-full px-1 text-[#8F8F8F]\">+2<\/span><\/span><\/span><\/a><\/span><\/span> Gracias a su tecnolog\u00eda <strong data-start=\"1094\" data-end=\"1111\">TITANIUM FST\u2122<\/strong>, esta f\u00f3rmula refuerza la pel\u00edcula lubricante bajo presi\u00f3n extrema, reduciendo la fricci\u00f3n y permiti\u00e9ndote exigir lo m\u00e1ximo de tu motor. <span class=\"\" data-state=\"closed\"><span class=\"ms-1 inline-flex max-w-full items-center relative top-[-0.094rem] animate-[show_150ms_ease-in]\" data-testid=\"webpage-citation-pill\"><a class=\"flex h-4.5 overflow-hidden rounded-xl px-2 text-[9px] font-medium transition-colors duration-150 ease-in-out text-token-text-secondary! bg-[#F4F4F4]! dark:bg-[#303030]!\" href=\"https:\/\/msdspds.castrol.com\/bpglis\/FusionPDS.nsf\/Files\/01E987C9F0AC064F8025856D0016E5E1\/%24File\/wepp-bpsmes.pdf?utm_source=chatgpt.com\" target=\"_blank\" rel=\"noopener\"><span class=\"relative start-0 bottom-0 flex h-full w-full items-center\"><span class=\"flex h-4 w-full items-center justify-between\"><span class=\"max-w-[15ch] grow truncate overflow-hidden text-center\">msdspds.castrol.com<\/span><span class=\"-me-1 flex h-full items-center rounded-full px-1 text-[#8F8F8F]\">+1<\/span><\/span><\/span><\/a><\/span><\/span><\/p>\n<p data-start=\"1290\" data-end=\"1649\">Desde el primer uso del castrol edge 5w30 ll notar\u00e1s un motor m\u00e1s \u00e1gil, limpio y protegido incluso en condiciones de conducci\u00f3n muy exigentes (ciudad, autopista, altas revoluciones). Adem\u00e1s, su compatibilidad con sistemas de tratamiento de gases y filtros de part\u00edculas (DPF) lo hacen ideal para los veh\u00edculos modernos. <span class=\"\" data-state=\"closed\"><span class=\"ms-1 inline-flex max-w-full items-center relative top-[-0.094rem] animate-[show_150ms_ease-in]\" data-testid=\"webpage-citation-pill\"><a class=\"flex h-4.5 overflow-hidden rounded-xl px-2 text-[9px] font-medium transition-colors duration-150 ease-in-out text-token-text-secondary! bg-[#F4F4F4]! dark:bg-[#303030]!\" href=\"https:\/\/www.oilonline.store\/castrol-edge-5w-30-ll-longlife?utm_source=chatgpt.com\" target=\"_blank\" rel=\"noopener\"><span class=\"relative start-0 bottom-0 flex h-full w-full items-center\"><span class=\"flex h-4 w-full items-center justify-between\"><span class=\"max-w-[15ch] grow truncate overflow-hidden text-center\">oilonline.store<\/span><span class=\"-me-1 flex h-full items-center rounded-full px-1 text-[#8F8F8F]\">+1<\/span><\/span><\/span><\/a><\/span><\/span><\/p>\n<hr data-start=\"1651\" data-end=\"1654\" \/>\n<h3 data-start=\"1656\" data-end=\"1700\">\u2699\ufe0f Tecnolog\u00eda y especificaciones clave<\/h3>\n<p data-start=\"1701\" data-end=\"1790\">El aceite <strong data-start=\"1711\" data-end=\"1735\">castrol edge 5w30 ll<\/strong> cum\u00adple con las siguientes normas y certificaciones:<\/p>\n<ul data-start=\"1791\" data-end=\"2021\">\n<li data-start=\"1791\" data-end=\"1853\">\n<p data-start=\"1793\" data-end=\"1853\">Viscosidad SAE 5W-30 <span class=\"\" data-state=\"closed\"><span class=\"ms-1 inline-flex max-w-full items-center relative top-[-0.094rem] animate-[show_150ms_ease-in]\" data-testid=\"webpage-citation-pill\"><a class=\"flex h-4.5 overflow-hidden rounded-xl px-2 text-[9px] font-medium transition-colors duration-150 ease-in-out text-token-text-secondary! bg-[#F4F4F4]! dark:bg-[#303030]!\" href=\"https:\/\/msdspds.castrol.com\/bpglis\/FusionPDS.nsf\/Files\/472B3B64445410B9802584D500737BC8\/%24File\/bpxe-bk36lm.pdf?utm_source=chatgpt.com\" target=\"_blank\" rel=\"noopener\"><span class=\"relative start-0 bottom-0 flex h-full w-full items-center\"><span class=\"flex h-4 w-full items-center justify-between\"><span class=\"max-w-[15ch] grow truncate overflow-hidden text-center\">msdspds.castrol.com<\/span><span class=\"-me-1 flex h-full items-center rounded-full px-1 text-[#8F8F8F]\">+1<\/span><\/span><\/span><\/a><\/span><\/span><\/p>\n<\/li>\n<li data-start=\"1854\" data-end=\"1911\">\n<p data-start=\"1856\" data-end=\"1911\">Normas: ACEA C3 <span class=\"\" data-state=\"closed\"><span class=\"ms-1 inline-flex max-w-full items-center relative top-[-0.094rem] animate-[show_150ms_ease-in]\" data-testid=\"webpage-citation-pill\"><a class=\"flex h-4.5 overflow-hidden rounded-xl px-2 text-[9px] font-medium transition-colors duration-150 ease-in-out text-token-text-secondary! bg-[#F4F4F4]! dark:bg-[#303030]!\" href=\"https:\/\/msdspds.castrol.com\/bpglis\/FusionPDS.nsf\/Files\/E7CAE54FEB76519280258AED002759E9\/%24File\/WEPP-D3SUUB.pdf?utm_source=chatgpt.com\" target=\"_blank\" rel=\"noopener\"><span class=\"relative start-0 bottom-0 flex h-full w-full items-center\"><span class=\"flex h-4 w-full items-center justify-between overflow-hidden\"><span class=\"max-w-[15ch] grow truncate overflow-hidden text-center\">msdspds.castrol.com<\/span><\/span><\/span><\/a><\/span><\/span><\/p>\n<\/li>\n<li data-start=\"1912\" data-end=\"2021\">\n<p data-start=\"1914\" data-end=\"2021\">Homologaciones: VW 504 00 \/ 507 00, MB 229.31 \/ 229.51, Porsche C30 <span class=\"\" data-state=\"closed\"><span class=\"ms-1 inline-flex max-w-full items-center relative top-[-0.094rem] animate-[show_150ms_ease-in]\" data-testid=\"webpage-citation-pill\"><a class=\"flex h-4.5 overflow-hidden rounded-xl px-2 text-[9px] font-medium transition-colors duration-150 ease-in-out text-token-text-secondary! bg-[#F4F4F4]! dark:bg-[#303030]!\" href=\"https:\/\/msdspds.castrol.com\/bpglis\/FusionPDS.nsf\/Files\/10388AFC64B7F46E8025878A00825DFB\/%24File\/wepp-c638q8.pdf?utm_source=chatgpt.com\" target=\"_blank\" rel=\"noopener\"><span class=\"relative start-0 bottom-0 flex h-full w-full items-center\"><span class=\"flex h-4 w-full items-center justify-between\"><span class=\"max-w-[15ch] grow truncate overflow-hidden text-center\">msdspds.castrol.com<\/span><span class=\"-me-1 flex h-full items-center rounded-full px-1 text-[#8F8F8F]\">+1<\/span><\/span><\/span><\/a><\/span><\/span><\/p>\n<\/li>\n<\/ul>\n<p data-start=\"2023\" data-end=\"2196\">Gracias a estas especificaciones, el castrol edge 5w30 ll es apto para una gran variedad de veh\u00edculos europeos de alta gama que requieren lubricantes de \u00faltima generaci\u00f3n.<\/p>\n<p data-start=\"2198\" data-end=\"2342\">\ud83d\udc49 Para m\u00e1s detalles t\u00e9cnicos, puedes consultar la <a class=\"decorated-link\" href=\"https:\/\/www.castrol.com\/es_es\/spain\/home.html\" target=\"_new\" rel=\"noopener\" data-start=\"2249\" data-end=\"2322\">ficha oficial de Castrol<\/a> (enlace externo).<\/p>\n<hr data-start=\"2344\" data-end=\"2347\" \/>\n<h3 data-start=\"2349\" data-end=\"2405\">\u2705 Beneficios principales del Castrol EDGE 5W-30 LL<\/h3>\n<ul data-start=\"2406\" data-end=\"2922\">\n<li data-start=\"2406\" data-end=\"2515\">\n<p data-start=\"2408\" data-end=\"2515\">Mejora la <strong data-start=\"2418\" data-end=\"2441\">respuesta del motor<\/strong> tanto a corto como a largo plazo. <span class=\"\" data-state=\"closed\"><span class=\"ms-1 inline-flex max-w-full items-center relative top-[-0.094rem] animate-[show_150ms_ease-in]\" data-testid=\"webpage-citation-pill\"><a class=\"flex h-4.5 overflow-hidden rounded-xl px-2 text-[9px] font-medium transition-colors duration-150 ease-in-out text-token-text-secondary! bg-[#F4F4F4]! dark:bg-[#303030]!\" href=\"https:\/\/msdspds.castrol.com\/bpglis\/FusionPDS.nsf\/Files\/01E987C9F0AC064F8025856D0016E5E1\/%24File\/wepp-bpsmes.pdf?utm_source=chatgpt.com\" target=\"_blank\" rel=\"noopener\"><span class=\"relative start-0 bottom-0 flex h-full w-full items-center\"><span class=\"flex h-4 w-full items-center justify-between overflow-hidden\"><span class=\"max-w-[15ch] grow truncate overflow-hidden text-center\">msdspds.castrol.com<\/span><\/span><\/span><\/a><\/span><\/span><\/p>\n<\/li>\n<li data-start=\"2516\" data-end=\"2629\">\n<p data-start=\"2518\" data-end=\"2629\">Disminuye los dep\u00f3sitos internos del motor y ayuda a mantenerlo limpio. <span class=\"\" data-state=\"closed\"><span class=\"ms-1 inline-flex max-w-full items-center relative top-[-0.094rem] animate-[show_150ms_ease-in]\" data-testid=\"webpage-citation-pill\"><a class=\"flex h-4.5 overflow-hidden rounded-xl px-2 text-[9px] font-medium transition-colors duration-150 ease-in-out text-token-text-secondary! bg-[#F4F4F4]! dark:bg-[#303030]!\" href=\"https:\/\/www.oilonline.store\/castrol-edge-5w-30-ll-longlife?utm_source=chatgpt.com\" target=\"_blank\" rel=\"noopener\"><span class=\"relative start-0 bottom-0 flex h-full w-full items-center\"><span class=\"flex h-4 w-full items-center justify-between overflow-hidden\"><span class=\"max-w-[15ch] grow truncate overflow-hidden text-center\">oilonline.store<\/span><\/span><\/span><\/a><\/span><\/span><\/p>\n<\/li>\n<li data-start=\"2630\" data-end=\"2730\">\n<p data-start=\"2632\" data-end=\"2730\">Mantiene el rendimiento incluso <strong data-start=\"2664\" data-end=\"2688\">bajo presi\u00f3n extrema<\/strong>, gracias a la tecnolog\u00eda TITANIUM FST\u2122.<\/p>\n<\/li>\n<li data-start=\"2731\" data-end=\"2830\">\n<p data-start=\"2733\" data-end=\"2830\">Es una opci\u00f3n <strong data-start=\"2747\" data-end=\"2775\">eficiente en combustible<\/strong>, aportando mayor eficiencia t\u00e9rmica y menor consumo.<\/p>\n<\/li>\n<li data-start=\"2831\" data-end=\"2922\">\n<p data-start=\"2833\" data-end=\"2922\">Ideal tanto para conducci\u00f3n urbana como para trayectos prolongados o de alta exigencia.<\/p>\n<\/li>\n<\/ul>\n<p data-start=\"2924\" data-end=\"3100\">Descubre m\u00e1s lubricantes de la marca en nuestra secci\u00f3n de <a class=\"decorated-link cursor-pointer\" target=\"_new\" rel=\"noopener\" data-start=\"2983\" data-end=\"3080\">aceites Castrol 5W-30<\/a> (enlace interno).<\/p>\n<hr data-start=\"3102\" data-end=\"3105\" \/>\n<h3 data-start=\"3107\" data-end=\"3153\">\ud83e\uddf0 Aplicaciones y recomendaciones de uso<\/h3>\n<p data-start=\"3154\" data-end=\"3204\">El <strong data-start=\"3157\" data-end=\"3181\">castrol edge 5w30 ll<\/strong> es recomendado para:<\/p>\n<ul data-start=\"3205\" data-end=\"3519\">\n<li data-start=\"3205\" data-end=\"3311\">\n<p data-start=\"3207\" data-end=\"3311\">Turismos de gasolina y di\u00e9sel modernos que exigen aceites de especificaci\u00f3n VW 504\/507 o equivalentes.<\/p>\n<\/li>\n<li data-start=\"3312\" data-end=\"3438\">\n<p data-start=\"3314\" data-end=\"3438\">Veh\u00edculos con sistemas de postratamiento de gases (filtros DPF) que necesitan lubricantes Low SAPS o de \u00faltima generaci\u00f3n.<\/p>\n<\/li>\n<li data-start=\"3439\" data-end=\"3519\">\n<p data-start=\"3441\" data-end=\"3519\">Condiciones de conducci\u00f3n exigentes, alta carga, arranques continuados, etc.<\/p>\n<\/li>\n<\/ul>\n<p data-start=\"3521\" data-end=\"3657\">Consulta siempre el manual de tu veh\u00edculo para asegurarte de que tu modelo necesita o acepta un lubricante con estas especificaciones.<\/p>\n<hr data-start=\"3659\" data-end=\"3662\" \/>\n<h3 data-start=\"3664\" data-end=\"3684\">\ud83d\udee2\ufe0f Conclusi\u00f3n<\/h3>\n<p data-start=\"3685\" data-end=\"3984\">El <strong data-start=\"3688\" data-end=\"3712\">castrol edge 5w30 ll<\/strong> 5L representa una elecci\u00f3n premium para quienes buscan <strong data-start=\"3768\" data-end=\"3854\">la m\u00e1xima protecci\u00f3n, la mejor eficiencia y la compatibilidad con motores modernos<\/strong>. Su tecnolog\u00eda avanzada y homologaciones lo posicionan como una de las mejores opciones del mercado para conductores exigentes.<\/p>\n","protected":false},"excerpt":{"rendered":"<p>Castrol EDGE 5W-30 LL 5L: rendimiento de alto nivel para motores exigentes El castrol edge 5w30 ll es un lubricante totalmente sint\u00e9tico dise\u00f1ado para los motores m\u00e1s avanzados (gasolina y&hellip;<\/p>","protected":false},"featured_media":40586,"comment_status":"open","ping_status":"closed","template":"","meta":[],"product_brand":[],"product_cat":[327,321,347,348,323],"product_tag":[],"class_list":{"0":"post-40556","1":"product","2":"type-product","3":"status-publish","4":"has-post-thumbnail","6":"product_cat-5w30","7":"product_cat-aceites-de-motor","8":"product_cat-destacados-aceites-de-motor","9":"product_cat-lubricantes","10":"product_cat-otros","12":"first","13":"instock","14":"purchasable","15":"product-type-simple"},"_links":{"self":[{"href":"https:\/\/lubricantesauto.com\/en\/wp-json\/wp\/v2\/product\/40556","targetHints":{"allow":["GET"]}}],"collection":[{"href":"https:\/\/lubricantesauto.com\/en\/wp-json\/wp\/v2\/product"}],"about":[{"href":"https:\/\/lubricantesauto.com\/en\/wp-json\/wp\/v2\/types\/product"}],"replies":[{"embeddable":true,"href":"https:\/\/lubricantesauto.com\/en\/wp-json\/wp\/v2\/comments?post=40556"}],"wp:featuredmedia":[{"embeddable":true,"href":"https:\/\/lubricantesauto.com\/en\/wp-json\/wp\/v2\/media\/40586"}],"wp:attachment":[{"href":"https:\/\/lubricantesauto.com\/en\/wp-json\/wp\/v2\/media?parent=40556"}],"wp:term":[{"taxonomy":"product_brand","embeddable":true,"href":"https:\/\/lubricantesauto.com\/en\/wp-json\/wp\/v2\/product_brand?post=40556"},{"taxonomy":"product_cat","embeddable":true,"href":"https:\/\/lubricantesauto.com\/en\/wp-json\/wp\/v2\/product_cat?post=40556"},{"taxonomy":"product_tag","embeddable":true,"href":"https:\/\/lubricantesauto.com\/en\/wp-json\/wp\/v2\/product_tag?post=40556"}],"curies":[{"name":"wp","href":"https:\/\/api.w.org\/{rel}","templated":true}]}}