{"id":40933,"date":"2026-02-26T16:03:31","date_gmt":"2026-02-26T16:03:31","guid":{"rendered":"https:\/\/lubricantesauto.com\/?page_id=40933"},"modified":"2026-02-26T16:03:33","modified_gmt":"2026-02-26T16:03:33","slug":"politica-de-cookies","status":"publish","type":"page","link":"https:\/\/lubricantesauto.com\/en\/politica-de-cookies\/","title":{"rendered":"Pol\u00edtica de Cookies"},"content":{"rendered":"<p>Este sitio web utiliza cookies propias y de terceros para mejorar la experiencia del usuario y analizar el tr\u00e1fico.<br>Las cookies son peque\u00f1os archivos que se almacenan en su dispositivo y permiten recordar sus preferencias.<\/p>\n\n\n\n<p><strong>Tipos de cookies utilizadas:<\/strong><\/p>\n\n\n\n<ul class=\"wp-block-list\">\n<li><strong>T\u00e9cnicas:<\/strong>\u00a0necesarias para el funcionamiento del sitio.<\/li>\n\n\n\n<li><strong>Anal\u00edticas:<\/strong>\u00a0ayudan a mejorar los servicios mediante el an\u00e1lisis de uso.<\/li>\n\n\n\n<li><strong>De personalizaci\u00f3n:<\/strong>\u00a0adaptan la experiencia seg\u00fan el usuario.<\/li>\n<\/ul>\n\n\n\n<p>El usuario puede configurar o rechazar las cookies desde el banner inicial o el panel de configuraci\u00f3n.<br>Para m\u00e1s informaci\u00f3n, puede contactar con&nbsp;<a>comercio@importacionestk.com<\/a>.<\/p>\n\n\n\n<p><\/p>","protected":false},"excerpt":{"rendered":"<p>Este sitio web utiliza cookies propias y de terceros para mejorar la experiencia del usuario y analizar el tr\u00e1fico.Las cookies son peque\u00f1os archivos que se almacenan en su dispositivo y&hellip;<\/p>","protected":false},"author":1,"featured_media":0,"parent":0,"menu_order":0,"comment_status":"closed","ping_status":"closed","template":"","meta":{"footnotes":""},"class_list":["post-40933","page","type-page","status-publish","hentry"],"_hostinger_reach_plugin_has_subscription_block":false,"_hostinger_reach_plugin_is_elementor":false,"_links":{"self":[{"href":"https:\/\/lubricantesauto.com\/en\/wp-json\/wp\/v2\/pages\/40933","targetHints":{"allow":["GET"]}}],"collection":[{"href":"https:\/\/lubricantesauto.com\/en\/wp-json\/wp\/v2\/pages"}],"about":[{"href":"https:\/\/lubricantesauto.com\/en\/wp-json\/wp\/v2\/types\/page"}],"author":[{"embeddable":true,"href":"https:\/\/lubricantesauto.com\/en\/wp-json\/wp\/v2\/users\/1"}],"replies":[{"embeddable":true,"href":"https:\/\/lubricantesauto.com\/en\/wp-json\/wp\/v2\/comments?post=40933"}],"version-history":[{"count":1,"href":"https:\/\/lubricantesauto.com\/en\/wp-json\/wp\/v2\/pages\/40933\/revisions"}],"predecessor-version":[{"id":40934,"href":"https:\/\/lubricantesauto.com\/en\/wp-json\/wp\/v2\/pages\/40933\/revisions\/40934"}],"wp:attachment":[{"href":"https:\/\/lubricantesauto.com\/en\/wp-json\/wp\/v2\/media?parent=40933"}],"curies":[{"name":"wp","href":"https:\/\/api.w.org\/{rel}","templated":true}]}}