{"id":11740,"date":"2020-08-19T11:32:27","date_gmt":"2020-08-19T11:32:27","guid":{"rendered":"https:\/\/lubricantesauto.com\/?page_id=11740"},"modified":"2026-02-16T15:50:14","modified_gmt":"2026-02-16T15:50:14","slug":"about-us","status":"publish","type":"page","link":"https:\/\/lubricantesauto.com\/en\/about-us\/","title":{"rendered":"About Us"},"content":{"rendered":"<div data-elementor-type=\"wp-page\" data-elementor-id=\"11740\" class=\"elementor elementor-11740\">\n\t\t\t\t\t\t<section class=\"elementor-section elementor-top-section elementor-element elementor-element-f095308 elementor-section-boxed elementor-section-height-default elementor-section-height-default sc_fly_static\" data-id=\"f095308\" data-element_type=\"section\" data-e-type=\"section\">\n\t\t\t\t\t\t<div class=\"elementor-container elementor-column-gap-extended\">\n\t\t\t\t\t<div class=\"elementor-column elementor-col-100 elementor-top-column elementor-element elementor-element-43bb3d0 sc_content_align_inherit sc_layouts_column_icons_position_left sc_fly_static\" data-id=\"43bb3d0\" data-element_type=\"column\" data-e-type=\"column\">\n\t\t\t<div class=\"elementor-widget-wrap elementor-element-populated\">\n\t\t\t\t\t\t<div class=\"elementor-element elementor-element-6f42515 sc_layouts_hide_on_notebook sc_layouts_hide_on_tablet sc_layouts_hide_on_mobile sc_fly_static elementor-widget elementor-widget-spacer\" data-id=\"6f42515\" data-element_type=\"widget\" data-e-type=\"widget\" data-widget_type=\"spacer.default\">\n\t\t\t\t<div class=\"elementor-widget-container\">\n\t\t\t\t\t\t\t<div class=\"elementor-spacer\">\n\t\t\t<div class=\"elementor-spacer-inner\"><\/div>\n\t\t<\/div>\n\t\t\t\t\t\t<\/div>\n\t\t\t\t<\/div>\n\t\t\t\t<div class=\"elementor-element elementor-element-8976620 sc_height_huge sc_fly_static elementor-widget elementor-widget-spacer\" data-id=\"8976620\" data-element_type=\"widget\" data-e-type=\"widget\" data-widget_type=\"spacer.default\">\n\t\t\t\t<div class=\"elementor-widget-container\">\n\t\t\t\t\t\t\t<div class=\"elementor-spacer\">\n\t\t\t<div class=\"elementor-spacer-inner\"><\/div>\n\t\t<\/div>\n\t\t\t\t\t\t<\/div>\n\t\t\t\t<\/div>\n\t\t\t\t\t<\/div>\n\t\t<\/div>\n\t\t\t\t\t<\/div>\n\t\t<\/section>\n\t\t\t\t<section class=\"elementor-section elementor-top-section elementor-element elementor-element-8804e0c elementor-section-boxed elementor-section-height-default elementor-section-height-default sc_fly_static\" data-id=\"8804e0c\" data-element_type=\"section\" data-e-type=\"section\">\n\t\t\t\t\t\t<div class=\"elementor-container elementor-column-gap-extended\">\n\t\t\t\t\t<div class=\"elementor-column elementor-col-100 elementor-top-column elementor-element elementor-element-a66514b sc_content_align_inherit sc_layouts_column_icons_position_left sc_fly_static\" data-id=\"a66514b\" data-element_type=\"column\" data-e-type=\"column\">\n\t\t\t<div class=\"elementor-widget-wrap elementor-element-populated\">\n\t\t\t\t\t\t<div class=\"elementor-element elementor-element-426ae32 sc_fly_static elementor-widget elementor-widget-image\" data-id=\"426ae32\" data-element_type=\"widget\" data-e-type=\"widget\" data-widget_type=\"image.default\">\n\t\t\t\t<div class=\"elementor-widget-container\">\n\t\t\t\t\t\t\t\t\t\t\t\t\t\t\t<img fetchpriority=\"high\" decoding=\"async\" width=\"1024\" height=\"683\" src=\"https:\/\/lubricantesauto.com\/wp-content\/uploads\/2026\/01\/91FPLvmaV3L._AC_SL1500-1024x683.jpg\" class=\"attachment-large size-large wp-image-40466\" alt=\"\" srcset=\"https:\/\/lubricantesauto.com\/wp-content\/uploads\/2026\/01\/91FPLvmaV3L._AC_SL1500-1024x683.jpg 1024w, https:\/\/lubricantesauto.com\/wp-content\/uploads\/2026\/01\/91FPLvmaV3L._AC_SL1500-673x449.jpg 673w, https:\/\/lubricantesauto.com\/wp-content\/uploads\/2026\/01\/91FPLvmaV3L._AC_SL1500-300x200.jpg 300w, https:\/\/lubricantesauto.com\/wp-content\/uploads\/2026\/01\/91FPLvmaV3L._AC_SL1500-768x512.jpg 768w, https:\/\/lubricantesauto.com\/wp-content\/uploads\/2026\/01\/91FPLvmaV3L._AC_SL1500-370x247.jpg 370w, https:\/\/lubricantesauto.com\/wp-content\/uploads\/2026\/01\/91FPLvmaV3L._AC_SL1500-840x560.jpg 840w, https:\/\/lubricantesauto.com\/wp-content\/uploads\/2026\/01\/91FPLvmaV3L._AC_SL1500-410x273.jpg 410w, https:\/\/lubricantesauto.com\/wp-content\/uploads\/2026\/01\/91FPLvmaV3L._AC_SL1500.jpg 1500w\" sizes=\"(max-width: 1024px) 100vw, 1024px\" \/>\t\t\t\t\t\t\t\t\t\t\t\t\t\t\t<\/div>\n\t\t\t\t<\/div>\n\t\t\t\t\t<\/div>\n\t\t<\/div>\n\t\t\t\t\t<\/div>\n\t\t<\/section>\n\t\t\t\t<section class=\"elementor-section elementor-top-section elementor-element elementor-element-015ee68 elementor-section-boxed elementor-section-height-default elementor-section-height-default sc_fly_static\" data-id=\"015ee68\" data-element_type=\"section\" data-e-type=\"section\">\n\t\t\t\t\t\t<div class=\"elementor-container elementor-column-gap-extended\">\n\t\t\t\t\t<div class=\"elementor-column elementor-col-100 elementor-top-column elementor-element elementor-element-4dedad6 sc_content_align_inherit sc_layouts_column_icons_position_left sc_fly_static\" data-id=\"4dedad6\" data-element_type=\"column\" data-e-type=\"column\">\n\t\t\t<div class=\"elementor-widget-wrap elementor-element-populated\">\n\t\t\t\t\t\t<div class=\"elementor-element elementor-element-679b2e0 elementor-widget__width-initial sc_fly_static elementor-widget elementor-widget-trx_sc_title\" data-id=\"679b2e0\" data-element_type=\"widget\" data-e-type=\"widget\" data-widget_type=\"trx_sc_title.default\">\n\t\t\t\t<div class=\"elementor-widget-container\">\n\t\t\t\t\t<div\t\tclass=\"sc_title sc_title_default\" ><h1 class=\"sc_item_title sc_title_title sc_item_title_style_default sc_item_title_tag\"\n\t\t\t><span class=\"sc_item_title_text\">SOBRE NOSOTROS<\/span><\/h1><div class=\"sc_item_descr sc_title_descr\"><p>En LubricantesAuto.com somos una tienda especializada en la venta de aceites, lubricantes y aditivos para coches y motos online de las mejores marcas del mercado, como Castrol, Repsol, Total, Petronas y Wynn\u2019s.<br \/>\nNuestro compromiso es ofrecer productos 100% originales, de calidad profesional y al mejor precio online, para que tu veh\u00edculo rinda siempre al m\u00e1ximo.<\/p>\n<p>Con a\u00f1os de experiencia en el sector de la automoci\u00f3n, hemos creado una tienda online dise\u00f1ada para ahorrar tiempo y dinero a conductores, talleres y aficionados al motor, ofreciendo un cat\u00e1logo amplio y actualizado con las \u00faltimas referencias en aceites de motor, l\u00edquidos de frenos, refrigerantes, limpiadores de inyectores y tratamientos especializados.<\/p>\n<\/div><\/div>\t\t\t\t<\/div>\n\t\t\t\t<\/div>\n\t\t\t\t\t<\/div>\n\t\t<\/div>\n\t\t\t\t\t<\/div>\n\t\t<\/section>\n\t\t\t\t<section class=\"elementor-section elementor-top-section elementor-element elementor-element-69c29fe elementor-section-boxed elementor-section-height-default elementor-section-height-default sc_fly_static\" data-id=\"69c29fe\" data-element_type=\"section\" data-e-type=\"section\" data-settings=\"{&quot;background_background&quot;:&quot;classic&quot;}\">\n\t\t\t\t\t\t<div class=\"elementor-container elementor-column-gap-extended\">\n\t\t\t\t\t<div class=\"elementor-column elementor-col-100 elementor-top-column elementor-element elementor-element-2e1132f sc_content_align_inherit sc_layouts_column_icons_position_left sc_fly_static\" data-id=\"2e1132f\" data-element_type=\"column\" data-e-type=\"column\">\n\t\t\t<div class=\"elementor-widget-wrap\">\n\t\t\t\t\t\t\t<\/div>\n\t\t<\/div>\n\t\t\t\t\t<\/div>\n\t\t<\/section>\n\t\t\t\t<section class=\"elementor-section elementor-top-section elementor-element elementor-element-10ca0c7 elementor-section-full_width elementor-section-height-min-height elementor-section-items-stretch scheme_default elementor-section-height-default sc_fly_static\" data-id=\"10ca0c7\" data-element_type=\"section\" data-e-type=\"section\" data-settings=\"{&quot;background_background&quot;:&quot;classic&quot;}\">\n\t\t\t\t\t\t<div class=\"elementor-container elementor-column-gap-extended\">\n\t\t\t\t\t<div class=\"elementor-column elementor-col-50 elementor-top-column elementor-element elementor-element-6084872 sc_content_align_inherit sc_layouts_column_icons_position_left sc_fly_static\" data-id=\"6084872\" data-element_type=\"column\" data-e-type=\"column\">\n\t\t\t<div class=\"elementor-widget-wrap elementor-element-populated\">\n\t\t\t\t\t\t<div class=\"elementor-element elementor-element-8ee698a sc_fly_static elementor-widget elementor-widget-image\" data-id=\"8ee698a\" data-element_type=\"widget\" data-e-type=\"widget\" data-widget_type=\"image.default\">\n\t\t\t\t<div class=\"elementor-widget-container\">\n\t\t\t\t\t\t\t\t\t\t\t\t\t\t\t<img decoding=\"async\" src=\"https:\/\/lubricantesauto.com\/wp-content\/uploads\/elementor\/thumbs\/Black-Synthetic-Motor-Oil-Instagram-Story-ricc1s30hmz8nqz8q2aakcelsh7bqoz49c1ir2aqjy.jpg\" title=\"Black Synthetic Motor Oil Instagram Story\" alt=\"Black Synthetic Motor Oil Instagram Story\" loading=\"lazy\" \/>\t\t\t\t\t\t\t\t\t\t\t\t\t\t\t<\/div>\n\t\t\t\t<\/div>\n\t\t\t\t\t<\/div>\n\t\t<\/div>\n\t\t\t\t<div class=\"elementor-column elementor-col-50 elementor-top-column elementor-element elementor-element-7b17a24 sc_content_align_inherit sc_layouts_column_icons_position_left sc_fly_static\" data-id=\"7b17a24\" data-element_type=\"column\" data-e-type=\"column\">\n\t\t\t<div class=\"elementor-widget-wrap elementor-element-populated\">\n\t\t\t\t\t\t<div class=\"elementor-element elementor-element-6a1857f elementor-widget__width-initial sc_fly_static elementor-widget elementor-widget-trx_sc_title\" data-id=\"6a1857f\" data-element_type=\"widget\" data-e-type=\"widget\" data-widget_type=\"trx_sc_title.default\">\n\t\t\t\t<div class=\"elementor-widget-container\">\n\t\t\t\t\t<div\t\tclass=\"sc_title sc_title_default\" ><h1 class=\"sc_item_title sc_title_title sc_item_title_style_default sc_item_title_tag\"\n\t\t\t><span class=\"sc_item_title_text\">NUESTRA MISI\u00d3N<\/span><\/h1><\/div>\t\t\t\t<\/div>\n\t\t\t\t<\/div>\n\t\t\t\t<section class=\"elementor-section elementor-inner-section elementor-element elementor-element-bc09288 elementor-section-boxed elementor-section-height-default elementor-section-height-default sc_fly_static\" data-id=\"bc09288\" data-element_type=\"section\" data-e-type=\"section\">\n\t\t\t\t\t\t<div class=\"elementor-container elementor-column-gap-no\">\n\t\t\t\t\t<div class=\"elementor-column elementor-col-100 elementor-inner-column elementor-element elementor-element-49badf4 sc_content_align_inherit sc_layouts_column_icons_position_left sc_fly_static\" data-id=\"49badf4\" data-element_type=\"column\" data-e-type=\"column\">\n\t\t\t<div class=\"elementor-widget-wrap elementor-element-populated\">\n\t\t\t\t\t\t<div class=\"elementor-element elementor-element-c9d10e0 sc_fly_static elementor-widget elementor-widget-spacer\" data-id=\"c9d10e0\" data-element_type=\"widget\" data-e-type=\"widget\" data-widget_type=\"spacer.default\">\n\t\t\t\t<div class=\"elementor-widget-container\">\n\t\t\t\t\t\t\t<div class=\"elementor-spacer\">\n\t\t\t<div class=\"elementor-spacer-inner\"><\/div>\n\t\t<\/div>\n\t\t\t\t\t\t<\/div>\n\t\t\t\t<\/div>\n\t\t\t\t<div class=\"elementor-element elementor-element-dbde5ed elementor-widget__width-initial sc_fly_static elementor-widget elementor-widget-trx_sc_title\" data-id=\"dbde5ed\" data-element_type=\"widget\" data-e-type=\"widget\" data-widget_type=\"trx_sc_title.default\">\n\t\t\t\t<div class=\"elementor-widget-container\">\n\t\t\t\t\t<div\t\tclass=\"sc_title sc_title_default\" ><div class=\"sc_item_descr sc_title_descr\"><p>Nuestra misi\u00f3n es sencilla: garantizar el m\u00e1ximo rendimiento y protecci\u00f3n de tu motor.<br \/>\nSabemos que la elecci\u00f3n del lubricante adecuado es clave para prolongar la vida \u00fatil del veh\u00edculo, y por eso trabajamos solo con marcas reconocidas y productos homologados por los principales fabricantes de autom\u00f3viles.<\/p>\n<p>Queremos ser tu tienda de confianza, ofreciendo un servicio r\u00e1pido, precios competitivos y atenci\u00f3n personalizada para ayudarte a encontrar exactamente lo que necesita tu veh\u00edculo.<\/p>\n<\/div><\/div>\t\t\t\t<\/div>\n\t\t\t\t<\/div>\n\t\t\t\t\t<\/div>\n\t\t<\/div>\n\t\t\t\t\t<\/div>\n\t\t<\/section>\n\t\t\t\t\t<\/div>\n\t\t<\/div>\n\t\t\t\t\t<\/div>\n\t\t<\/section>\n\t\t\t\t<section data-animation-type=\"sequental\" data-animation-stagger=\"\" class=\"elementor-section elementor-top-section elementor-element elementor-element-9cbc4cd scheme_default elementor-section-content-middle animation_type_sequental elementor-section-boxed elementor-section-height-default elementor-section-height-default sc_fly_static elementor-invisible\" data-id=\"9cbc4cd\" data-element_type=\"section\" data-e-type=\"section\" data-settings=\"{&quot;background_background&quot;:&quot;classic&quot;,&quot;animation&quot;:&quot;tuning-fadeinup&quot;,&quot;animation_delay&quot;:100}\">\n\t\t\t\t\t\t<div class=\"elementor-container elementor-column-gap-extended\">\n\t\t\t\t\t<div class=\"elementor-column elementor-col-50 elementor-top-column elementor-element elementor-element-4d65261 sc_content_align_inherit sc_layouts_column_icons_position_left sc_fly_static\" data-id=\"4d65261\" data-element_type=\"column\" data-e-type=\"column\" data-settings=\"{&quot;background_background&quot;:&quot;classic&quot;}\">\n\t\t\t<div class=\"elementor-widget-wrap\">\n\t\t\t\t\t\t\t<\/div>\n\t\t<\/div>\n\t\t\t\t<div class=\"elementor-column elementor-col-50 elementor-top-column elementor-element elementor-element-4daf2f1 sc_content_align_inherit sc_layouts_column_icons_position_left sc_fly_static\" data-id=\"4daf2f1\" data-element_type=\"column\" data-e-type=\"column\">\n\t\t\t<div class=\"elementor-widget-wrap elementor-element-populated\">\n\t\t\t\t\t\t<div class=\"elementor-element elementor-element-1145e3a sc_fly_static elementor-widget elementor-widget-trx_sc_title\" data-id=\"1145e3a\" data-element_type=\"widget\" data-e-type=\"widget\" data-widget_type=\"trx_sc_title.default\">\n\t\t\t\t<div class=\"elementor-widget-container\">\n\t\t\t\t\t<div\t\tclass=\"sc_title sc_title_default\" ><h1 class=\"sc_item_title sc_title_title sc_item_title_style_default sc_item_title_tag\"\n\t\t\t><span class=\"sc_item_title_text\">\u00bfPORQUE ELEGIRNOS?<\/span><\/h1><\/div>\t\t\t\t<\/div>\n\t\t\t\t<\/div>\n\t\t\t\t<div class=\"elementor-element elementor-element-de1d290 sc_fly_static elementor-widget elementor-widget-spacer\" data-id=\"de1d290\" data-element_type=\"widget\" data-e-type=\"widget\" data-widget_type=\"spacer.default\">\n\t\t\t\t<div class=\"elementor-widget-container\">\n\t\t\t\t\t\t\t<div class=\"elementor-spacer\">\n\t\t\t<div class=\"elementor-spacer-inner\"><\/div>\n\t\t<\/div>\n\t\t\t\t\t\t<\/div>\n\t\t\t\t<\/div>\n\t\t\t\t<div class=\"elementor-element elementor-element-b8489ce sc_fly_static elementor-widget elementor-widget-text-editor\" data-id=\"b8489ce\" data-element_type=\"widget\" data-e-type=\"widget\" data-widget_type=\"text-editor.default\">\n\t\t\t\t<div class=\"elementor-widget-container\">\n\t\t\t\t\t\t\t\t\t<p>En\u00a0<strong data-start=\"1876\" data-end=\"1899\">LubricantesAuto.com<\/strong>, creemos que el mantenimiento del motor no tiene por qu\u00e9 ser complicado. Nuestra plataforma est\u00e1 pensada para que compres de forma f\u00e1cil, segura y con la confianza de estar adquiriendo\u00a0<strong data-start=\"2085\" data-end=\"2121\">productos de calidad profesional<\/strong>.<\/p>\t\t\t\t\t\t\t\t<\/div>\n\t\t\t\t<\/div>\n\t\t\t\t<div class=\"elementor-element elementor-element-347714a sc_fly_static elementor-widget elementor-widget-spacer\" data-id=\"347714a\" data-element_type=\"widget\" data-e-type=\"widget\" data-widget_type=\"spacer.default\">\n\t\t\t\t<div class=\"elementor-widget-container\">\n\t\t\t\t\t\t\t<div class=\"elementor-spacer\">\n\t\t\t<div class=\"elementor-spacer-inner\"><\/div>\n\t\t<\/div>\n\t\t\t\t\t\t<\/div>\n\t\t\t\t<\/div>\n\t\t\t\t<div class=\"elementor-element elementor-element-32b0197 sc_fly_static elementor-widget elementor-widget-text-editor\" data-id=\"32b0197\" data-element_type=\"widget\" data-e-type=\"widget\" data-widget_type=\"text-editor.default\">\n\t\t\t\t<div class=\"elementor-widget-container\">\n\t\t\t\t\t\t\t\t\t<ul class=\"trx_addons_list_success\"><li><strong data-start=\"1627\" data-end=\"1667\">Productos originales y certificados.<\/strong><\/li><li><strong data-start=\"1672\" data-end=\"1718\">Precios competitivos y ofertas exclusivas.<\/strong><\/li><li><strong data-start=\"1723\" data-end=\"1761\">Atenci\u00f3n al cliente especializada.<\/strong><\/li><li><strong data-start=\"1766\" data-end=\"1809\">Env\u00edos r\u00e1pidos y seguros a toda Espa\u00f1a.<\/strong><\/li><li><strong data-start=\"1814\" data-end=\"1869\">Pagos 100% seguros y m\u00faltiples m\u00e9todos disponibles.<\/strong><\/li><\/ul>\t\t\t\t\t\t\t\t<\/div>\n\t\t\t\t<\/div>\n\t\t\t\t<div class=\"elementor-element elementor-element-b379256 sc_fly_static elementor-widget elementor-widget-spacer\" data-id=\"b379256\" data-element_type=\"widget\" data-e-type=\"widget\" data-widget_type=\"spacer.default\">\n\t\t\t\t<div class=\"elementor-widget-container\">\n\t\t\t\t\t\t\t<div class=\"elementor-spacer\">\n\t\t\t<div class=\"elementor-spacer-inner\"><\/div>\n\t\t<\/div>\n\t\t\t\t\t\t<\/div>\n\t\t\t\t<\/div>\n\t\t\t\t\t<\/div>\n\t\t<\/div>\n\t\t\t\t\t<\/div>\n\t\t<\/section>\n\t\t\t\t<section class=\"elementor-section elementor-top-section elementor-element elementor-element-9215d93 elementor-section-boxed elementor-section-height-default elementor-section-height-default sc_fly_static\" data-id=\"9215d93\" data-element_type=\"section\" data-e-type=\"section\">\n\t\t\t\t\t\t<div class=\"elementor-container elementor-column-gap-extended\">\n\t\t\t\t\t<div class=\"elementor-column elementor-col-100 elementor-top-column elementor-element elementor-element-16954cd sc_content_align_inherit sc_layouts_column_icons_position_left sc_fly_static\" data-id=\"16954cd\" data-element_type=\"column\" data-e-type=\"column\">\n\t\t\t<div class=\"elementor-widget-wrap elementor-element-populated\">\n\t\t\t\t\t\t<div class=\"elementor-element elementor-element-0569170 elementor-widget__width-initial sc_fly_static elementor-widget elementor-widget-trx_sc_title\" data-id=\"0569170\" data-element_type=\"widget\" data-e-type=\"widget\" data-widget_type=\"trx_sc_title.default\">\n\t\t\t\t<div class=\"elementor-widget-container\">\n\t\t\t\t\t<div\t\tclass=\"sc_title sc_title_default\" ><h1 class=\"sc_item_title sc_title_title sc_item_title_style_default sc_item_title_tag\"\n\t\t\t><span class=\"sc_item_title_text\">NUESTROS PRODUCTOS Y ESPECIALIDADES<\/span><\/h1><div class=\"sc_item_descr sc_title_descr\"><p>En LubricantesAuto.com encontrar\u00e1s un cat\u00e1logo completo de productos para el mantenimiento de tu veh\u00edculo, cuidadosamente seleccionados por su calidad y fiabilidad.<br \/>\nOfrecemos una amplia variedad de aceites de motor para coches, motos y veh\u00edculos industriales, incluyendo aceites sint\u00e9ticos y semisint\u00e9ticos de marcas l\u00edderes como Castrol, Repsol, Total y Petronas.<\/p>\n<p>Adem\u00e1s, somos especialistas en aditivos y tratamientos de motor, como limpiadores de inyectores di\u00e9sel y gasolina, limpiadores de DPF o tratamientos anticristales AdBlue, dise\u00f1ados para mejorar el rendimiento, reducir emisiones y proteger el sistema de combusti\u00f3n.<\/p>\n<p>Tambi\u00e9n disponemos de lubricantes industriales y fluidos t\u00e9cnicos para profesionales y talleres, todos con garant\u00eda de origen y certificaciones oficiales.<br \/>\nNuestro compromiso es ofrecerte siempre productos originales, eficaces y adaptados a las necesidades de tu veh\u00edculo, con una relaci\u00f3n calidad-precio insuperable.<\/p>\n<p>En LubricantesAuto.com, no solo vendemos productos: te ayudamos a cuidar tu motor, ahorrar en mantenimiento y prolongar la vida \u00fatil de tu veh\u00edculo. Somos la mejor tienda de aceites y aditivos online<\/p>\n<\/div><\/div>\t\t\t\t<\/div>\n\t\t\t\t<\/div>\n\t\t\t\t\t<\/div>\n\t\t<\/div>\n\t\t\t\t\t<\/div>\n\t\t<\/section>\n\t\t\t\t<section class=\"elementor-section elementor-top-section elementor-element elementor-element-323bb6c elementor-section-boxed elementor-section-height-default elementor-section-height-default sc_fly_static\" data-id=\"323bb6c\" data-element_type=\"section\" data-e-type=\"section\">\n\t\t\t\t\t\t<div class=\"elementor-container elementor-column-gap-extended\">\n\t\t\t\t\t<div class=\"elementor-column elementor-col-100 elementor-top-column elementor-element elementor-element-d69575d sc_content_align_inherit sc_layouts_column_icons_position_left sc_fly_static\" data-id=\"d69575d\" data-element_type=\"column\" data-e-type=\"column\">\n\t\t\t<div class=\"elementor-widget-wrap elementor-element-populated\">\n\t\t\t\t\t\t<div class=\"elementor-element elementor-element-5ee3f27 sc_height_huge sc_fly_static elementor-widget elementor-widget-spacer\" data-id=\"5ee3f27\" data-element_type=\"widget\" data-e-type=\"widget\" data-widget_type=\"spacer.default\">\n\t\t\t\t<div class=\"elementor-widget-container\">\n\t\t\t\t\t\t\t<div class=\"elementor-spacer\">\n\t\t\t<div class=\"elementor-spacer-inner\"><\/div>\n\t\t<\/div>\n\t\t\t\t\t\t<\/div>\n\t\t\t\t<\/div>\n\t\t\t\t<div class=\"elementor-element elementor-element-b00fb92 sc_layouts_hide_on_notebook sc_layouts_hide_on_tablet sc_layouts_hide_on_mobile sc_fly_static elementor-widget elementor-widget-spacer\" data-id=\"b00fb92\" data-element_type=\"widget\" data-e-type=\"widget\" data-widget_type=\"spacer.default\">\n\t\t\t\t<div class=\"elementor-widget-container\">\n\t\t\t\t\t\t\t<div class=\"elementor-spacer\">\n\t\t\t<div class=\"elementor-spacer-inner\"><\/div>\n\t\t<\/div>\n\t\t\t\t\t\t<\/div>\n\t\t\t\t<\/div>\n\t\t\t\t\t<\/div>\n\t\t<\/div>\n\t\t\t\t\t<\/div>\n\t\t<\/section>\n\t\t\t\t<\/div>","protected":false},"excerpt":{"rendered":"<p>SOBRE NOSOTROS En LubricantesAuto.com somos una tienda especializada en la venta de aceites, lubricantes y aditivos para coches y motos online de las mejores marcas del mercado, como Castrol, Repsol,&hellip;<\/p>","protected":false},"author":1,"featured_media":0,"parent":0,"menu_order":0,"comment_status":"closed","ping_status":"closed","template":"","meta":{"footnotes":""},"class_list":["post-11740","page","type-page","status-publish","hentry"],"_hostinger_reach_plugin_has_subscription_block":false,"_hostinger_reach_plugin_is_elementor":false,"_links":{"self":[{"href":"https:\/\/lubricantesauto.com\/en\/wp-json\/wp\/v2\/pages\/11740","targetHints":{"allow":["GET"]}}],"collection":[{"href":"https:\/\/lubricantesauto.com\/en\/wp-json\/wp\/v2\/pages"}],"about":[{"href":"https:\/\/lubricantesauto.com\/en\/wp-json\/wp\/v2\/types\/page"}],"author":[{"embeddable":true,"href":"https:\/\/lubricantesauto.com\/en\/wp-json\/wp\/v2\/users\/1"}],"replies":[{"embeddable":true,"href":"https:\/\/lubricantesauto.com\/en\/wp-json\/wp\/v2\/comments?post=11740"}],"version-history":[{"count":18,"href":"https:\/\/lubricantesauto.com\/en\/wp-json\/wp\/v2\/pages\/11740\/revisions"}],"predecessor-version":[{"id":40551,"href":"https:\/\/lubricantesauto.com\/en\/wp-json\/wp\/v2\/pages\/11740\/revisions\/40551"}],"wp:attachment":[{"href":"https:\/\/lubricantesauto.com\/en\/wp-json\/wp\/v2\/media?parent=11740"}],"curies":[{"name":"wp","href":"https:\/\/api.w.org\/{rel}","templated":true}]}}